{"id":98,"date":"2011-01-02T17:25:54","date_gmt":"2011-01-02T16:25:54","guid":{"rendered":"http:\/\/cornelia.siteware.ch\/cms\/?page_id=98"},"modified":"2014-04-12T08:27:40","modified_gmt":"2014-04-12T07:27:40","slug":"hilfsmittel-phonetik","status":"publish","type":"page","link":"https:\/\/cornelia.siteware.ch\/cms\/didaktik\/aussprache-didaktik\/hilfsmittel-phonetik","title":{"rendered":"Hilfsmittel f\u00fcr Aussprache und Phonetik"},"content":{"rendered":"<p><strong>Audio: Aufnahme, Bearbeitung und Analyse<br \/>\n<\/strong><\/p>\n<ul>\n<li><strong>Beitrag zu <a href=\"..\/..\/blog\/wordpress\/2009\/02\/28\/praat-phonetisches-analyse-programm\">Praat<\/a><\/strong> (phonetisches Analyseprogramm) im Fremdsprachenunterricht.<\/li>\n<\/ul>\n<p><strong>Fachbegriffe, Regeln, Tipps zur Anbildung von Lauten<br \/>\n<\/strong><\/p>\n<ul>\n<li>Die wichtigsten phonetischen Fachbegriffe und Regeln der deutschen Aussprache.<a href=\"http:\/\/www.staff.amu.edu.pl\/%7Etaborek\/grammatik\/phonetik\/phonetik.html\"><br \/>\nhttp:\/\/www.staff.amu.edu.pl\/~taborek\/grammatik\/phonetik\/phonetik.html<\/a><\/li>\n<li><strong>Fonetiks<\/strong>:\u00a0 Animationen von Einzellauten. Die Laute sind mit den entsprechenden Fachtermini benannt. Lernende brauchen also evtl. Hilfe beim Finden der Laute.<br \/>\n<a href=\"http:\/\/www.uiowa.edu\/%7Eacadtech\/phonetics\/\">http:\/\/www.uiowa.edu\/~acadtech\/phonetics\/<\/a><\/li>\n<li><strong>Ausspracheschulung: Regeln, Hinweise zum Anbilden und zur Korrektur von Fehlern<\/strong> (Julia Settinieri, Uni Bielefeld). Die Seite bietet einen guten \u00dcberblick \u00fcber die wichtigsten Aussprachethemen. F\u00fcr Leute, die sich noch nie mit Aussprache besch\u00e4ftigt haben, sind die Hinweise zur Anbildung von Lauten vermutlich etwas zu knapp. Aber f\u00fcr Leute, die sich schon l\u00e4nger mit der Thematik auseinandersetzen oder als erster \u00dcberblick sind sie gut geeignet.<br \/>\n<a href=\"http:\/\/www.uni-bielefeld.de\/lili\/studium\/faecher\/daf\/personen\/richter_julia\/lehre\/ausspracheschulung\/index.html\">http:\/\/www.uni-bielefeld.de\/lili\/studium\/faecher\/daf\/personen\/richter_julia\/lehre\/ausspracheschulung\/index.html<\/a><\/li>\n<li><strong>Phonetiktricks<\/strong> (<a href=\"http:\/\/www2.klett.de\/sixcms\/list.php?page=lehrwerk_extra&amp;titelfamilie=Aussichten&amp;extra=Aussichten-Online&amp;modul=inhaltsammlung&amp;inhalt=klett71prod_1.c.1688761.de&amp;kapitel=1688762\">http:\/\/www2.klett.de\/sixcms\/list.php?page=lehrwerk_extra&amp;titelfamilie=Aussichten&amp;extra=Aussichten-Online&amp;modul=inhaltsammlung&amp;inhalt=klett71prod_1.c.1688761.de&amp;kapitel=1688762<\/a>): Videos, die verschiedene Ausspracheph\u00e4nomene veranschaulichen. Eine kommentierte Zusammenstellung der Videos aus dem DaF-Blog ist <a href=\"http:\/\/cornelia.siteware.ch\/blog\/wordpress\/2013\/10\/17\/phonetiktricks\">hier<\/a> zu finden.<\/li>\n<li>Atlas zur Aussprache es deutschen Gebrauchsstandards: <a href=\"http:\/\/prowiki.ids-mannheim.de\/bin\/view\/AADG\/WebHome\">http:\/\/prowiki.ids-mannheim.de\/bin\/view\/AADG\/WebHome<\/a><\/li>\n<\/ul>\n<p><strong>IPA<\/strong><\/p>\n<ul>\n<li>Hauptseite der International Phonetic Association. Hier findet man alles rund um das Alphabet der IPA. U.a. auch Fonts zum downloaden.<a href=\"http:\/\/www.langsci.ucl.ac.uk\/ipa\/\"><br \/>\nhttp:\/\/www.arts.gla.ac.uk\/IPA\/ipa.html<\/a><\/li>\n<li>Type it: Online-Editor zum <strong>Schreiben<\/strong> von IPA<br \/>\n<a href=\"http:\/\/ipa.typeit.org\/full\/\">http:\/\/ipa.typeit.org\/full\/<\/a><\/li>\n<li>E-Laut: IPA-Symbole mit deutschen H\u00f6rbeispielen<br \/>\n<a href=\"http:\/\/www.coli.uni-saarland.de\/elaut\/sampaMain.htm\">http:\/\/www.coli.uni-saarland.de\/elaut\/sampaMain.htm<\/a><\/li>\n<\/ul>\n<p><strong>W\u00f6rterb\u00fccher<\/strong><\/p>\n<ul>\n<li><a title=\"Aussprachew\u00f6rterb\u00fccher\" href=\"http:\/\/cornelia.siteware.ch\/cms\/didaktik\/aussprache-didaktik\/phonetikliteratur\/ausspracheworterbucher\">Print-W\u00f6rterb\u00fccher zur Aussprache<\/a><\/li>\n<li><a title=\"W\u00f6rterb\u00fccher mit Ausspracheangaben\" href=\"http:\/\/cornelia.siteware.ch\/cms\/daf-daz-2\/aussprache\/worterbucher-mit-ausspracheangaben\">Online-W\u00f6rterb\u00fccher mit Ausspracheangaben<\/a><\/li>\n<\/ul>\n","protected":false},"excerpt":{"rendered":"<p>Audio: Aufnahme, Bearbeitung und Analyse Beitrag zu Praat (phonetisches Analyseprogramm) im Fremdsprachenunterricht. Fachbegriffe, Regeln, Tipps zur Anbildung von Lauten Die wichtigsten phonetischen Fachbegriffe und Regeln der deutschen Aussprache. http:\/\/www.staff.amu.edu.pl\/~taborek\/grammatik\/phonetik\/phonetik.html Fonetiks:\u00a0 Animationen von Einzellauten. Die Laute sind mit den entsprechenden Fachtermini benannt. Lernende brauchen also evtl. Hilfe beim Finden der Laute. http:\/\/www.uiowa.edu\/~acadtech\/phonetics\/ Ausspracheschulung: Regeln, Hinweise zum <a href='https:\/\/cornelia.siteware.ch\/cms\/didaktik\/aussprache-didaktik\/hilfsmittel-phonetik' class='excerpt-more'>[&#8230;]<\/a><\/p>\n","protected":false},"author":4,"featured_media":0,"parent":153,"menu_order":0,"comment_status":"closed","ping_status":"closed","template":"","meta":{"footnotes":"","_links_to":"","_links_to_target":""},"_links":{"self":[{"href":"https:\/\/cornelia.siteware.ch\/cms\/wp-json\/wp\/v2\/pages\/98"}],"collection":[{"href":"https:\/\/cornelia.siteware.ch\/cms\/wp-json\/wp\/v2\/pages"}],"about":[{"href":"https:\/\/cornelia.siteware.ch\/cms\/wp-json\/wp\/v2\/types\/page"}],"author":[{"embeddable":true,"href":"https:\/\/cornelia.siteware.ch\/cms\/wp-json\/wp\/v2\/users\/4"}],"replies":[{"embeddable":true,"href":"https:\/\/cornelia.siteware.ch\/cms\/wp-json\/wp\/v2\/comments?post=98"}],"version-history":[{"count":23,"href":"https:\/\/cornelia.siteware.ch\/cms\/wp-json\/wp\/v2\/pages\/98\/revisions"}],"predecessor-version":[{"id":160,"href":"https:\/\/cornelia.siteware.ch\/cms\/wp-json\/wp\/v2\/pages\/98\/revisions\/160"}],"up":[{"embeddable":true,"href":"https:\/\/cornelia.siteware.ch\/cms\/wp-json\/wp\/v2\/pages\/153"}],"wp:attachment":[{"href":"https:\/\/cornelia.siteware.ch\/cms\/wp-json\/wp\/v2\/media?parent=98"}],"curies":[{"name":"wp","href":"https:\/\/api.w.org\/{rel}","templated":true}]}}