{"id":763,"date":"2011-10-17T22:01:03","date_gmt":"2011-10-17T21:01:03","guid":{"rendered":"http:\/\/cornelia.siteware.ch\/cms"},"modified":"2012-07-13T23:01:36","modified_gmt":"2012-07-13T22:01:36","slug":"nationale-varietaten","status":"publish","type":"page","link":"https:\/\/cornelia.siteware.ch\/cms\/daf-daz-2\/landeskunde\/varietaten\/nationale-varietaten","title":{"rendered":"Nationale Variet\u00e4ten"},"content":{"rendered":"<h4>allgemeine Nachschlagewerke<\/h4>\n<ul>\n<li>C4-Korpus: <a href=\"http:\/\/chtk.unibas.ch\/korpus-c4\/search\">http:\/\/chtk.unibas.ch\/korpus-c4\/search<\/a><\/li>\n<li>Duden &#8211; Rechtschreibung: <a href=\"http:\/\/www.duden.de\/rechtschreibung\/\">http:\/\/www.duden.de\/rechtschreibung\/<\/a><\/li>\n<\/ul>\n<h4>\u00d6sterreichische Variet\u00e4t<\/h4>\n<div id=\"content\">\n<div>\n<p><a href=\"http:\/\/www.hoertexte-deutsch.at\/\">http:\/\/www.hoertexte-deutsch.at\/<\/a>: H\u00f6rtexte zu Alltagsthemen in \u00f6sterreichischem Deutsch. Arbeitsbl\u00e4tter zu jedem H\u00f6rtext. Ohne L\u00f6sungen, aber mit Transkriptionen.<\/p>\n<\/div>\n<\/div>\n","protected":false},"excerpt":{"rendered":"<p>allgemeine Nachschlagewerke C4-Korpus: http:\/\/chtk.unibas.ch\/korpus-c4\/search Duden &#8211; Rechtschreibung: http:\/\/www.duden.de\/rechtschreibung\/ \u00d6sterreichische Variet\u00e4t http:\/\/www.hoertexte-deutsch.at\/: H\u00f6rtexte zu Alltagsthemen in \u00f6sterreichischem Deutsch. Arbeitsbl\u00e4tter zu jedem H\u00f6rtext. Ohne L\u00f6sungen, aber mit Transkriptionen.<\/p>\n","protected":false},"author":4,"featured_media":0,"parent":370,"menu_order":0,"comment_status":"closed","ping_status":"closed","template":"","meta":{"footnotes":"","_links_to":"","_links_to_target":""},"_links":{"self":[{"href":"https:\/\/cornelia.siteware.ch\/cms\/wp-json\/wp\/v2\/pages\/763"}],"collection":[{"href":"https:\/\/cornelia.siteware.ch\/cms\/wp-json\/wp\/v2\/pages"}],"about":[{"href":"https:\/\/cornelia.siteware.ch\/cms\/wp-json\/wp\/v2\/types\/page"}],"author":[{"embeddable":true,"href":"https:\/\/cornelia.siteware.ch\/cms\/wp-json\/wp\/v2\/users\/4"}],"replies":[{"embeddable":true,"href":"https:\/\/cornelia.siteware.ch\/cms\/wp-json\/wp\/v2\/comments?post=763"}],"version-history":[{"count":4,"href":"https:\/\/cornelia.siteware.ch\/cms\/wp-json\/wp\/v2\/pages\/763\/revisions"}],"predecessor-version":[{"id":1688,"href":"https:\/\/cornelia.siteware.ch\/cms\/wp-json\/wp\/v2\/pages\/763\/revisions\/1688"}],"up":[{"embeddable":true,"href":"https:\/\/cornelia.siteware.ch\/cms\/wp-json\/wp\/v2\/pages\/370"}],"wp:attachment":[{"href":"https:\/\/cornelia.siteware.ch\/cms\/wp-json\/wp\/v2\/media?parent=763"}],"curies":[{"name":"wp","href":"https:\/\/api.w.org\/{rel}","templated":true}]}}