{"id":755,"date":"2011-10-17T07:22:25","date_gmt":"2011-10-17T06:22:25","guid":{"rendered":"http:\/\/cornelia.siteware.ch\/cms"},"modified":"2012-07-13T22:56:44","modified_gmt":"2012-07-13T21:56:44","slug":"dialekte","status":"publish","type":"page","link":"https:\/\/cornelia.siteware.ch\/cms\/daf-daz-2\/landeskunde\/varietaten\/dialekte","title":{"rendered":"Dialekte"},"content":{"rendered":"<h4>Schweizer Dialekte<\/h4>\n<p><strong>Dialekt versus Standardsprache<\/strong> (DaF-Blog). Derselbe Text auf Dialekt (H\u00f6rbeispiel) und Hochdeutsch. Kommentar zu einigen wichtigen Unterschieden.<br \/>\n<a href=\"blog\/wordpress\/2008\/08\/15\/dialekt-versus-standardsprache\">http:\/\/cornelia.siteware.ch\/blog\/wordpress\/2008\/08\/15\/dialekt-versus-standardsprache<\/a><\/p>\n<p><strong>Linkliste<\/strong>. Links zu Dialektbeispielen und Instituten, die sich mit Dialekten befassen.<br \/>\n<a href=\"http:\/\/www.dialekt.ch\/links.htm\">http:\/\/www.dialekt.ch\/links.htm<\/a><\/p>\n<p><strong>Ton und Text-Beispiele der Schweizer Dialekte<\/strong>: <a href=\"http:\/\/www.dialekt.ch\/liste.htm\">http:\/\/www.dialekt.ch\/liste.htm<\/a><\/p>\n<p><strong>Swiss German Course<\/strong>. Hochdeutsch-Z\u00fcrichdeutsch Wortliste, Aussprache- und Grammatikhinweisen und Linkliste. Auf Englisch.<br \/>\n<a href=\"http:\/\/www.eldrid.ch\/swgerman.htm\">http:\/\/www.eldrid.ch\/switzerland.htm<\/a><\/p>\n<p><strong>Schweizerisches Idiotikon<\/strong> &#8211; Schweizerdeutsches W\u00f6rterbuch: <a href=\"http:\/\/www.idiotikon.ch\/\">http:\/\/www.idiotikon.ch\/<\/a><\/p>\n<h4>Deutsche Dialekte<\/h4>\n<p><a href=\"http:\/\/www.dw-world.de\/dw\/0,,8150,00.html\"><strong>Dialektatlas<\/strong><\/a> der Deutschen Welle mit Texten und H\u00f6rbeispielen zu den Dialekten Deutschlands.<\/p>\n<p>Einige <strong>Deutsche Dialekte<\/strong> anhand eines Auszugs aus dem kleinen Prinzen: <a href=\"http:\/\/www3.germanistik.uni-halle.de\/prinz\/karten\/deutschland.htm\">http:\/\/www3.germanistik.uni-halle.de\/prinz\/karten\/deutschland.htm<\/a><br \/>\n(Transkription eher unzuverl\u00e4ssig)<\/p>\n<p><strong>Sprechender Sprachatlas von Bayern:<\/strong><a href=\"http:\/\/sprachatlas.bayerische-landesbibliothek-online.de\/\"> http:\/\/sprachatlas.bayerische-landesbibliothek-online.de\/<\/a><\/p>\n<p>Plattdeutsch:<\/p>\n<ul>\n<li>Radiosprachkurs zum Plattdeutsch lernen: <a href=\"http:\/\/www.radiobremen.de\/wissen\/dossiers\/plattdeutschkurs\/kneipe100.html\">http:\/\/www.radiobremen.de\/wissen\/dossiers\/plattdeutschkurs\/kneipe100.html<\/a><\/li>\n<li>Die aktuellen <a href=\"http:\/\/www.radiobremen.de\/bremeneins\/serien\/plattdeutsche_nachrichten\/index.html\">Nachrichten<\/a> auf Plattdeutsch: zum Lesen und H\u00f6ren.<\/li>\n<\/ul>\n<h4>Verschiedene Dialekte<\/h4>\n<p><strong>Dialektkarte des deutschen Sprachraums<\/strong>: <a href=\"http:\/\/www.dialektkarte.de\/\">http:\/\/www.dialektkarte.de\/<\/a><\/p>\n<p><strong><a href=\"http:\/\/www.argealp.org\/fileadmin\/www.argealp.org\/atlas\/index.html\">Deutsche Dialekte im Alpenraum<\/a><\/strong> von <a href=\"http:\/\/www.argealp.org\/fileadmin\/www.argealp.org\/atlas\/data\/kontakt.html\">Hannes Scheutz<\/a> (Dialekte aus \u00d6sterreich, S\u00fcdtirol, Teilen der Schweiz und Deutschlands). Unter dem Men\u00fcpunkt <a href=\"http:\/\/www.argealp.org\/fileadmin\/www.argealp.org\/atlas\/data\/atlas.html\">Dialektvergleich<\/a> kann man zu den jeweiligen Orten unterschiedliche Beispiele anh\u00f6ren, unter <a href=\"http:\/\/www.argealp.org\/fileadmin\/www.argealp.org\/atlas\/data\/generationen.html\">Generationenvergleich<\/a>, kann man h\u00f6ren, wie alte und junge Sprecher die oben genannten W\u00f6rter und Ausdr\u00fccke realiseren.Im Men\u00fcpunpkt <a href=\"http:\/\/www.argealp.org\/fileadmin\/www.argealp.org\/atlas\/data\/generationen.html\">Ergebnisse <\/a>findet man Kommentare zu den Unterschieden, Gemeinsamkeiten und Besonderheiten der einzelnen Dialketen. Auch\u00a0 <a href=\"http:\/\/www.argealp.org\/fileadmin\/www.argealp.org\/atlas\/data\/sprecher.html\">Informationen zu den Sprechern<\/a> und den <a href=\"http:\/\/www.argealp.org\/fileadmin\/www.argealp.org\/atlas\/data\/orte.html\">Orten<\/a> stehen zur Verf\u00fcgung.<\/p>\n<p>&nbsp;<\/p>\n<div>\n<p>&nbsp;<\/p>\n<p>&nbsp;<\/p>\n<p><strong><br \/>\n<\/strong><\/p>\n<\/div>\n","protected":false},"excerpt":{"rendered":"<p>Schweizer Dialekte Dialekt versus Standardsprache (DaF-Blog). Derselbe Text auf Dialekt (H\u00f6rbeispiel) und Hochdeutsch. Kommentar zu einigen wichtigen Unterschieden. http:\/\/cornelia.siteware.ch\/blog\/wordpress\/2008\/08\/15\/dialekt-versus-standardsprache Linkliste. Links zu Dialektbeispielen und Instituten, die sich mit Dialekten befassen. http:\/\/www.dialekt.ch\/links.htm Ton und Text-Beispiele der Schweizer Dialekte: http:\/\/www.dialekt.ch\/liste.htm Swiss German Course. Hochdeutsch-Z\u00fcrichdeutsch Wortliste, Aussprache- und Grammatikhinweisen und Linkliste. Auf Englisch. http:\/\/www.eldrid.ch\/switzerland.htm Schweizerisches Idiotikon &#8211; Schweizerdeutsches <a href='https:\/\/cornelia.siteware.ch\/cms\/daf-daz-2\/landeskunde\/varietaten\/dialekte' class='excerpt-more'>[&#8230;]<\/a><\/p>\n","protected":false},"author":4,"featured_media":0,"parent":370,"menu_order":1,"comment_status":"closed","ping_status":"closed","template":"","meta":{"footnotes":"","_links_to":"","_links_to_target":""},"_links":{"self":[{"href":"https:\/\/cornelia.siteware.ch\/cms\/wp-json\/wp\/v2\/pages\/755"}],"collection":[{"href":"https:\/\/cornelia.siteware.ch\/cms\/wp-json\/wp\/v2\/pages"}],"about":[{"href":"https:\/\/cornelia.siteware.ch\/cms\/wp-json\/wp\/v2\/types\/page"}],"author":[{"embeddable":true,"href":"https:\/\/cornelia.siteware.ch\/cms\/wp-json\/wp\/v2\/users\/4"}],"replies":[{"embeddable":true,"href":"https:\/\/cornelia.siteware.ch\/cms\/wp-json\/wp\/v2\/comments?post=755"}],"version-history":[{"count":10,"href":"https:\/\/cornelia.siteware.ch\/cms\/wp-json\/wp\/v2\/pages\/755\/revisions"}],"predecessor-version":[{"id":781,"href":"https:\/\/cornelia.siteware.ch\/cms\/wp-json\/wp\/v2\/pages\/755\/revisions\/781"}],"up":[{"embeddable":true,"href":"https:\/\/cornelia.siteware.ch\/cms\/wp-json\/wp\/v2\/pages\/370"}],"wp:attachment":[{"href":"https:\/\/cornelia.siteware.ch\/cms\/wp-json\/wp\/v2\/media?parent=755"}],"curies":[{"name":"wp","href":"https:\/\/api.w.org\/{rel}","templated":true}]}}