{"id":741,"date":"2011-10-17T07:03:18","date_gmt":"2011-10-17T06:03:18","guid":{"rendered":"http:\/\/cornelia.siteware.ch\/cms"},"modified":"2014-11-12T10:53:37","modified_gmt":"2014-11-12T09:53:37","slug":"audio-und-video-aus-und-zu-der-schweiz","status":"publish","type":"page","link":"https:\/\/cornelia.siteware.ch\/cms\/daf-daz-2\/landeskunde\/informationen-zur-schweiz\/audio-und-video-aus-und-zu-der-schweiz","title":{"rendered":"Audio und Video aus der und zur Schweiz"},"content":{"rendered":"<p><strong>Schweizweit. <\/strong><strong><a href=\"http:\/\/www.3sat.de\/page\/?source=\/sfdrs\/schweizweit\/143487\/index.html\">Schweizweit<\/a><\/strong> l\u00e4uft jeden Samstagabend auf 3-Sat. Die Sendung zeigt in einer knappen halben Stunde aktuelle Beitr\u00e4ge zur Politik, Wirtschaft, Gesellschaft und Kultur der Schweiz. Die Sendung wird durchgehend auf Hocheutsch moderiert und alle\u00a0 Passagen auf Schweizerdeutsch sind mit hochdeutschem Voice-over versehen.<\/p>\n<ul>\n<li>Homepage von Schweizweit: <a href=\"http:\/\/www.3sat.de\/page\/?source=\/sfdrs\/schweizweit\/143487\/index.html\">http:\/\/www.3sat.de\/page\/?source=\/sfdrs\/schweizweit\/143487\/index.html<\/a><\/li>\n<li>RSS-Feed des Schweizweit Podcasts: <a href=\"http:\/\/www.3sat.de\/mediathek\/rss\/mediathek_schweizweit.xml\">http:\/\/www.3sat.de\/mediathek\/rss\/mediathek_schweizweit.xml<\/a><\/li>\n<\/ul>\n<p><strong>Timeline.<\/strong> Bei <strong><a href=\"http:\/\/ideesuisse.ch\/1.0.html\">Timeline<\/a><\/strong> findet man Radio- und Fernsehberichte aus den letzten 80 Jahren in den vier Landessprachen. Der gr\u00f6sste Teil ist aber auf Deutsch. Schaut euch zum Beispiel diesen Beitrag aus dem Jahr 2009 zum <a href=\"http:\/\/ideesuisse.ch\/256.0.html?&amp;no_cache=1&amp;tx_ttnews[tt_news]=2389&amp;tx_ttnews[list]=2384%2C2383%2C2377%2C2390%2C2385%2C2386%2C2488%2C2391%2C2387%2C2392%2C2393%2C2489%2C2388%2C2490%2C2378%2C2382%2C2389&amp;tx_ttnews[backPid]=298&amp;cHash=f135e0d409\">Thema Recycling<\/a> an. Auch ganz alte Beitr\u00e4ge sind dabei, zum Beispiel dieser <a href=\"http:\/\/ideesuisse.ch\/258.0.html?&amp;no_cache=1&amp;L=0%20%20&amp;tx_ttnews[tt_news]=721&amp;tx_ttnews[list]=721%2C920%2C921%2C723%2C922%2C694%2C719%2C724&amp;tx_ttnews[backPid]=237&amp;cHash=fe2342878d\">Filmwochenschaubeitrag zur Olypiade 1948 in St. Moritz<\/a>.<br \/>\nDie Beitr\u00e4ge sind in verschiedene Themen eingeteilt, wie zum Beispiel Politik und Staat, Schweiz in der Welt, Alltagsleben oder Bildung und Forschung, die alle in Subthemen gegliedert sind.<\/p>\n<p>Videos des <strong>Schweizer Fernsehens<\/strong>: Einige Videos sind nur eine Woche verf\u00fcgbar, viele (z.B. die der Tagesschau) aber auch f\u00fcr mehrere Jahre.\u00a0 Einige Videos sind ganz oder teilweise auf Dialekt. Die Videos sind nicht nach Verwendung von Standardsprache bzw. Dialekt klassifiziert. Zum Teil sind aber Untertitel vorhanden.<br \/>\n<a href=\"http:\/\/www.srf.ch\/player\/tv\">http:\/\/www.srf.ch\/player\/tv<\/a><\/p>\n<p><strong>Schweiz Tourismus<\/strong> hat seit l\u00e4ngerem eine Serie von Ausflugvideos (Die Schweiz in 60 Sekunden). Mittlerweile sind es schon \u00fcber 80. Man findet sie alle bei <a href=\"http:\/\/www.youtube.com\/user\/myswitzerland\">Youtube<\/a>(unter eHeinz) oder auf der <a href=\"http:\/\/www.myswitzerland.com\/de\/video\/index.cfm?user=eHeinz\">\u00dcbersichtsseite von MySwitzerland<\/a>.<\/p>\n<p><strong>100-Sekunden-Wissen<\/strong>: Beitr\u00e4ge von 100 Sekunden L\u00e4nge \u00fcber die Bedeutung von W\u00f6rtern, Personen, Ereignissen etc. aus Wissenschaft, Gesundheit, Gesellschaft etc.<br \/>\n<a href=\"http:\/\/drs2blog.ch\/100sekunden\/\">http:\/\/drs2blog.ch\/100sekunden\/<\/a>, auch als Podcast zum Download: <a href=\"http:\/\/www.drs.ch\/www\/de\/drs\/podcasts.html#0-9\">http:\/\/www.drs.ch\/www\/de\/drs\/podcasts.html#0-9<\/a><\/p>\n<p>&nbsp;<\/p>\n","protected":false},"excerpt":{"rendered":"<p>Schweizweit. Schweizweit l\u00e4uft jeden Samstagabend auf 3-Sat. Die Sendung zeigt in einer knappen halben Stunde aktuelle Beitr\u00e4ge zur Politik, Wirtschaft, Gesellschaft und Kultur der Schweiz. Die Sendung wird durchgehend auf Hocheutsch moderiert und alle\u00a0 Passagen auf Schweizerdeutsch sind mit hochdeutschem Voice-over versehen. Homepage von Schweizweit: http:\/\/www.3sat.de\/page\/?source=\/sfdrs\/schweizweit\/143487\/index.html RSS-Feed des Schweizweit Podcasts: http:\/\/www.3sat.de\/mediathek\/rss\/mediathek_schweizweit.xml Timeline. Bei Timeline findet <a href='https:\/\/cornelia.siteware.ch\/cms\/daf-daz-2\/landeskunde\/informationen-zur-schweiz\/audio-und-video-aus-und-zu-der-schweiz' class='excerpt-more'>[&#8230;]<\/a><\/p>\n","protected":false},"author":4,"featured_media":0,"parent":356,"menu_order":2,"comment_status":"closed","ping_status":"closed","template":"","meta":{"footnotes":"","_links_to":"","_links_to_target":""},"_links":{"self":[{"href":"https:\/\/cornelia.siteware.ch\/cms\/wp-json\/wp\/v2\/pages\/741"}],"collection":[{"href":"https:\/\/cornelia.siteware.ch\/cms\/wp-json\/wp\/v2\/pages"}],"about":[{"href":"https:\/\/cornelia.siteware.ch\/cms\/wp-json\/wp\/v2\/types\/page"}],"author":[{"embeddable":true,"href":"https:\/\/cornelia.siteware.ch\/cms\/wp-json\/wp\/v2\/users\/4"}],"replies":[{"embeddable":true,"href":"https:\/\/cornelia.siteware.ch\/cms\/wp-json\/wp\/v2\/comments?post=741"}],"version-history":[{"count":14,"href":"https:\/\/cornelia.siteware.ch\/cms\/wp-json\/wp\/v2\/pages\/741\/revisions"}],"predecessor-version":[{"id":749,"href":"https:\/\/cornelia.siteware.ch\/cms\/wp-json\/wp\/v2\/pages\/741\/revisions\/749"}],"up":[{"embeddable":true,"href":"https:\/\/cornelia.siteware.ch\/cms\/wp-json\/wp\/v2\/pages\/356"}],"wp:attachment":[{"href":"https:\/\/cornelia.siteware.ch\/cms\/wp-json\/wp\/v2\/media?parent=741"}],"curies":[{"name":"wp","href":"https:\/\/api.w.org\/{rel}","templated":true}]}}