{"id":734,"date":"2011-10-17T06:57:44","date_gmt":"2011-10-17T05:57:44","guid":{"rendered":"http:\/\/cornelia.siteware.ch\/cms"},"modified":"2011-10-17T06:57:49","modified_gmt":"2011-10-17T05:57:49","slug":"didaktisiertes-material","status":"publish","type":"page","link":"https:\/\/cornelia.siteware.ch\/cms\/daf-daz-2\/landeskunde\/didaktisiertes-material","title":{"rendered":"Didaktisiertes Material"},"content":{"rendered":"<p><strong>Kaleidoskop (D)<\/strong>: In diesem Blog werden in regelm\u00e4ssigen Abst\u00e4nden  Artikel zum deutschen Alltag ver\u00f6ffentlicht. Leser aus der ganzen Welt  (also auch ihr!) k\u00f6nnen Kommentare dazu schreiben.<br \/>\nIn der alten Version findet ihr auch einige Interviews mit Audiodateien.<br \/>\nNeue Version: <a href=\"http:\/\/www.kaleidos.de\/\">http:\/\/www.kaleidos.de\/<\/a><br \/>\nAlte Version:<a href=\"http:\/\/www.kaleidos.de\/archiv-kaleidoskop\/\"> http:\/\/www.kaleidos.de\/archiv-kaleidoskop\/<\/a><\/p>\n<p><strong>Lesetexte und \u00dcbungen (D &#8211; A &#8211; CH )<\/strong> zu landeskundlichen Themen aus Deutschland, \u00d6sterreich und der Schweiz. <a href=\"http:\/\/www.hueber.de\/seite\/list.php?page=landeskunde_daf\">http:\/\/www.hueber.de\/seite\/list.php?page=landeskunde_daf<\/a><\/p>\n","protected":false},"excerpt":{"rendered":"<p>Kaleidoskop (D): In diesem Blog werden in regelm\u00e4ssigen Abst\u00e4nden Artikel zum deutschen Alltag ver\u00f6ffentlicht. Leser aus der ganzen Welt (also auch ihr!) k\u00f6nnen Kommentare dazu schreiben. In der alten Version findet ihr auch einige Interviews mit Audiodateien. Neue Version: http:\/\/www.kaleidos.de\/ Alte Version: http:\/\/www.kaleidos.de\/archiv-kaleidoskop\/ Lesetexte und \u00dcbungen (D &#8211; A &#8211; CH ) zu landeskundlichen Themen <a href='https:\/\/cornelia.siteware.ch\/cms\/daf-daz-2\/landeskunde\/didaktisiertes-material' class='excerpt-more'>[&#8230;]<\/a><\/p>\n","protected":false},"author":4,"featured_media":0,"parent":20,"menu_order":0,"comment_status":"closed","ping_status":"closed","template":"","meta":{"footnotes":"","_links_to":"","_links_to_target":""},"_links":{"self":[{"href":"https:\/\/cornelia.siteware.ch\/cms\/wp-json\/wp\/v2\/pages\/734"}],"collection":[{"href":"https:\/\/cornelia.siteware.ch\/cms\/wp-json\/wp\/v2\/pages"}],"about":[{"href":"https:\/\/cornelia.siteware.ch\/cms\/wp-json\/wp\/v2\/types\/page"}],"author":[{"embeddable":true,"href":"https:\/\/cornelia.siteware.ch\/cms\/wp-json\/wp\/v2\/users\/4"}],"replies":[{"embeddable":true,"href":"https:\/\/cornelia.siteware.ch\/cms\/wp-json\/wp\/v2\/comments?post=734"}],"version-history":[{"count":2,"href":"https:\/\/cornelia.siteware.ch\/cms\/wp-json\/wp\/v2\/pages\/734\/revisions"}],"predecessor-version":[{"id":736,"href":"https:\/\/cornelia.siteware.ch\/cms\/wp-json\/wp\/v2\/pages\/734\/revisions\/736"}],"up":[{"embeddable":true,"href":"https:\/\/cornelia.siteware.ch\/cms\/wp-json\/wp\/v2\/pages\/20"}],"wp:attachment":[{"href":"https:\/\/cornelia.siteware.ch\/cms\/wp-json\/wp\/v2\/media?parent=734"}],"curies":[{"name":"wp","href":"https:\/\/api.w.org\/{rel}","templated":true}]}}