{"id":69,"date":"2011-01-02T15:05:58","date_gmt":"2011-01-02T14:05:58","guid":{"rendered":"http:\/\/cornelia.siteware.ch\/cms\/?page_id=69"},"modified":"2012-07-17T09:45:31","modified_gmt":"2012-07-17T08:45:31","slug":"willkommen","status":"publish","type":"page","link":"https:\/\/cornelia.siteware.ch\/cms\/","title":{"rendered":"Willkommen"},"content":{"rendered":"<p>Diese Seiten sind die Nachfolgeversion der &#8222;<strong>gelben Site<\/strong>&#8222;, auf der vor allem Linklisten zu so unterschiedlichen Themen wie Deutsch als Fremdsprache, Computerlinguistik, Literaturzusammenfassungen, Geschichtsdidaktik und Jugendarbeit versammelt waren. Im Moment (Sommer 2012) bin ich immer noch dabei, ausgew\u00e4hlte Inhalte von der alten Seite in dieses Projekt zu \u00fcbernehmen bzw. zu \u00fcberarbeiten. Was in welcher Form \u00fcbernommen wird und was \u00fcberhaupt nicht, ist im Moment noch nicht klar. Die <strong><a href=\"..\/..\/old_index.html\">alte Einstiegsseite<\/a><\/strong> mit den alten Inhalten ist aber immer noch erreichbar.<\/p>\n<p>Schon relativ weit fortgeschritten sind die Bereiche<\/p>\n<ul>\n<li><strong><a href=\"http:\/\/cornelia.siteware.ch\/cms\/daf-daz-2\/aussprache\">Deutsch lernen &#8211; Aussprache<\/a><\/strong><\/li>\n<li><strong><a href=\"\/cms\/daf-daz-2\/horen\">Deutsch lernen &#8211; H\u00f6ren<\/a><\/strong><\/li>\n<li><strong><a href=\"http:\/\/cornelia.siteware.ch\/cms\/daf-daz-2\/landeskunde\">Deutsch lernen &#8211; Landeskunde<\/a><\/strong><\/li>\n<li><strong><a href=\"http:\/\/cornelia.siteware.ch\/cms\/daf-daz-2\/grammatik\">Deutsch lernen &#8211; Grammatik<\/a><\/strong><\/li>\n<li><strong><a href=\"http:\/\/cornelia.siteware.ch\/cms\/didaktik\/aussprache-didaktik\">DaF\/DaZ-Didaktik &#8211; Aussprache<\/a><\/strong><\/li>\n<\/ul>\n<p>Das <strong><a href=\"\/blog\/wordpress\/\">DaF-Blog<\/a><\/strong> ist nat\u00fcrlich auch immer noch in Betrieb . Der Rest ist allerdings wie gesagt noch in \u00dcberarbeitung.<\/p>\n<div class=\"announcement\">\n<p><strong>Anmerkungen:<\/strong><\/p>\n<ul>\n<li>Meine eigenen Beitr\u00e4ge\u00a0 enthalten, wie nach Schweizer Rechtschreibung \u00fcblich, keine Eszett (\u00df), stattdessen wird immer Doppel-s geschrieben, auch nach einem langen Vokal oder Diphtong (Genaueres siehe <a href=\"\/blog\/wordpress\/2005\/06\/13\/eszett\">hier<\/a>).<\/li>\n<li>Auf die Inhalte fremder Seiten habe ich keinen Einfluss und kann also auch keine Verantwortung daf\u00fcr \u00fcbernehmen.<\/li>\n<li>Anregungen, Fragen, Lob und Kritk (insbesondere Hinweise auf Fehler bitte an kontaktBEIcornelia.siteware.ch (BEI bitte durch @ ersetzen).<\/li>\n<\/ul>\n<\/div>\n<p><strong><br \/>\n<\/strong><\/p>\n","protected":false},"excerpt":{"rendered":"<p>Diese Seiten sind die Nachfolgeversion der &#8222;gelben Site&#8222;, auf der vor allem Linklisten zu so unterschiedlichen Themen wie Deutsch als Fremdsprache, Computerlinguistik, Literaturzusammenfassungen, Geschichtsdidaktik und Jugendarbeit versammelt waren. Im Moment (Sommer 2012) bin ich immer noch dabei, ausgew\u00e4hlte Inhalte von der alten Seite in dieses Projekt zu \u00fcbernehmen bzw. zu \u00fcberarbeiten. Was in welcher Form <a href='https:\/\/cornelia.siteware.ch\/cms\/' class='excerpt-more'>[&#8230;]<\/a><\/p>\n","protected":false},"author":4,"featured_media":0,"parent":0,"menu_order":0,"comment_status":"open","ping_status":"open","template":"","meta":{"footnotes":"","_links_to":"","_links_to_target":""},"_links":{"self":[{"href":"https:\/\/cornelia.siteware.ch\/cms\/wp-json\/wp\/v2\/pages\/69"}],"collection":[{"href":"https:\/\/cornelia.siteware.ch\/cms\/wp-json\/wp\/v2\/pages"}],"about":[{"href":"https:\/\/cornelia.siteware.ch\/cms\/wp-json\/wp\/v2\/types\/page"}],"author":[{"embeddable":true,"href":"https:\/\/cornelia.siteware.ch\/cms\/wp-json\/wp\/v2\/users\/4"}],"replies":[{"embeddable":true,"href":"https:\/\/cornelia.siteware.ch\/cms\/wp-json\/wp\/v2\/comments?post=69"}],"version-history":[{"count":37,"href":"https:\/\/cornelia.siteware.ch\/cms\/wp-json\/wp\/v2\/pages\/69\/revisions"}],"predecessor-version":[{"id":278,"href":"https:\/\/cornelia.siteware.ch\/cms\/wp-json\/wp\/v2\/pages\/69\/revisions\/278"}],"wp:attachment":[{"href":"https:\/\/cornelia.siteware.ch\/cms\/wp-json\/wp\/v2\/media?parent=69"}],"curies":[{"name":"wp","href":"https:\/\/api.w.org\/{rel}","templated":true}]}}