{"id":660,"date":"2011-04-30T07:32:16","date_gmt":"2011-04-30T06:32:16","guid":{"rendered":"http:\/\/cornelia.siteware.ch\/cms"},"modified":"2011-04-30T08:01:52","modified_gmt":"2011-04-30T07:01:52","slug":"transkriptionen","status":"publish","type":"page","link":"https:\/\/cornelia.siteware.ch\/cms\/daf-daz-2\/horen\/hoeren-selbstaendig-ueben\/transkriptionen","title":{"rendered":"Transkriptionen"},"content":{"rendered":"<p>Im Alltag ist es eher selten, dass man gesprochene Sprache gleichzeitig h\u00f6rt und sieht. Trotzdem kann es sehr n\u00fctzlich sein, einen Text nicht nur zu h\u00f6ren, sondern auch zu lesen. Durch das Lesen kann man auch W\u00f6rter verstehen,  die man sonst nicht identifizieren k\u00f6nnte. Das gleichzeitige Lesen und H\u00f6ren kann zudem auch helfen, W\u00f6rter zu lernen und sie mit der richtigen Aussprache zu verkn\u00fcpfen.<\/p>\n<p>Wenn ihr doch lieber schon fertige Aufgaben machen m\u00f6chtet, k\u00f6nnt ihr <a href=\"\/cms\/daf-daz-2\/horen\/hv-aufgaben\">hier<\/a> mit der Suche anfangen.<\/p>\n<p class=\"warning\" style=\"text-align: center;\">Noch im Aufbau!<\/p>\n","protected":false},"excerpt":{"rendered":"<p>Im Alltag ist es eher selten, dass man gesprochene Sprache gleichzeitig h\u00f6rt und sieht. Trotzdem kann es sehr n\u00fctzlich sein, einen Text nicht nur zu h\u00f6ren, sondern auch zu lesen. Durch das Lesen kann man auch W\u00f6rter verstehen, die man sonst nicht identifizieren k\u00f6nnte. Das gleichzeitige Lesen und H\u00f6ren kann zudem auch helfen, W\u00f6rter zu <a href='https:\/\/cornelia.siteware.ch\/cms\/daf-daz-2\/horen\/hoeren-selbstaendig-ueben\/transkriptionen' class='excerpt-more'>[&#8230;]<\/a><\/p>\n","protected":false},"author":4,"featured_media":0,"parent":195,"menu_order":0,"comment_status":"closed","ping_status":"closed","template":"","meta":{"footnotes":"","_links_to":"","_links_to_target":""},"_links":{"self":[{"href":"https:\/\/cornelia.siteware.ch\/cms\/wp-json\/wp\/v2\/pages\/660"}],"collection":[{"href":"https:\/\/cornelia.siteware.ch\/cms\/wp-json\/wp\/v2\/pages"}],"about":[{"href":"https:\/\/cornelia.siteware.ch\/cms\/wp-json\/wp\/v2\/types\/page"}],"author":[{"embeddable":true,"href":"https:\/\/cornelia.siteware.ch\/cms\/wp-json\/wp\/v2\/users\/4"}],"replies":[{"embeddable":true,"href":"https:\/\/cornelia.siteware.ch\/cms\/wp-json\/wp\/v2\/comments?post=660"}],"version-history":[{"count":3,"href":"https:\/\/cornelia.siteware.ch\/cms\/wp-json\/wp\/v2\/pages\/660\/revisions"}],"predecessor-version":[{"id":669,"href":"https:\/\/cornelia.siteware.ch\/cms\/wp-json\/wp\/v2\/pages\/660\/revisions\/669"}],"up":[{"embeddable":true,"href":"https:\/\/cornelia.siteware.ch\/cms\/wp-json\/wp\/v2\/pages\/195"}],"wp:attachment":[{"href":"https:\/\/cornelia.siteware.ch\/cms\/wp-json\/wp\/v2\/media?parent=660"}],"curies":[{"name":"wp","href":"https:\/\/api.w.org\/{rel}","templated":true}]}}