{"id":594,"date":"2011-04-24T16:18:22","date_gmt":"2011-04-24T15:18:22","guid":{"rendered":"http:\/\/cornelia.siteware.ch\/cms"},"modified":"2012-04-14T14:44:30","modified_gmt":"2012-04-14T13:44:30","slug":"ubungsformen-und-materialien","status":"publish","type":"page","link":"https:\/\/cornelia.siteware.ch\/cms\/daf-daz-2\/aussprache\/aussprache-uben\/ubungsformen-und-materialien","title":{"rendered":"\u00dcbungsformen und -materialien"},"content":{"rendered":"<h4>Aussprache nachschlagen<\/h4>\n<p>Wie man ein Wort ausspricht, kann man im W\u00f6rterbuch nachschlagen. Je nach W\u00f6rterbuch findet man Informationen zum Wortakzent und der Aussprache der Konsonanten und Vokale. Eine Methode, die Aussprache anzugeben, ist das International Phonetic Alphabet (IPA). Vor der Akzentsilbe steht dann &#8218;. Beispiel: vernichten = [f\u025b\u0250\u032f\u02c8n\u026a\u00e7tn\u0329].Die Silbe &#8222;nich&#8220; ist also die Akzentsilbe.<\/p>\n<p class=\"note\">Anklickbare <a href=\"http:\/\/www.phonetics.ucla.edu\/course\/chapter1\/chapter1.html\"><strong>IPA-Tabelle<\/strong><\/a> mit H\u00f6rbeispielen<\/p>\n<p>In anderen W\u00f6rterb\u00fcchern ist nur die Akzentsilbe markiert. Meistens steht ein Zeichen unter dem Akzentvokal. Ein Strich (_) steht f\u00fcr einen langen Vokal, ein Punkt (.) f\u00fcr einen kurzen. Bei Diphtongen gibt es keine langen oder kurzen Varianten. Wenn ein Diphtong in einer Akzentsilbe steht, wird er immer mit einem Strich markiert.<\/p>\n<p>Es gibt auch einige <a href=\"\/cms\/daf-daz-2\/aussprache\/worterbucher-mit-ausspracheangaben\">Online-W\u00f6rterb\u00fccher mit Ausspracheangaben<\/a>.<\/p>\n<h4>Diktate<\/h4>\n<p>Diktate eignen sich gut zur Festigung der Phonem-Graphem-Beziehung (= Beziehung zwischen gesprochenen Lauten und geschriebenen Buchstaben, also zum Beispiel, dass man den Laut [f] als f, ph oder v schreiben kann ).<br \/>\nWichtig sind die Fehler, die man tats\u00e4chlich h\u00f6ren kann. Das heisst zum Beispiel, dass die Grossschreibung bei einem Diktat f\u00fcr das Aussprache-\/H\u00f6rtraining nicht so wichtig ist!<br \/>\nDiktate mit automatischer Korrektur:<\/p>\n<div class=\"note\">\n<ul>\n<li>Feridun Zaimoglu und Sprache: Ein Interview mit einem Jugendlichen \u00fcber seine Meinung zu den B\u00fcchern von Feridun Zaimoglu. <em>Das Diktat findest du bei Aufgabe 3<\/em>.<br \/>\n<a href=\"http:\/\/www.goethe.de\/z\/jetzt\/dejart41\/dejvid4.htm\">http:\/\/www.goethe.de\/z\/jetzt\/dejart41\/dejvid4.htm<\/a><\/li>\n<li>Verschiedene Dikate zu eher wissenschaftlichen Themen. Die Texte sind zum Teil relativ lang. Bei diesen \u00dcbungen muss man die Satzzeichen weglassen. Wenn man auf den L\u00f6sungsknopf dr\u00fcckt, werden sie erg\u00e4nzt.<br \/>\n<a href=\"http:\/\/www.stk.fh-koeln.de\/schreibuebungen_auswahl.htm\">http:\/\/www.stk.fh-koeln.de\/schreibuebungen_auswahl.htm<\/a><\/li>\n<li>Diktate f\u00fcr Anf\u00e4nger (0-200 Stunden Deutsch). Das Tempo ist aber eher schnell.<br \/>\n<a href=\"http:\/\/www.mein-deutschbuch.de\/lernen.php?menu_id=4\">http:\/\/www.mein-deutschbuch.de\/lernen.php?menu_id=4<\/a><\/li>\n<\/ul>\n<\/div>\n<p>Du kannst aber auch einen anderen H\u00f6rtext verwenden, zu dem du die Transkription hast. H\u00f6re diesen Text zuerst einmal ganz und dann in kleinen St\u00fccken.<\/p>\n<h4>Lernmaterialien zur Phonetik<\/h4>\n<p>Es gibt einige Materialien, die man f\u00fcr das autonome Lernen verwenden kann. Sie enthalten meistens Audio-CDs und ein \u00dcbungsbuch. Die CDs bieten \u00dcbungen zum Unterscheiden von Lauten und Texte zum Anh\u00f6ren und Nachsprechen. Sie enthalten oft auch Erkl\u00e4rungen.<\/p>\n<div class=\"note\">Hirschfeld, Ursula; Reinke, Kerstin; Stock, Eberhard: Phonothek intensiv. Aussprachetraining. Leipzig 2002.<\/div>\n<p>Dieses \u00dcbungsbuch enth\u00e4lt \u00dcbungen zu sehr vielen Ausspracheph\u00e4nomenen. Am Anfgang findet man eine Liste, die zeigt, welche potentiellen Ausspracheprobleme mit welchen Muttersprachen verkn\u00fcpft sind. Das Buch enth\u00e4lt (knappe) Erkl\u00e4rungen und die L\u00f6sungen.<\/p>\n<div class=\"note\">Schiemann, Endrik; B\u00f6lck Martina: H\u00f6ren, sprechen, richtig schreiben. \u00dcbungsprogramm zu Phonetik und Rechtschreibung f\u00fcr den Unterricht Deutsch als Fremdsprache. Stuttgart 2003.<\/div>\n<p>In diesem \u00dcbungsbuch findet man auch Bilder, die erkl\u00e4ren, wie man die Laute produziert und viele \u00dcbungen, die man mit einem Tandem- oder Lernpartner machen kann. Die L\u00f6sungen stehen hinten im Buch. Zu einzelnen Themen findest du auf diesen Seiten Links zu \u00dcbungsmaterial: <div id=\"shailan-subpages-594-1\"><ul class=\"subpages\"><li class=\"page_item page-item-101\"><a href=\"https:\/\/cornelia.siteware.ch\/cms\/daf-daz-2\/aussprache\/aussprache-uben\"  rel=\"\">Aussprache selbst\u00e4ndig \u00fcben<\/a><\/li>\n<li class=\"page_item page-item-104\"><a href=\"https:\/\/cornelia.siteware.ch\/cms\/daf-daz-2\/aussprache\/betonung-akzentuierung\"  rel=\"\">Betonung \/ Akzentuierung<\/a><\/li>\n<li class=\"page_item page-item-106\"><a href=\"https:\/\/cornelia.siteware.ch\/cms\/daf-daz-2\/aussprache\/intonation\"  rel=\"\">Intonation, Pausen und Rhythmus<\/a><\/li>\n<li class=\"page_item page-item-80\"><a href=\"https:\/\/cornelia.siteware.ch\/cms\/daf-daz-2\/aussprache\/laute-und-buchstaben\"  rel=\"\">Laute und Buchstaben<\/a><\/li>\n<li class=\"page_item page-item-111\"><a href=\"https:\/\/cornelia.siteware.ch\/cms\/daf-daz-2\/aussprache\/silben\"  rel=\"\">Silben<\/a><\/li>\n<li class=\"page_item page-item-94\"><a href=\"https:\/\/cornelia.siteware.ch\/cms\/daf-daz-2\/aussprache\/worterbucher-mit-ausspracheangaben\"  rel=\"\">W\u00f6rterb\u00fccher mit Ausspracheangaben<\/a><\/li>\n<\/ul><\/div><\/p>\n<h4>Mitlesen<\/h4>\n<p>Eine M\u00f6glichkeit, die Aussprache zu \u00fcben, besteht darin, Texte zu lesen, die gleichzeitig gesprochen werden und sie nachher selber laut zu lesen.<br \/>\nN\u00e4heres dazu k\u00f6nnt ihr in meinem DaF-Blog nachlesen. Dort findet ihr auch eine Liste von Angeboten mit H\u00f6rtexten, die eine Transkripiton haben und die sich deshalb auch zum Mitlesen eignen:<\/p>\n<ul>\n<li><a href=\"\/blog\/wordpress\/2005\/07\/03\/mitlesen\">Mitlesen<\/a><\/li>\n<li><a href=\"\/blog\/wordpress\/2010\/10\/09\/2127\">H\u00f6rtexte mit Transkription<\/a><\/li>\n<li>&#8222;<a href=\"\/blog\/wordpress\/2009\/11\/14\/dialog-karaoke\">Karaoke&#8220;-\u00dcbung<\/a> zum Mitsprechen (f\u00fcr Anf\u00e4nger).<\/li>\n<\/ul>\n<h4>Sich selber h\u00f6ren<\/h4>\n<p>Sehr wichtig ist auch, dass du dich immer wieder selber aufnimmst. So kannst du deine Fortschritte kontrollieren und gezielt an deiner Aussprache arbeiten. Am Anfang ist es schwierig, die eigenen Fehler zu h\u00f6ren, aber das zu lernen, ist sehr wichtig, wenn du dich verbessern willst.<\/p>\n<p>Wenn du zum Beispiel einen Text vorgelesen hast, kontrollierst du, ob du wirklich auch gemacht hast, was du wolltest. Also zum Beispiel:<\/p>\n<ul>\n<li>Sind zum Beispiel die Pausen da, wo du sie machen wolltest oder hast du sie stattdessen vor schwierig auszusprechenden W\u00f6rtern gesetzt?<\/li>\n<li>Du wolltest die Aussprache von \u201ez\u201c \u00fcben. Sind wirklich alle z-Laute richtig gesprochen?<\/li>\n<\/ul>\n","protected":false},"excerpt":{"rendered":"<p>Aussprache nachschlagen Wie man ein Wort ausspricht, kann man im W\u00f6rterbuch nachschlagen. Je nach W\u00f6rterbuch findet man Informationen zum Wortakzent und der Aussprache der Konsonanten und Vokale. Eine Methode, die Aussprache anzugeben, ist das International Phonetic Alphabet (IPA). Vor der Akzentsilbe steht dann &#8218;. Beispiel: vernichten = [f\u025b\u0250\u032f\u02c8n\u026a\u00e7tn\u0329].Die Silbe &#8222;nich&#8220; ist also die Akzentsilbe. Anklickbare <a href='https:\/\/cornelia.siteware.ch\/cms\/daf-daz-2\/aussprache\/aussprache-uben\/ubungsformen-und-materialien' class='excerpt-more'>[&#8230;]<\/a><\/p>\n","protected":false},"author":4,"featured_media":0,"parent":101,"menu_order":0,"comment_status":"open","ping_status":"open","template":"","meta":{"footnotes":"","_links_to":"","_links_to_target":""},"_links":{"self":[{"href":"https:\/\/cornelia.siteware.ch\/cms\/wp-json\/wp\/v2\/pages\/594"}],"collection":[{"href":"https:\/\/cornelia.siteware.ch\/cms\/wp-json\/wp\/v2\/pages"}],"about":[{"href":"https:\/\/cornelia.siteware.ch\/cms\/wp-json\/wp\/v2\/types\/page"}],"author":[{"embeddable":true,"href":"https:\/\/cornelia.siteware.ch\/cms\/wp-json\/wp\/v2\/users\/4"}],"replies":[{"embeddable":true,"href":"https:\/\/cornelia.siteware.ch\/cms\/wp-json\/wp\/v2\/comments?post=594"}],"version-history":[{"count":17,"href":"https:\/\/cornelia.siteware.ch\/cms\/wp-json\/wp\/v2\/pages\/594\/revisions"}],"predecessor-version":[{"id":1404,"href":"https:\/\/cornelia.siteware.ch\/cms\/wp-json\/wp\/v2\/pages\/594\/revisions\/1404"}],"up":[{"embeddable":true,"href":"https:\/\/cornelia.siteware.ch\/cms\/wp-json\/wp\/v2\/pages\/101"}],"wp:attachment":[{"href":"https:\/\/cornelia.siteware.ch\/cms\/wp-json\/wp\/v2\/media?parent=594"}],"curies":[{"name":"wp","href":"https:\/\/api.w.org\/{rel}","templated":true}]}}