{"id":592,"date":"2011-04-24T16:17:38","date_gmt":"2011-04-24T15:17:38","guid":{"rendered":"http:\/\/cornelia.siteware.ch\/cms"},"modified":"2012-05-30T06:32:12","modified_gmt":"2012-05-30T05:32:12","slug":"was-muss-man-lernenuben","status":"publish","type":"page","link":"https:\/\/cornelia.siteware.ch\/cms\/daf-daz-2\/aussprache\/aussprache-uben\/was-muss-man-lernenuben","title":{"rendered":"Was muss man lernen\/\u00fcben?"},"content":{"rendered":"<p><strong>Artikulation<\/strong> (= Laute produzieren)<br \/>\nEine neue Aussprache zu lernen, bedeutet unter anderem, <strong>neue Mundbewegungen<\/strong> zu lernen. Einige Bewegungen sind v\u00f6llig neu, weil es in der Muttersprache keinen \u00e4hnlichen Laut gibt. Bei anderen muss man nur Details \u00e4ndern und zum Beispiel die Muskeln etwas st\u00e4rker spannen oder die Zunge ein bisschen h\u00f6her heben. Das kann aber genau so schwierig sein, wie einen Laut komplett neu zu lernen.<br \/>\nDamit man die neuen Bewegungen beim Sprechen verwenden kann, muss man sie <strong>automatisieren<\/strong>, zuerst z.B. in kleineren Einheiten wie in Silben oder W\u00f6rtern, dann in Ausdr\u00fccken und ganzen S\u00e4tzen.<\/p>\n<p><strong>Laute wahrnehmen<\/strong><br \/>\nF\u00fcr die Aussprache ist aber nicht nur die Artikulation wichtig. Man muss auch <strong>wahrnehmen<\/strong> (= h\u00f6ren k\u00f6nnen), welche Laute oder welche Unterschiede in der Lautst\u00e4rke oder Tonh\u00f6he etc. in der jeweiligen Sprache wichtig sind.<\/p>\n<p>Die Muttersprache wirkt wie ein Filter. Das heisst, man h\u00f6rt eventuell nur die Merkmale, die in der Muttersprache wichtig sind. Wenn man aber gar nicht weiss, dass es ein bestimmtes Ph\u00e4nomen (zum Beipiel das &#8222;\u00fc&#8220; oder den Wortakzent) gibt, spricht man es auch nicht. Deshalb muss man zum Beispiel bewusst lernen, auf den Wort- und Satzakzent zu achten, zu h\u00f6ren, wie die Melodie verl\u00e4uft, wo Pausen gesetzt werden, ob ein Vokal lang oder kurz ist oder ein Konsonant mit viel oder wenig Energie gesprochen wird und versuchen, diese Merkmale selber zu produzieren.<\/p>\n<p><strong>Einfluss der Muttersprache<\/strong><br \/>\nWelche Probleme man hat, ist stark von der Sprache oder den Sprachen abh\u00e4ngig, die man bereits spricht. Ph\u00e4nomene, die f\u00fcr das Verstehen besonders wichtig sind, sind z.B. der <strong>Satz- oder Wortgruppenakzent<\/strong> (und damit verbunden die Intonation) und der <strong>Wortakzent<\/strong>. Im Zusammenhang mit den Akzenten ist es wichtig, dass die Vokale und Konsonanten in den Akzentsilben deutlich ausgesprochen werden. (Andere Silben werden je nach Sprechtempo stark reduziert und sind undeutlicher).<\/p>\n<p>In Phonothek intensiv (siehe <a href=\"\/cms\/daf-daz-2\/aussprache\/aussprache-uben\/ubungsformen-und-materialien\">\u00dcbungsformen und -materialien<\/a>) gibt es am Anfang eine Liste, in der man sehen kann, welche Schwierigkeiten bei welcher Muttersprache auftreten (k\u00f6nnen).<\/p>\n<p><strong>sich einsch\u00e4tzen lernen<\/strong><br \/>\nUm selbstst\u00e4ndig \u00fcben zu k\u00f6nnen, muss man auch lernen, sich selber einzusch\u00e4tzen. Dazu geh\u00f6rt:<\/p>\n<ul>\n<li>zu wissen, was man gut kann und wo man Probleme hat<\/li>\n<li>zu wissen, wann man alleine nicht mehr weiter kommt<\/li>\n<li>zu merken, ob man Fortschritte gemacht hat<\/li>\n<\/ul>\n<p>Auch die Selbsteinsch\u00e4tzung muss man \u00fcben. Am Anfang kann es sehr schwierig sein, \u00fcberhaupt zu merken, dass man etwas nicht h\u00f6rt oder falsch ausspricht. Das Nachdenken dar\u00fcber ist aber schon ein wichtiger erster Schritt zu einer Verbesserung.<br \/>\n<small>Self-evaluation is another skill that has to be developped. In the beginning, it tends to be very difficult to notice instances when you cannot hear a certain sound or pattern or misspronounce something. Thinking about what you can and cannot do (well) is an important first step towards improvement. <\/small><\/p>\n","protected":false},"excerpt":{"rendered":"<p>Artikulation (= Laute produzieren) Eine neue Aussprache zu lernen, bedeutet unter anderem, neue Mundbewegungen zu lernen. Einige Bewegungen sind v\u00f6llig neu, weil es in der Muttersprache keinen \u00e4hnlichen Laut gibt. Bei anderen muss man nur Details \u00e4ndern und zum Beispiel die Muskeln etwas st\u00e4rker spannen oder die Zunge ein bisschen h\u00f6her heben. Das kann aber <a href='https:\/\/cornelia.siteware.ch\/cms\/daf-daz-2\/aussprache\/aussprache-uben\/was-muss-man-lernenuben' class='excerpt-more'>[&#8230;]<\/a><\/p>\n","protected":false},"author":4,"featured_media":0,"parent":101,"menu_order":0,"comment_status":"open","ping_status":"open","template":"","meta":{"footnotes":"","_links_to":"","_links_to_target":""},"_links":{"self":[{"href":"https:\/\/cornelia.siteware.ch\/cms\/wp-json\/wp\/v2\/pages\/592"}],"collection":[{"href":"https:\/\/cornelia.siteware.ch\/cms\/wp-json\/wp\/v2\/pages"}],"about":[{"href":"https:\/\/cornelia.siteware.ch\/cms\/wp-json\/wp\/v2\/types\/page"}],"author":[{"embeddable":true,"href":"https:\/\/cornelia.siteware.ch\/cms\/wp-json\/wp\/v2\/users\/4"}],"replies":[{"embeddable":true,"href":"https:\/\/cornelia.siteware.ch\/cms\/wp-json\/wp\/v2\/comments?post=592"}],"version-history":[{"count":11,"href":"https:\/\/cornelia.siteware.ch\/cms\/wp-json\/wp\/v2\/pages\/592\/revisions"}],"predecessor-version":[{"id":597,"href":"https:\/\/cornelia.siteware.ch\/cms\/wp-json\/wp\/v2\/pages\/592\/revisions\/597"}],"up":[{"embeddable":true,"href":"https:\/\/cornelia.siteware.ch\/cms\/wp-json\/wp\/v2\/pages\/101"}],"wp:attachment":[{"href":"https:\/\/cornelia.siteware.ch\/cms\/wp-json\/wp\/v2\/media?parent=592"}],"curies":[{"name":"wp","href":"https:\/\/api.w.org\/{rel}","templated":true}]}}