{"id":546,"date":"2011-04-16T21:46:19","date_gmt":"2011-04-16T20:46:19","guid":{"rendered":"http:\/\/cornelia.siteware.ch\/cms"},"modified":"2012-04-14T09:51:51","modified_gmt":"2012-04-14T08:51:51","slug":"didaktik-der-wortschatzvermittlung","status":"publish","type":"page","link":"https:\/\/cornelia.siteware.ch\/cms\/didaktik\/didaktik-der-wortschatzvermittlung","title":{"rendered":"Wortschatzvermittlung"},"content":{"rendered":"<h3>\u00dcbungsformen<\/h3>\n<ul>\n<li><a href=\"..\/..\/blog\/wordpress\/2010\/02\/11\/schnee-komposita\">Komposita zum Thema Schnee<\/a> (DaF-Blog)<\/li>\n<li><a href=\"http:\/\/cornelia.siteware.ch\/blog\/wordpress\/2011\/04\/29\/dictogloss-2\">Dictogloss<\/a> (DaF-Blog)<\/li>\n<li><a href=\"http:\/\/cornelia.siteware.ch\/blog\/wordpress\/2011\/07\/12\/gefullte-luckentexte\">Gef\u00fcllte L\u00fcckentexte<\/a> (DaF-Blog)<\/li>\n<li><a href=\"http:\/\/cornelia.siteware.ch\/blog\/wordpress\/2010\/02\/12\/silbenratsel\">Silbenr\u00e4tsel <\/a>(DaF-Blog)<\/li>\n<li>\u00dcbungsformen zum <a href=\"http:\/\/cornelia.siteware.ch\/blog\/wordpress\/2010\/02\/12\/individuellen-wortschatz-repetieren\">Repetieren von individuellem Wortschatz<\/a> (DaF-Blog)<\/li>\n<li><a href=\"http:\/\/cornelia.siteware.ch\/blog\/wordpress\/2009\/10\/30\/worter-mastermind\">W\u00f6rtermastermind<\/a> (Maria Al-Gunaid und Alexander Poletaew, ver\u00f6ffentlicht im DaF-Blog)<\/li>\n<li><a href=\"http:\/\/cornelia.siteware.ch\/blog\/wordpress\/2009\/08\/29\/visuelles-diktat\">Visuelles Diktat<\/a> (DaF-Blog)<\/li>\n<li><a href=\"http:\/\/cornelia.siteware.ch\/blog\/wordpress\/2009\/08\/26\/etwas-weisses-mit-funf-buchstaben\">Stadt-Land-Fluss-Variante<\/a> (DaF-Blog<\/li>\n<\/ul>\n<p>&nbsp;<\/p>\n<h3>Online-Tools<\/h3>\n<ul>\n<li><a href=\"http:\/\/cornelia.siteware.ch\/blog\/wordpress\/2009\/09\/27\/digitale-wortsuche\">Digitale Wortsuche <\/a>(DaF-Blog)<\/li>\n<li><\/li>\n<\/ul>\n","protected":false},"excerpt":{"rendered":"<p>\u00dcbungsformen Komposita zum Thema Schnee (DaF-Blog) Dictogloss (DaF-Blog) Gef\u00fcllte L\u00fcckentexte (DaF-Blog) Silbenr\u00e4tsel (DaF-Blog) \u00dcbungsformen zum Repetieren von individuellem Wortschatz (DaF-Blog) W\u00f6rtermastermind (Maria Al-Gunaid und Alexander Poletaew, ver\u00f6ffentlicht im DaF-Blog) Visuelles Diktat (DaF-Blog) Stadt-Land-Fluss-Variante (DaF-Blog &nbsp; Online-Tools Digitale Wortsuche (DaF-Blog)<\/p>\n","protected":false},"author":4,"featured_media":0,"parent":472,"menu_order":7,"comment_status":"closed","ping_status":"closed","template":"","meta":{"footnotes":"","_links_to":"","_links_to_target":""},"_links":{"self":[{"href":"https:\/\/cornelia.siteware.ch\/cms\/wp-json\/wp\/v2\/pages\/546"}],"collection":[{"href":"https:\/\/cornelia.siteware.ch\/cms\/wp-json\/wp\/v2\/pages"}],"about":[{"href":"https:\/\/cornelia.siteware.ch\/cms\/wp-json\/wp\/v2\/types\/page"}],"author":[{"embeddable":true,"href":"https:\/\/cornelia.siteware.ch\/cms\/wp-json\/wp\/v2\/users\/4"}],"replies":[{"embeddable":true,"href":"https:\/\/cornelia.siteware.ch\/cms\/wp-json\/wp\/v2\/comments?post=546"}],"version-history":[{"count":7,"href":"https:\/\/cornelia.siteware.ch\/cms\/wp-json\/wp\/v2\/pages\/546\/revisions"}],"predecessor-version":[{"id":548,"href":"https:\/\/cornelia.siteware.ch\/cms\/wp-json\/wp\/v2\/pages\/546\/revisions\/548"}],"up":[{"embeddable":true,"href":"https:\/\/cornelia.siteware.ch\/cms\/wp-json\/wp\/v2\/pages\/472"}],"wp:attachment":[{"href":"https:\/\/cornelia.siteware.ch\/cms\/wp-json\/wp\/v2\/media?parent=546"}],"curies":[{"name":"wp","href":"https:\/\/api.w.org\/{rel}","templated":true}]}}