{"id":529,"date":"2011-04-16T19:09:50","date_gmt":"2011-04-16T18:09:50","guid":{"rendered":"http:\/\/cornelia.siteware.ch\/cms"},"modified":"2012-04-08T12:37:50","modified_gmt":"2012-04-08T11:37:50","slug":"grammatiken-und-grammatikubersichten","status":"publish","type":"page","link":"https:\/\/cornelia.siteware.ch\/cms\/daf-daz-2\/grammatik\/grammatiken-und-grammatikubersichten","title":{"rendered":"Grammatiken und Grammatik\u00fcbersichten"},"content":{"rendered":"<h4>auf Deutsch erkl\u00e4rt<\/h4>\n<ul>\n<li><a href=\"http:\/\/canoo.net\/services\/OnlineGrammar\/Wort\/Ueberblick\/\">Wort<\/a>&#8211; und <a href=\"http:\/\/canoo.net\/services\/OnlineGrammar\/Satz\/Ueberblick\/\">Satzgrammatik<\/a> von <strong>Canoo<\/strong>. Man kann die Grammatik auch auf Englisch umstellen.<\/li>\n<li><strong><a href=\"http:\/\/www.deutschegrammatik20.de\">Deutsche Grammatik 2.0<\/a> von Uli Mattm\u00fcller<\/strong><a href=\"http:\/\/www.deutschegrammatik20.de\/deutsche-grammatik-inhaltsverzeichnis\/\"><br \/>\n<\/a>Kommentarfunktion f\u00fcr Verbesserungsvorschl\u00e4ge oder Fragen. Bisher (April 2011) nur wenige \u00dcbungen. <a href=\"http:\/\/www.deutschegrammatik20.de\/deutsche-grammatik-inhaltsverzeichnis\/\"><br \/>\n<\/a>Inhaltsverzeichnis: <a href=\"http:\/\/www.deutschegrammatik20.de\/deutsche-grammatik-inhaltsverzeichnis\/\">http:\/\/www.deutschegrammatik20.de\/deutsche-grammatik-inhaltsverzeichnis\/<br \/>\n<\/a>Grammatikblog <a href=\"http:\/\/www.deutschegrammatik20.de\/blog\/\">http:\/\/www.deutschegrammatik20.de\/blog\/<\/a><\/li>\n<li><strong>Mein Deutschbuch: Grammatik.<\/strong> Zu vielen Themen gibt es Pdfs mit \u00dcbungen zum Download. Die Macher der Seite bitten um eine kleine Spende, falls ihr die Aufgaben n\u00fctzlich finden. <a href=\"http:\/\/www.mein-deutschbuch.de\/lernen.php?\"><br \/>\nhttp:\/\/www.mein-deutschbuch.de\/lernen.php?<\/a><\/li>\n<\/ul>\n<h4>auf Englisch erkl\u00e4rt<\/h4>\n<ul>\n<li><a href=\"http:\/\/canoo.net\/services\/OnlineGrammar\/Wort\/Ueberblick\/\">Wort<\/a>&#8211; und <a href=\"http:\/\/canoo.net\/services\/OnlineGrammar\/Satz\/Ueberblick\/\">Satzgrammatik<\/a> von <strong>Canoo<\/strong>. Es gibt die Grammatik auf Deutsch und auf Englisch.<\/li>\n<li><strong>German Grammar bei about.com<\/strong><br \/>\n<a href=\"http:\/\/german.about.com\/library\/blgrammatik.htm\">http:\/\/german.about.com\/library\/blgrammatik.htm<\/a><\/li>\n<li><strong>German Grammar online manual<\/strong><br \/>\n<a href=\"http:\/\/www.german-grammar.de\/grammar\/content\/english_german_table_of_content.htm\">http:\/\/www.german-grammar.de\/grammar\/content\/english_german_table_of_content.htm<\/a><\/li>\n<li>I<strong>nternethandbook of German Grammar<\/strong><br \/>\n<a href=\"http:\/\/www.owl.tu-darmstadt.de\/owl\/hilfe_2\/hilfe.de.jsp\">http:\/\/www.travlang.com\/languages\/german\/ihgg\/<\/a><\/li>\n<\/ul>\n","protected":false},"excerpt":{"rendered":"<p>auf Deutsch erkl\u00e4rt Wort&#8211; und Satzgrammatik von Canoo. Man kann die Grammatik auch auf Englisch umstellen. Deutsche Grammatik 2.0 von Uli Mattm\u00fcller Kommentarfunktion f\u00fcr Verbesserungsvorschl\u00e4ge oder Fragen. Bisher (April 2011) nur wenige \u00dcbungen. Inhaltsverzeichnis: http:\/\/www.deutschegrammatik20.de\/deutsche-grammatik-inhaltsverzeichnis\/ Grammatikblog http:\/\/www.deutschegrammatik20.de\/blog\/ Mein Deutschbuch: Grammatik. Zu vielen Themen gibt es Pdfs mit \u00dcbungen zum Download. Die Macher der Seite bitten <a href='https:\/\/cornelia.siteware.ch\/cms\/daf-daz-2\/grammatik\/grammatiken-und-grammatikubersichten' class='excerpt-more'>[&#8230;]<\/a><\/p>\n","protected":false},"author":4,"featured_media":0,"parent":4,"menu_order":6,"comment_status":"closed","ping_status":"closed","template":"","meta":{"footnotes":"","_links_to":"","_links_to_target":""},"_links":{"self":[{"href":"https:\/\/cornelia.siteware.ch\/cms\/wp-json\/wp\/v2\/pages\/529"}],"collection":[{"href":"https:\/\/cornelia.siteware.ch\/cms\/wp-json\/wp\/v2\/pages"}],"about":[{"href":"https:\/\/cornelia.siteware.ch\/cms\/wp-json\/wp\/v2\/types\/page"}],"author":[{"embeddable":true,"href":"https:\/\/cornelia.siteware.ch\/cms\/wp-json\/wp\/v2\/users\/4"}],"replies":[{"embeddable":true,"href":"https:\/\/cornelia.siteware.ch\/cms\/wp-json\/wp\/v2\/comments?post=529"}],"version-history":[{"count":8,"href":"https:\/\/cornelia.siteware.ch\/cms\/wp-json\/wp\/v2\/pages\/529\/revisions"}],"predecessor-version":[{"id":1096,"href":"https:\/\/cornelia.siteware.ch\/cms\/wp-json\/wp\/v2\/pages\/529\/revisions\/1096"}],"up":[{"embeddable":true,"href":"https:\/\/cornelia.siteware.ch\/cms\/wp-json\/wp\/v2\/pages\/4"}],"wp:attachment":[{"href":"https:\/\/cornelia.siteware.ch\/cms\/wp-json\/wp\/v2\/media?parent=529"}],"curies":[{"name":"wp","href":"https:\/\/api.w.org\/{rel}","templated":true}]}}