{"id":495,"date":"2011-04-16T10:16:16","date_gmt":"2011-04-16T09:16:16","guid":{"rendered":"http:\/\/cornelia.siteware.ch\/cms"},"modified":"2011-04-16T10:16:16","modified_gmt":"2011-04-16T09:16:16","slug":"warum-man-das-horen-uben-sollte","status":"publish","type":"page","link":"https:\/\/cornelia.siteware.ch\/cms\/daf-daz-2\/horen\/hoeren-selbstaendig-ueben\/warum-man-das-horen-uben-sollte","title":{"rendered":"Warum man das H\u00f6ren \u00fcben sollte"},"content":{"rendered":"<h4>Vorbemerkungen<\/h4>\n<p class=\"note\">Zu verstehen, was andere sagen, ist eine Voraussetzung f\u00fcr<strong> Kommunikation<\/strong>.<\/p>\n<p>Das H\u00f6rverstehen gilt immer noch oft als  etwas, dass man einfach so nebenbei lernt und es scheint auch vielen nicht so wichtig wie die Grammatik oder das Sprechenlernen. Dabei ist es eine sehr grundlegende Kompetenz. Denn wenn man an einander vorbeiredet, weil man einander nicht versteht, ist das Gespr\u00e4ch schnell zu Ende. Man kann auch nicht immer nachfragen. Eine Lautsprecherdurchsage antwortet nicht auf Fragen und nicht immer ist eine andere Person da, die man fragen kann. Gute Fertigkeiten im H\u00f6rverstehen sind aus diesen Gr\u00fcnden sehr wichtig.<\/p>\n<p class=\"note\">Das H\u00f6ren auch eine wichtige Voraussetzung f\u00fcr eine <strong>gute Aussprache<\/strong>.<\/p>\n<p>Laute, die man nicht von anderen unterscheiden kann, kann man auch nicht korrekt aussprechen. Zudem hilft das H\u00f6ren von Texten in der Zielsprache, die Intonationsmuster dieser Sprache zu lernen.  Das H\u00f6ren von deutschen Texten kann helfen, die W\u00f6rter richtig zu betonen, Pausen an angebrachten Stellen zu machen etc. All dies erleichtert die Verst\u00e4ndigung mit Deutschsprachigen sehr.<\/p>\n","protected":false},"excerpt":{"rendered":"<p>Vorbemerkungen Zu verstehen, was andere sagen, ist eine Voraussetzung f\u00fcr Kommunikation. Das H\u00f6rverstehen gilt immer noch oft als etwas, dass man einfach so nebenbei lernt und es scheint auch vielen nicht so wichtig wie die Grammatik oder das Sprechenlernen. Dabei ist es eine sehr grundlegende Kompetenz. Denn wenn man an einander vorbeiredet, weil man einander <a href='https:\/\/cornelia.siteware.ch\/cms\/daf-daz-2\/horen\/hoeren-selbstaendig-ueben\/warum-man-das-horen-uben-sollte' class='excerpt-more'>[&#8230;]<\/a><\/p>\n","protected":false},"author":4,"featured_media":0,"parent":195,"menu_order":0,"comment_status":"closed","ping_status":"closed","template":"","meta":{"footnotes":"","_links_to":"","_links_to_target":""},"_links":{"self":[{"href":"https:\/\/cornelia.siteware.ch\/cms\/wp-json\/wp\/v2\/pages\/495"}],"collection":[{"href":"https:\/\/cornelia.siteware.ch\/cms\/wp-json\/wp\/v2\/pages"}],"about":[{"href":"https:\/\/cornelia.siteware.ch\/cms\/wp-json\/wp\/v2\/types\/page"}],"author":[{"embeddable":true,"href":"https:\/\/cornelia.siteware.ch\/cms\/wp-json\/wp\/v2\/users\/4"}],"replies":[{"embeddable":true,"href":"https:\/\/cornelia.siteware.ch\/cms\/wp-json\/wp\/v2\/comments?post=495"}],"version-history":[{"count":1,"href":"https:\/\/cornelia.siteware.ch\/cms\/wp-json\/wp\/v2\/pages\/495\/revisions"}],"predecessor-version":[{"id":496,"href":"https:\/\/cornelia.siteware.ch\/cms\/wp-json\/wp\/v2\/pages\/495\/revisions\/496"}],"up":[{"embeddable":true,"href":"https:\/\/cornelia.siteware.ch\/cms\/wp-json\/wp\/v2\/pages\/195"}],"wp:attachment":[{"href":"https:\/\/cornelia.siteware.ch\/cms\/wp-json\/wp\/v2\/media?parent=495"}],"curies":[{"name":"wp","href":"https:\/\/api.w.org\/{rel}","templated":true}]}}