{"id":49,"date":"2011-01-02T14:53:08","date_gmt":"2011-01-02T13:53:08","guid":{"rendered":"http:\/\/cornelia.siteware.ch\/cms\/?page_id=49"},"modified":"2011-10-18T06:51:06","modified_gmt":"2011-10-18T05:51:06","slug":"daf-daz-2","status":"publish","type":"page","link":"https:\/\/cornelia.siteware.ch\/cms\/daf-daz-2","title":{"rendered":"Deutsch lernen"},"content":{"rendered":"<div id=\"shailan-subpages-49-1\"><ul class=\"subpages\"><li class=\"page_item page-item-7\"><a href=\"https:\/\/cornelia.siteware.ch\/cms\/daf-daz-2\/aussprache\"  rel=\"\">Aussprache<\/a>\n<ul class='children'>\n\t<li class=\"page_item page-item-101\"><a href=\"https:\/\/cornelia.siteware.ch\/cms\/daf-daz-2\/aussprache\/aussprache-uben\"  rel=\"\">Aussprache selbst\u00e4ndig \u00fcben<\/a>\n\t<ul class='children'>\n\t\t<li class=\"page_item page-item-594\"><a href=\"https:\/\/cornelia.siteware.ch\/cms\/daf-daz-2\/aussprache\/aussprache-uben\/ubungsformen-und-materialien\"  rel=\"\">\u00dcbungsformen und -materialien<\/a><\/li>\n\t\t<li class=\"page_item page-item-592\"><a href=\"https:\/\/cornelia.siteware.ch\/cms\/daf-daz-2\/aussprache\/aussprache-uben\/was-muss-man-lernenuben\"  rel=\"\">Was muss man lernen\/\u00fcben?<\/a><\/li>\n\t<\/ul>\n<\/li>\n\t<li class=\"page_item page-item-104\"><a href=\"https:\/\/cornelia.siteware.ch\/cms\/daf-daz-2\/aussprache\/betonung-akzentuierung\"  rel=\"\">Betonung \/ Akzentuierung<\/a><\/li>\n\t<li class=\"page_item page-item-106\"><a href=\"https:\/\/cornelia.siteware.ch\/cms\/daf-daz-2\/aussprache\/intonation\"  rel=\"\">Intonation, Pausen und Rhythmus<\/a><\/li>\n\t<li class=\"page_item page-item-80\"><a href=\"https:\/\/cornelia.siteware.ch\/cms\/daf-daz-2\/aussprache\/laute-und-buchstaben\"  rel=\"\">Laute und Buchstaben<\/a>\n\t<ul class='children'>\n\t\t<li class=\"page_item page-item-18\"><a href=\"https:\/\/cornelia.siteware.ch\/cms\/daf-daz-2\/aussprache\/laute-und-buchstaben\/aussprache-und-rechtschreibung\"  rel=\"\">Aussprache und Rechtschreibung<\/a><\/li>\n\t<\/ul>\n<\/li>\n\t<li class=\"page_item page-item-111\"><a href=\"https:\/\/cornelia.siteware.ch\/cms\/daf-daz-2\/aussprache\/silben\"  rel=\"\">Silben<\/a><\/li>\n\t<li class=\"page_item page-item-94\"><a href=\"https:\/\/cornelia.siteware.ch\/cms\/daf-daz-2\/aussprache\/worterbucher-mit-ausspracheangaben\"  rel=\"\">W\u00f6rterb\u00fccher mit Ausspracheangaben<\/a><\/li>\n<\/ul>\n<\/li>\n<li class=\"page_item page-item-4\"><a href=\"https:\/\/cornelia.siteware.ch\/cms\/daf-daz-2\/grammatik\"  rel=\"\">Grammatik<\/a>\n<ul class='children'>\n\t<li class=\"page_item page-item-1087\"><a href=\"https:\/\/cornelia.siteware.ch\/cms\/daf-daz-2\/grammatik\/nomen-artikel-und-pronomen\"  rel=\"\">Nomen, Artikel und Pronomen<\/a>\n\t<ul class='children'>\n\t\t<li class=\"page_item page-item-1084\"><a href=\"https:\/\/cornelia.siteware.ch\/cms\/daf-daz-2\/grammatik\/nomen-artikel-und-pronomen\/grammatikbegriffe-die-falle\"  rel=\"\">Grammatikbegriffe: Nomen, Pronomen und Artikel<\/a><\/li>\n\t\t<li class=\"page_item page-item-1104\"><a href=\"https:\/\/cornelia.siteware.ch\/cms\/daf-daz-2\/grammatik\/nomen-artikel-und-pronomen\/artikel-der-die-das-ein-eine-articles\"  rel=\"\">Artikel (der, die, das, ein, eine ...) - Articles<\/a><\/li>\n\t\t<li class=\"page_item page-item-1468\"><a href=\"https:\/\/cornelia.siteware.ch\/cms\/daf-daz-2\/grammatik\/nomen-artikel-und-pronomen\/genus-grammatical-gender\"  rel=\"\">Genus - Grammatical Gender<\/a><\/li>\n\t\t<li class=\"page_item page-item-1080\"><a href=\"https:\/\/cornelia.siteware.ch\/cms\/daf-daz-2\/grammatik\/nomen-artikel-und-pronomen\/faelle-kasus-the-case\"  rel=\"\">Die F\u00e4lle (Kasus) - The cases<\/a><\/li>\n\t<\/ul>\n<\/li>\n\t<li class=\"page_item page-item-809\"><a href=\"https:\/\/cornelia.siteware.ch\/cms\/daf-daz-2\/grammatik\/verben\"  rel=\"\">Verben<\/a>\n\t<ul class='children'>\n\t\t<li class=\"page_item page-item-886\"><a href=\"https:\/\/cornelia.siteware.ch\/cms\/daf-daz-2\/grammatik\/verben\/die-stammformen\"  rel=\"\">Die Stammformen<\/a><\/li>\n\t\t<li class=\"page_item page-item-813\"><a href=\"https:\/\/cornelia.siteware.ch\/cms\/daf-daz-2\/grammatik\/verben\/grammatikbegriffe-verben\"  rel=\"\">Grammatikbegriffe: Verben<\/a><\/li>\n\t\t<li class=\"page_item page-item-951\"><a href=\"https:\/\/cornelia.siteware.ch\/cms\/daf-daz-2\/grammatik\/verben\/tempora-tenses\"  rel=\"\">Tempora - Tenses<\/a><\/li>\n\t\t<li class=\"page_item page-item-1364\"><a href=\"https:\/\/cornelia.siteware.ch\/cms\/daf-daz-2\/grammatik\/verben\/verben-und-ihre-erganzungen\"  rel=\"\">Verben und ihre Erg\u00e4nzungen<\/a><\/li>\n\t\t<li class=\"page_item page-item-993\"><a href=\"https:\/\/cornelia.siteware.ch\/cms\/daf-daz-2\/grammatik\/verben\/verschiedene-verbtypen\"  rel=\"\">Verschiedene Verbtypen<\/a><\/li>\n\t\t<li class=\"page_item page-item-1311\"><a href=\"https:\/\/cornelia.siteware.ch\/cms\/daf-daz-2\/grammatik\/verben\/imparativ\"  rel=\"\">Imperativ - Imperative<\/a><\/li>\n\t<\/ul>\n<\/li>\n\t<li class=\"page_item page-item-1101\"><a href=\"https:\/\/cornelia.siteware.ch\/cms\/daf-daz-2\/grammatik\/adjektive\"  rel=\"\">Adjektive<\/a>\n\t<ul class='children'>\n\t\t<li class=\"page_item page-item-1114\"><a href=\"https:\/\/cornelia.siteware.ch\/cms\/daf-daz-2\/grammatik\/adjektive\/steigerung-komparation\"  rel=\"\">Steigerung (Komparation)<\/a><\/li>\n\t<\/ul>\n<\/li>\n\t<li class=\"page_item page-item-1019\"><a href=\"https:\/\/cornelia.siteware.ch\/cms\/daf-daz-2\/grammatik\/prapositionen\"  rel=\"\">Pr\u00e4positionen<\/a>\n\t<ul class='children'>\n\t\t<li class=\"page_item page-item-1263\"><a href=\"https:\/\/cornelia.siteware.ch\/cms\/daf-daz-2\/grammatik\/prapositionen\/bedeutung-und-funktion-der-prapositionen\"  rel=\"\">Bedeutung und Funktion der Pr\u00e4positionen - Meaning and Function of Prepositions<\/a><\/li>\n\t\t<li class=\"page_item page-item-1030\"><a href=\"https:\/\/cornelia.siteware.ch\/cms\/daf-daz-2\/grammatik\/prapositionen\/prapositionen-mit-dem-akkusativ\"  rel=\"\">Pr\u00e4positionen mit dem Akkusativ - Prepositions combined with accusative case<\/a><\/li>\n\t\t<li class=\"page_item page-item-1221\"><a href=\"https:\/\/cornelia.siteware.ch\/cms\/daf-daz-2\/grammatik\/prapositionen\/prapositionen-mit-dem-dativ\"  rel=\"\">Pr\u00e4positionen mit dem Dativ<\/a><\/li>\n\t\t<li class=\"page_item page-item-1021\"><a href=\"https:\/\/cornelia.siteware.ch\/cms\/daf-daz-2\/grammatik\/prapositionen\/wechselprapositionen-two-way-prepositions\"  rel=\"\">Wechselpr\u00e4positionen - Two-Way-Prepositions<\/a><\/li>\n\t\t<li class=\"page_item page-item-1281\"><a href=\"https:\/\/cornelia.siteware.ch\/cms\/daf-daz-2\/grammatik\/prapositionen\/prapositionen-lernen\"  rel=\"\">Pr\u00e4positionen lernen<\/a><\/li>\n\t<\/ul>\n<\/li>\n\t<li class=\"page_item page-item-1040\"><a href=\"https:\/\/cornelia.siteware.ch\/cms\/daf-daz-2\/grammatik\/syntax\"  rel=\"\">Syntax<\/a>\n\t<ul class='children'>\n\t\t<li class=\"page_item page-item-1045\"><a href=\"https:\/\/cornelia.siteware.ch\/cms\/daf-daz-2\/grammatik\/syntax\/hauptsatz-maic-clause\"  rel=\"\">Die Position des Verbs im Hauptsatz - The position of the verb in a main clause<\/a><\/li>\n\t\t<li class=\"page_item page-item-1523\"><a href=\"https:\/\/cornelia.siteware.ch\/cms\/daf-daz-2\/grammatik\/syntax\/gemischte-ubungen-zur-syntax\"  rel=\"\">Gemischte \u00dcbungen zur Syntax<\/a><\/li>\n\t<\/ul>\n<\/li>\n\t<li class=\"page_item page-item-529\"><a href=\"https:\/\/cornelia.siteware.ch\/cms\/daf-daz-2\/grammatik\/grammatiken-und-grammatikubersichten\"  rel=\"\">Grammatiken und Grammatik\u00fcbersichten<\/a><\/li>\n<\/ul>\n<\/li>\n<li class=\"page_item page-item-16\"><a href=\"https:\/\/cornelia.siteware.ch\/cms\/daf-daz-2\/horen\"  rel=\"\">H\u00f6ren<\/a>\n<ul class='children'>\n\t<li class=\"page_item page-item-195\"><a href=\"https:\/\/cornelia.siteware.ch\/cms\/daf-daz-2\/horen\/hoeren-selbstaendig-ueben\"  rel=\"\">H\u00f6ren selbst\u00e4ndig \u00fcben<\/a>\n\t<ul class='children'>\n\t\t<li class=\"page_item page-item-143\"><a href=\"https:\/\/cornelia.siteware.ch\/cms\/daf-daz-2\/horen\/hoeren-selbstaendig-ueben\/hoeren-und-sehen\"  rel=\"\">H\u00f6ren und Sehen<\/a><\/li>\n\t\t<li class=\"page_item page-item-660\"><a href=\"https:\/\/cornelia.siteware.ch\/cms\/daf-daz-2\/horen\/hoeren-selbstaendig-ueben\/transkriptionen\"  rel=\"\">Transkriptionen<\/a><\/li>\n\t\t<li class=\"page_item page-item-495\"><a href=\"https:\/\/cornelia.siteware.ch\/cms\/daf-daz-2\/horen\/hoeren-selbstaendig-ueben\/warum-man-das-horen-uben-sollte\"  rel=\"\">Warum man das H\u00f6ren \u00fcben sollte<\/a><\/li>\n\t<\/ul>\n<\/li>\n\t<li class=\"page_item page-item-497\"><a href=\"https:\/\/cornelia.siteware.ch\/cms\/daf-daz-2\/horen\/ressourcen-fur-das-horverstehen\"  rel=\"\">Ressourcen f\u00fcr das H\u00f6rverstehen<\/a>\n\t<ul class='children'>\n\t\t<li class=\"page_item page-item-124\"><a href=\"https:\/\/cornelia.siteware.ch\/cms\/daf-daz-2\/horen\/ressourcen-fur-das-horverstehen\/hv-aufgaben\"  rel=\"\">didaktisierte HV-Aufgaben<\/a><\/li>\n\t\t<li class=\"page_item page-item-519\"><a href=\"https:\/\/cornelia.siteware.ch\/cms\/daf-daz-2\/horen\/ressourcen-fur-das-horverstehen\/fernsehen\"  rel=\"\">Fernsehen<\/a><\/li>\n\t\t<li class=\"page_item page-item-490\"><a href=\"https:\/\/cornelia.siteware.ch\/cms\/daf-daz-2\/horen\/ressourcen-fur-das-horverstehen\/hortexte-mit-transkription\"  rel=\"\">H\u00f6rtexte mit Transkription<\/a><\/li>\n\t\t<li class=\"page_item page-item-136\"><a href=\"https:\/\/cornelia.siteware.ch\/cms\/daf-daz-2\/horen\/ressourcen-fur-das-horverstehen\/literatur-und-gedichte\"  rel=\"\">Literatur und Gedichte<\/a><\/li>\n\t\t<li class=\"page_item page-item-244\"><a href=\"https:\/\/cornelia.siteware.ch\/cms\/daf-daz-2\/horen\/ressourcen-fur-das-horverstehen\/musik\"  rel=\"\">Musik<\/a><\/li>\n\t<\/ul>\n<\/li>\n<\/ul>\n<\/li>\n<li class=\"page_item page-item-20\"><a href=\"https:\/\/cornelia.siteware.ch\/cms\/daf-daz-2\/landeskunde\"  rel=\"\">Landeskunde<\/a>\n<ul class='children'>\n\t<li class=\"page_item page-item-734\"><a href=\"https:\/\/cornelia.siteware.ch\/cms\/daf-daz-2\/landeskunde\/didaktisiertes-material\"  rel=\"\">Didaktisiertes Material<\/a><\/li>\n\t<li class=\"page_item page-item-356\"><a href=\"https:\/\/cornelia.siteware.ch\/cms\/daf-daz-2\/landeskunde\/informationen-zur-schweiz\"  rel=\"\">Informationen zur Schweiz<\/a>\n\t<ul class='children'>\n\t\t<li class=\"page_item page-item-1695\"><a href=\"https:\/\/cornelia.siteware.ch\/cms\/daf-daz-2\/landeskunde\/informationen-zur-schweiz\/landessprachen-und-mehrsprachigkeit\"  rel=\"\">Landessprachen und Mehrsprachigkeit<\/a><\/li>\n\t\t<li class=\"page_item page-item-1692\"><a href=\"https:\/\/cornelia.siteware.ch\/cms\/daf-daz-2\/landeskunde\/informationen-zur-schweiz\/leben-in-der-schweiz\"  rel=\"\">Leben und Alltag in der Schweiz<\/a><\/li>\n\t\t<li class=\"page_item page-item-1699\"><a href=\"https:\/\/cornelia.siteware.ch\/cms\/daf-daz-2\/landeskunde\/informationen-zur-schweiz\/politik\"  rel=\"\">Politik (in) der Schweiz<\/a><\/li>\n\t\t<li class=\"page_item page-item-738\"><a href=\"https:\/\/cornelia.siteware.ch\/cms\/daf-daz-2\/landeskunde\/informationen-zur-schweiz\/schweiz-erster-einstieg\"  rel=\"\">Schweiz: Erster Einstieg<\/a><\/li>\n\t\t<li class=\"page_item page-item-741\"><a href=\"https:\/\/cornelia.siteware.ch\/cms\/daf-daz-2\/landeskunde\/informationen-zur-schweiz\/audio-und-video-aus-und-zu-der-schweiz\"  rel=\"\">Audio und Video aus der und zur Schweiz<\/a><\/li>\n\t<\/ul>\n<\/li>\n\t<li class=\"page_item page-item-370\"><a href=\"https:\/\/cornelia.siteware.ch\/cms\/daf-daz-2\/landeskunde\/varietaten\"  rel=\"\">Variet\u00e4ten<\/a>\n\t<ul class='children'>\n\t\t<li class=\"page_item page-item-763\"><a href=\"https:\/\/cornelia.siteware.ch\/cms\/daf-daz-2\/landeskunde\/varietaten\/nationale-varietaten\"  rel=\"\">Nationale Variet\u00e4ten<\/a><\/li>\n\t\t<li class=\"page_item page-item-755\"><a href=\"https:\/\/cornelia.siteware.ch\/cms\/daf-daz-2\/landeskunde\/varietaten\/dialekte\"  rel=\"\">Dialekte <\/a><\/li>\n\t<\/ul>\n<\/li>\n<\/ul>\n<\/li>\n<li class=\"page_item page-item-13\"><a href=\"https:\/\/cornelia.siteware.ch\/cms\/daf-daz-2\/lesen\"  rel=\"\">Lesen<\/a>\n<ul class='children'>\n\t<li class=\"page_item page-item-1845\"><a href=\"https:\/\/cornelia.siteware.ch\/cms\/daf-daz-2\/lesen\/lesetext-mediennutzung-und-kommunikationstechnologien\"  rel=\"\">Lesetext: Mediennutzung und Kommunikationstechnologien<\/a><\/li>\n<\/ul>\n<\/li>\n<li class=\"page_item page-item-45\"><a href=\"https:\/\/cornelia.siteware.ch\/cms\/daf-daz-2\/schreiben\"  rel=\"\">Schreiben<\/a><\/li>\n<li class=\"page_item page-item-431\"><a href=\"https:\/\/cornelia.siteware.ch\/cms\/daf-daz-2\/sprechen\"  rel=\"\">Sprechen<\/a>\n<ul class='children'>\n\t<li class=\"page_item page-item-433\"><a href=\"https:\/\/cornelia.siteware.ch\/cms\/daf-daz-2\/sprechen\/tandem\"  rel=\"\">Tandem<\/a><\/li>\n<\/ul>\n<\/li>\n<li class=\"page_item page-item-22\"><a href=\"https:\/\/cornelia.siteware.ch\/cms\/daf-daz-2\/wortschatz-und-worterbucher\"  rel=\"\">Wortschatz<\/a>\n<ul class='children'>\n\t<li class=\"page_item page-item-1853\"><a href=\"https:\/\/cornelia.siteware.ch\/cms\/daf-daz-2\/wortschatz-und-worterbucher\/worter-kennen\"  rel=\"\">Was muss man wissen, damit man ein Wort kennt? <\/a>\n\t<ul class='children'>\n\t\t<li class=\"page_item page-item-1882\"><a href=\"https:\/\/cornelia.siteware.ch\/cms\/daf-daz-2\/wortschatz-und-worterbucher\/worter-kennen\/form\"  rel=\"\">Form<\/a><\/li>\n\t\t<li class=\"page_item page-item-1859\"><a href=\"https:\/\/cornelia.siteware.ch\/cms\/daf-daz-2\/wortschatz-und-worterbucher\/worter-kennen\/gebrauch\"  rel=\"\">Gebrauch<\/a><\/li>\n\t\t<li class=\"page_item page-item-1886\"><a href=\"https:\/\/cornelia.siteware.ch\/cms\/daf-daz-2\/wortschatz-und-worterbucher\/worter-kennen\/bedeutung\"  rel=\"\">Bedeutung<\/a><\/li>\n\t<\/ul>\n<\/li>\n\t<li class=\"page_item page-item-1790\"><a href=\"https:\/\/cornelia.siteware.ch\/cms\/daf-daz-2\/wortschatz-und-worterbucher\/selber-wortschatz-lernen\"  rel=\"\">Selber Wortschatz lernen<\/a>\n\t<ul class='children'>\n\t\t<li class=\"page_item page-item-1799\"><a href=\"https:\/\/cornelia.siteware.ch\/cms\/daf-daz-2\/wortschatz-und-worterbucher\/selber-wortschatz-lernen\/assoziogramme-wortnetze\"  rel=\"\">Assoziogramme \/ Wortnetze<\/a><\/li>\n\t\t<li class=\"page_item page-item-1794\"><a href=\"https:\/\/cornelia.siteware.ch\/cms\/daf-daz-2\/wortschatz-und-worterbucher\/selber-wortschatz-lernen\/karteikarten\"  rel=\"\">Karteikarten<\/a><\/li>\n\t\t<li class=\"page_item page-item-140\"><a href=\"https:\/\/cornelia.siteware.ch\/cms\/daf-daz-2\/wortschatz-und-worterbucher\/selber-wortschatz-lernen\/wortbildung\"  rel=\"\">Wortbildung<\/a><\/li>\n\t\t<li class=\"page_item page-item-805\"><a href=\"https:\/\/cornelia.siteware.ch\/cms\/daf-daz-2\/wortschatz-und-worterbucher\/selber-wortschatz-lernen\/worterbucher-und-redemittellisten\"  rel=\"\">W\u00f6rterb\u00fccher und Redemittellisten<\/a><\/li>\n\t\t<li class=\"page_item page-item-133\"><a href=\"https:\/\/cornelia.siteware.ch\/cms\/daf-daz-2\/wortschatz-und-worterbucher\/selber-wortschatz-lernen\/lernmethoden-und-werkzeuge\"  rel=\"\">weitere Beispiele<\/a><\/li>\n\t<\/ul>\n<\/li>\n<\/ul>\n<\/li>\n<li class=\"page_item page-item-1382\"><a href=\"https:\/\/cornelia.siteware.ch\/cms\/daf-daz-2\/sprachkurse\"  rel=\"\">Sprachkurse<\/a><\/li>\n<\/ul><\/div>\n","protected":false},"excerpt":{"rendered":"<p>Aussprache Aussprache selbst\u00e4ndig \u00fcben \u00dcbungsformen und -materialien Was muss man lernen\/\u00fcben? Betonung \/ Akzentuierung Intonation, Pausen und Rhythmus Laute und Buchstaben Aussprache und Rechtschreibung Silben W\u00f6rterb\u00fccher mit Ausspracheangaben Grammatik Nomen, Artikel und Pronomen Grammatikbegriffe: Nomen, Pronomen und Artikel Artikel (der, die, das, ein, eine &#8230;) &#8211; Articles der bestimmte Artikel der unbestimmte Artikel &#8211; undefined <a href='https:\/\/cornelia.siteware.ch\/cms\/daf-daz-2' class='excerpt-more'>[&#8230;]<\/a><\/p>\n","protected":false},"author":4,"featured_media":0,"parent":0,"menu_order":1,"comment_status":"closed","ping_status":"closed","template":"","meta":{"footnotes":"","_links_to":"","_links_to_target":""},"_links":{"self":[{"href":"https:\/\/cornelia.siteware.ch\/cms\/wp-json\/wp\/v2\/pages\/49"}],"collection":[{"href":"https:\/\/cornelia.siteware.ch\/cms\/wp-json\/wp\/v2\/pages"}],"about":[{"href":"https:\/\/cornelia.siteware.ch\/cms\/wp-json\/wp\/v2\/types\/page"}],"author":[{"embeddable":true,"href":"https:\/\/cornelia.siteware.ch\/cms\/wp-json\/wp\/v2\/users\/4"}],"replies":[{"embeddable":true,"href":"https:\/\/cornelia.siteware.ch\/cms\/wp-json\/wp\/v2\/comments?post=49"}],"version-history":[{"count":8,"href":"https:\/\/cornelia.siteware.ch\/cms\/wp-json\/wp\/v2\/pages\/49\/revisions"}],"predecessor-version":[{"id":778,"href":"https:\/\/cornelia.siteware.ch\/cms\/wp-json\/wp\/v2\/pages\/49\/revisions\/778"}],"wp:attachment":[{"href":"https:\/\/cornelia.siteware.ch\/cms\/wp-json\/wp\/v2\/media?parent=49"}],"curies":[{"name":"wp","href":"https:\/\/api.w.org\/{rel}","templated":true}]}}