{"id":22,"date":"2011-01-02T12:21:13","date_gmt":"2011-01-02T11:21:13","guid":{"rendered":"http:\/\/cornelia.siteware.ch\/cms\/?page_id=22"},"modified":"2012-05-13T12:04:54","modified_gmt":"2012-05-13T11:04:54","slug":"wortschatz-und-worterbucher","status":"publish","type":"page","link":"https:\/\/cornelia.siteware.ch\/cms\/daf-daz-2\/wortschatz-und-worterbucher","title":{"rendered":"Wortschatz f\u00fcr DaF und DaZ"},"content":{"rendered":"<p><strong>W\u00f6rter lernen ist wichtig<\/strong><br \/>\nWenn man eine neue Sprache lernt, ist das Lernen von neuen W\u00f6rtern und Ausdr\u00fccken eine der wichtigsten Aufgaben. Der Wortschatz ist deshalb so wichtig, weil er das Kommunizieren und\u00a0 Verstehen erm\u00f6glicht, auch wenn man die betreffenden Satzkonstruktionen noch nicht gelernt hat. Man kann dann zwar nicht alles sagen oder verstehen, was man m\u00f6chte, aber sehr viel mehr, als wenn man nur die Regeln theoretisch gelernt hat und fast keine W\u00f6rter kennt.<br \/>\n<em><small>When learning a new language, acquiring new vocabulary and expressions is one of the most important tasks. The Vocabulary you know allows you to communicate and understand, even if you do not know all the grammar involved. In that case, you will of course not be able to express or understand everything you would like to, but much more than the mere knowlege of theoretical rules would allow you to.<\/small><\/em><\/p>\n<p>Das Lernen von vielen einzelnen W\u00f6rtern ist aber nicht zu empfehlen. Versucht immer, Kontexte (das heisst S\u00e4tze, Texte, Situationen etc.) zu finden, in denen die W\u00f6rter, die ihr lernt, benutzt werden und in denen ihr sie selber benutzen k\u00f6nnt. Auf diese Weise habt ihr viele schon halbfertige S\u00e4tze im Kopf und mehr Kapazit\u00e4t zum Denken.<br \/>\n<em><small>I do not recommend you learning a lot of isolated words. Try to find contexts (i.e. sentences, texts, situations etc.) the words are used\u00a0 in and can be used in your every day life. This method results in a lot of ready to use chunks that allow you more time to plan what you want to say.<\/small><\/em><\/p>\n<div id=\"shailan-subpages-22-1\"><ul class=\"subpages\"><li class=\"page_item page-item-1853\"><a href=\"https:\/\/cornelia.siteware.ch\/cms\/daf-daz-2\/wortschatz-und-worterbucher\/worter-kennen\"  rel=\"\">Was muss man wissen, damit man ein Wort kennt? <\/a>\n<ul class='children'>\n\t<li class=\"page_item page-item-1882\"><a href=\"https:\/\/cornelia.siteware.ch\/cms\/daf-daz-2\/wortschatz-und-worterbucher\/worter-kennen\/form\"  rel=\"\">Form<\/a><\/li>\n\t<li class=\"page_item page-item-1859\"><a href=\"https:\/\/cornelia.siteware.ch\/cms\/daf-daz-2\/wortschatz-und-worterbucher\/worter-kennen\/gebrauch\"  rel=\"\">Gebrauch<\/a><\/li>\n\t<li class=\"page_item page-item-1886\"><a href=\"https:\/\/cornelia.siteware.ch\/cms\/daf-daz-2\/wortschatz-und-worterbucher\/worter-kennen\/bedeutung\"  rel=\"\">Bedeutung<\/a><\/li>\n<\/ul>\n<\/li>\n<li class=\"page_item page-item-1790\"><a href=\"https:\/\/cornelia.siteware.ch\/cms\/daf-daz-2\/wortschatz-und-worterbucher\/selber-wortschatz-lernen\"  rel=\"\">Selber Wortschatz lernen<\/a>\n<ul class='children'>\n\t<li class=\"page_item page-item-1799\"><a href=\"https:\/\/cornelia.siteware.ch\/cms\/daf-daz-2\/wortschatz-und-worterbucher\/selber-wortschatz-lernen\/assoziogramme-wortnetze\"  rel=\"\">Assoziogramme \/ Wortnetze<\/a><\/li>\n\t<li class=\"page_item page-item-1794\"><a href=\"https:\/\/cornelia.siteware.ch\/cms\/daf-daz-2\/wortschatz-und-worterbucher\/selber-wortschatz-lernen\/karteikarten\"  rel=\"\">Karteikarten<\/a><\/li>\n\t<li class=\"page_item page-item-140\"><a href=\"https:\/\/cornelia.siteware.ch\/cms\/daf-daz-2\/wortschatz-und-worterbucher\/selber-wortschatz-lernen\/wortbildung\"  rel=\"\">Wortbildung<\/a>\n\t<ul class='children'>\n\t\t<li class=\"page_item page-item-1329\"><a href=\"https:\/\/cornelia.siteware.ch\/cms\/daf-daz-2\/wortschatz-und-worterbucher\/selber-wortschatz-lernen\/wortbildung\/komposita\"  rel=\"\">Komposita<\/a><\/li>\n\t\t<li class=\"page_item page-item-1335\"><a href=\"https:\/\/cornelia.siteware.ch\/cms\/daf-daz-2\/wortschatz-und-worterbucher\/selber-wortschatz-lernen\/wortbildung\/suffixe\"  rel=\"\">Suffixe<\/a><\/li>\n\t<\/ul>\n<\/li>\n\t<li class=\"page_item page-item-805\"><a href=\"https:\/\/cornelia.siteware.ch\/cms\/daf-daz-2\/wortschatz-und-worterbucher\/selber-wortschatz-lernen\/worterbucher-und-redemittellisten\"  rel=\"\">W\u00f6rterb\u00fccher und Redemittellisten<\/a><\/li>\n\t<li class=\"page_item page-item-133\"><a href=\"https:\/\/cornelia.siteware.ch\/cms\/daf-daz-2\/wortschatz-und-worterbucher\/selber-wortschatz-lernen\/lernmethoden-und-werkzeuge\"  rel=\"\">weitere Beispiele<\/a><\/li>\n<\/ul>\n<\/li>\n<\/ul><\/div>\n","protected":false},"excerpt":{"rendered":"<p>W\u00f6rter lernen ist wichtig Wenn man eine neue Sprache lernt, ist das Lernen von neuen W\u00f6rtern und Ausdr\u00fccken eine der wichtigsten Aufgaben. Der Wortschatz ist deshalb so wichtig, weil er das Kommunizieren und\u00a0 Verstehen erm\u00f6glicht, auch wenn man die betreffenden Satzkonstruktionen noch nicht gelernt hat. Man kann dann zwar nicht alles sagen oder verstehen, was <a href='https:\/\/cornelia.siteware.ch\/cms\/daf-daz-2\/wortschatz-und-worterbucher' class='excerpt-more'>[&#8230;]<\/a><\/p>\n","protected":false},"author":4,"featured_media":0,"parent":49,"menu_order":9,"comment_status":"closed","ping_status":"closed","template":"","meta":{"footnotes":"","_links_to":"","_links_to_target":""},"_links":{"self":[{"href":"https:\/\/cornelia.siteware.ch\/cms\/wp-json\/wp\/v2\/pages\/22"}],"collection":[{"href":"https:\/\/cornelia.siteware.ch\/cms\/wp-json\/wp\/v2\/pages"}],"about":[{"href":"https:\/\/cornelia.siteware.ch\/cms\/wp-json\/wp\/v2\/types\/page"}],"author":[{"embeddable":true,"href":"https:\/\/cornelia.siteware.ch\/cms\/wp-json\/wp\/v2\/users\/4"}],"replies":[{"embeddable":true,"href":"https:\/\/cornelia.siteware.ch\/cms\/wp-json\/wp\/v2\/comments?post=22"}],"version-history":[{"count":26,"href":"https:\/\/cornelia.siteware.ch\/cms\/wp-json\/wp\/v2\/pages\/22\/revisions"}],"predecessor-version":[{"id":126,"href":"https:\/\/cornelia.siteware.ch\/cms\/wp-json\/wp\/v2\/pages\/22\/revisions\/126"}],"up":[{"embeddable":true,"href":"https:\/\/cornelia.siteware.ch\/cms\/wp-json\/wp\/v2\/pages\/49"}],"wp:attachment":[{"href":"https:\/\/cornelia.siteware.ch\/cms\/wp-json\/wp\/v2\/media?parent=22"}],"curies":[{"name":"wp","href":"https:\/\/api.w.org\/{rel}","templated":true}]}}