{"id":20,"date":"2011-01-02T12:20:58","date_gmt":"2011-01-02T11:20:58","guid":{"rendered":"http:\/\/cornelia.siteware.ch\/cms\/?page_id=20"},"modified":"2011-10-18T06:46:18","modified_gmt":"2011-10-18T05:46:18","slug":"landeskunde","status":"publish","type":"page","link":"https:\/\/cornelia.siteware.ch\/cms\/daf-daz-2\/landeskunde","title":{"rendered":"Landeskunde"},"content":{"rendered":"<p>Auf dieser Seite findet ihr Informationen zu den D-A-CH-L\u00e4ndern: (Deutschland, \u00d6sterreich, Schweiz). Der Schwerpunkt liegt auf der Schweiz. Andere L\u00e4nder, in denen auch Deutsch gesprochen wird (Liechtenstein, Belgien, Italien, &#8230;) sind im Moment nicht ber\u00fccksichtigt.<\/p>\n<h3>Rubriken<\/h3>\n<div id=\"shailan-subpages-20-1\"><ul class=\"subpages\"><li class=\"page_item page-item-734\"><a href=\"https:\/\/cornelia.siteware.ch\/cms\/daf-daz-2\/landeskunde\/didaktisiertes-material\"  rel=\"\">Didaktisiertes Material<\/a><\/li>\n<li class=\"page_item page-item-356\"><a href=\"https:\/\/cornelia.siteware.ch\/cms\/daf-daz-2\/landeskunde\/informationen-zur-schweiz\"  rel=\"\">Informationen zur Schweiz<\/a>\n<ul class='children'>\n\t<li class=\"page_item page-item-1695\"><a href=\"https:\/\/cornelia.siteware.ch\/cms\/daf-daz-2\/landeskunde\/informationen-zur-schweiz\/landessprachen-und-mehrsprachigkeit\"  rel=\"\">Landessprachen und Mehrsprachigkeit<\/a><\/li>\n\t<li class=\"page_item page-item-1692\"><a href=\"https:\/\/cornelia.siteware.ch\/cms\/daf-daz-2\/landeskunde\/informationen-zur-schweiz\/leben-in-der-schweiz\"  rel=\"\">Leben und Alltag in der Schweiz<\/a><\/li>\n\t<li class=\"page_item page-item-1699\"><a href=\"https:\/\/cornelia.siteware.ch\/cms\/daf-daz-2\/landeskunde\/informationen-zur-schweiz\/politik\"  rel=\"\">Politik (in) der Schweiz<\/a><\/li>\n\t<li class=\"page_item page-item-738\"><a href=\"https:\/\/cornelia.siteware.ch\/cms\/daf-daz-2\/landeskunde\/informationen-zur-schweiz\/schweiz-erster-einstieg\"  rel=\"\">Schweiz: Erster Einstieg<\/a><\/li>\n\t<li class=\"page_item page-item-741\"><a href=\"https:\/\/cornelia.siteware.ch\/cms\/daf-daz-2\/landeskunde\/informationen-zur-schweiz\/audio-und-video-aus-und-zu-der-schweiz\"  rel=\"\">Audio und Video aus der und zur Schweiz<\/a><\/li>\n<\/ul>\n<\/li>\n<li class=\"page_item page-item-370\"><a href=\"https:\/\/cornelia.siteware.ch\/cms\/daf-daz-2\/landeskunde\/varietaten\"  rel=\"\">Variet\u00e4ten<\/a>\n<ul class='children'>\n\t<li class=\"page_item page-item-763\"><a href=\"https:\/\/cornelia.siteware.ch\/cms\/daf-daz-2\/landeskunde\/varietaten\/nationale-varietaten\"  rel=\"\">Nationale Variet\u00e4ten<\/a><\/li>\n\t<li class=\"page_item page-item-755\"><a href=\"https:\/\/cornelia.siteware.ch\/cms\/daf-daz-2\/landeskunde\/varietaten\/dialekte\"  rel=\"\">Dialekte <\/a><\/li>\n<\/ul>\n<\/li>\n<\/ul><\/div>\n<p>* Variet\u00e4ten sind unterschiedliche Sprachformen. Es geht also um Varianten der deutschen Sprache.<\/p>\n","protected":false},"excerpt":{"rendered":"<p>Auf dieser Seite findet ihr Informationen zu den D-A-CH-L\u00e4ndern: (Deutschland, \u00d6sterreich, Schweiz). Der Schwerpunkt liegt auf der Schweiz. Andere L\u00e4nder, in denen auch Deutsch gesprochen wird (Liechtenstein, Belgien, Italien, &#8230;) sind im Moment nicht ber\u00fccksichtigt. Rubriken * Variet\u00e4ten sind unterschiedliche Sprachformen. Es geht also um Varianten der deutschen Sprache.<\/p>\n","protected":false},"author":4,"featured_media":0,"parent":49,"menu_order":4,"comment_status":"closed","ping_status":"closed","template":"","meta":{"footnotes":"","_links_to":"","_links_to_target":""},"_links":{"self":[{"href":"https:\/\/cornelia.siteware.ch\/cms\/wp-json\/wp\/v2\/pages\/20"}],"collection":[{"href":"https:\/\/cornelia.siteware.ch\/cms\/wp-json\/wp\/v2\/pages"}],"about":[{"href":"https:\/\/cornelia.siteware.ch\/cms\/wp-json\/wp\/v2\/types\/page"}],"author":[{"embeddable":true,"href":"https:\/\/cornelia.siteware.ch\/cms\/wp-json\/wp\/v2\/users\/4"}],"replies":[{"embeddable":true,"href":"https:\/\/cornelia.siteware.ch\/cms\/wp-json\/wp\/v2\/comments?post=20"}],"version-history":[{"count":32,"href":"https:\/\/cornelia.siteware.ch\/cms\/wp-json\/wp\/v2\/pages\/20\/revisions"}],"predecessor-version":[{"id":118,"href":"https:\/\/cornelia.siteware.ch\/cms\/wp-json\/wp\/v2\/pages\/20\/revisions\/118"}],"up":[{"embeddable":true,"href":"https:\/\/cornelia.siteware.ch\/cms\/wp-json\/wp\/v2\/pages\/49"}],"wp:attachment":[{"href":"https:\/\/cornelia.siteware.ch\/cms\/wp-json\/wp\/v2\/media?parent=20"}],"curies":[{"name":"wp","href":"https:\/\/api.w.org\/{rel}","templated":true}]}}