{"id":1882,"date":"2015-06-29T05:17:51","date_gmt":"2015-06-29T04:17:51","guid":{"rendered":"http:\/\/cornelia.siteware.ch\/cms\/?page_id=1882"},"modified":"2015-06-29T09:55:43","modified_gmt":"2015-06-29T08:55:43","slug":"form","status":"publish","type":"page","link":"https:\/\/cornelia.siteware.ch\/cms\/daf-daz-2\/wortschatz-und-worterbucher\/worter-kennen\/form","title":{"rendered":"Form"},"content":{"rendered":"<p><strong>Schreibweise<\/strong><\/p>\n<div class=\"note\"><span style=\"text-decoration: underline;\">Beispiel\u00fcbungen<\/span><\/p>\n<ul>\n<li>Silbenr\u00e4tsel mit W\u00f6rtern aus dem Text <a title=\"Lesetext: Mediennutzung und Kommunikationstechnologien\" href=\"http:\/\/cornelia.siteware.ch\/cms\/daf-daz-2\/lesen\/lesetext-mediennutzung-und-kommunikationstechnologien\">Mediennutzung und Kommunikationstechnologien<\/a>, erstellt mit Learningapps von Cornelia Steinmann<iframe loading=\"lazy\" style=\"border: 0px; width: 100%; height: 500px;\" src=\"\/\/LearningApps.org\/watch?app=1646280\" width=\"320\" height=\"240\"><\/iframe><\/li>\n<li><iframe src=\"\/\/LearningApps.org\/watch?app=1646272\" style=\"border:0px;width:100%;height:500px\" webkitallowfullscreen=\"true\" mozallowfullscreen=\"true\"><\/iframe><\/li>\n<li>Silbenr\u00e4tsel mit Verben aus dem Text <a title=\"Lesetext: Mediennutzung und Kommunikationstechnologien\" href=\"http:\/\/cornelia.siteware.ch\/cms\/daf-daz-2\/lesen\/lesetext-mediennutzung-und-kommunikationstechnologien\"><\/li>\n<\/ul>\n<\/div>\n","protected":false},"excerpt":{"rendered":"<p>Schreibweise Beispiel\u00fcbungen Silbenr\u00e4tsel mit W\u00f6rtern aus dem Text Mediennutzung und Kommunikationstechnologien, erstellt mit Learningapps von Cornelia Steinmann Silbenr\u00e4tsel mit Verben aus dem Text<\/p>\n","protected":false},"author":4,"featured_media":0,"parent":1853,"menu_order":0,"comment_status":"open","ping_status":"closed","template":"","meta":{"footnotes":"","_links_to":"","_links_to_target":""},"_links":{"self":[{"href":"https:\/\/cornelia.siteware.ch\/cms\/wp-json\/wp\/v2\/pages\/1882"}],"collection":[{"href":"https:\/\/cornelia.siteware.ch\/cms\/wp-json\/wp\/v2\/pages"}],"about":[{"href":"https:\/\/cornelia.siteware.ch\/cms\/wp-json\/wp\/v2\/types\/page"}],"author":[{"embeddable":true,"href":"https:\/\/cornelia.siteware.ch\/cms\/wp-json\/wp\/v2\/users\/4"}],"replies":[{"embeddable":true,"href":"https:\/\/cornelia.siteware.ch\/cms\/wp-json\/wp\/v2\/comments?post=1882"}],"version-history":[{"count":3,"href":"https:\/\/cornelia.siteware.ch\/cms\/wp-json\/wp\/v2\/pages\/1882\/revisions"}],"predecessor-version":[{"id":1884,"href":"https:\/\/cornelia.siteware.ch\/cms\/wp-json\/wp\/v2\/pages\/1882\/revisions\/1884"}],"up":[{"embeddable":true,"href":"https:\/\/cornelia.siteware.ch\/cms\/wp-json\/wp\/v2\/pages\/1853"}],"wp:attachment":[{"href":"https:\/\/cornelia.siteware.ch\/cms\/wp-json\/wp\/v2\/media?parent=1882"}],"curies":[{"name":"wp","href":"https:\/\/api.w.org\/{rel}","templated":true}]}}