{"id":1859,"date":"2015-06-28T20:38:48","date_gmt":"2015-06-28T19:38:48","guid":{"rendered":"http:\/\/cornelia.siteware.ch\/cms\/?page_id=1859"},"modified":"2015-06-28T21:17:41","modified_gmt":"2015-06-28T20:17:41","slug":"gebrauch","status":"publish","type":"page","link":"https:\/\/cornelia.siteware.ch\/cms\/daf-daz-2\/wortschatz-und-worterbucher\/worter-kennen\/gebrauch","title":{"rendered":"Gebrauch"},"content":{"rendered":"<p><strong>W\u00f6rter, die h\u00e4ufig zusammen vorkommen\u00a0 (Kollokationen, Chunks, &#8230;)<\/strong><\/p>\n<div class=\"note\">\n<ul>\n<li>\n<strong>Kollokationen mit Statistikverben.<\/strong> Von Cornelia Steinmann mit learningapps erstellt.<br \/>\n<iframe src=\"\/\/LearningApps.org\/watch?app=1645637\" style=\"border:0px;width:100%;height:500px\" webkitallowfullscreen=\"true\" mozallowfullscreen=\"true\"><\/iframe>\n<\/li>\n<li>\n<strong>Ausdr\u00fccke mit Pr\u00e4position<\/strong>, die h\u00e4ufig <strong>zusammen mit dem Verb &#8222;lernen&#8220;<\/strong> auftreten. Von Cornelia Steinmann mit learningapps auf Basis von Daten des DWDS erstellt.<br \/>\n<iframe src=\"\/\/LearningApps.org\/watch?app=394556\" style=\"border:0px;width:100%;height:500px\" webkitallowfullscreen=\"true\" mozallowfullscreen=\"true\"><\/iframe>\n<\/li>\n<p><strong>Ausdr\u00fccke mit Pr\u00e4position<\/strong>, die h\u00e4ufig <strong>zusammen mit dem Verb &#8222;erz\u00e4hlen&#8220;<\/strong> auftretenVon Cornelia Steinmann mit learningapps auf Basis von Daten des DWDS erstellt.<\/p>\n<li><iframe src=\"\/\/LearningApps.org\/watch?app=1636060\" style=\"border:0px;width:100%;height:500px\" webkitallowfullscreen=\"true\" mozallowfullscreen=\"true\"><\/iframe>\n<\/li>\n<li>Ausdr\u00fccke mit tun bzw. machen. Von Cornelia Steinmann mit learningapps erstellt.<iframe src=\"\/\/LearningApps.org\/watch?app=1637235\" style=\"border:0px;width:100%;height:500px\" webkitallowfullscreen=\"true\" mozallowfullscreen=\"true\"><\/iframe><\/li>\n<\/ul>\n<\/div>\n","protected":false},"excerpt":{"rendered":"<p>W\u00f6rter, die h\u00e4ufig zusammen vorkommen\u00a0 (Kollokationen, Chunks, &#8230;) Kollokationen mit Statistikverben. Von Cornelia Steinmann mit learningapps erstellt. Ausdr\u00fccke mit Pr\u00e4position, die h\u00e4ufig zusammen mit dem Verb &#8222;lernen&#8220; auftreten. Von Cornelia Steinmann mit learningapps auf Basis von Daten des DWDS erstellt. Ausdr\u00fccke mit Pr\u00e4position, die h\u00e4ufig zusammen mit dem Verb &#8222;erz\u00e4hlen&#8220; auftretenVon Cornelia Steinmann mit learningapps <a href='https:\/\/cornelia.siteware.ch\/cms\/daf-daz-2\/wortschatz-und-worterbucher\/worter-kennen\/gebrauch' class='excerpt-more'>[&#8230;]<\/a><\/p>\n","protected":false},"author":4,"featured_media":0,"parent":1853,"menu_order":0,"comment_status":"open","ping_status":"closed","template":"","meta":{"footnotes":"","_links_to":"","_links_to_target":""},"_links":{"self":[{"href":"https:\/\/cornelia.siteware.ch\/cms\/wp-json\/wp\/v2\/pages\/1859"}],"collection":[{"href":"https:\/\/cornelia.siteware.ch\/cms\/wp-json\/wp\/v2\/pages"}],"about":[{"href":"https:\/\/cornelia.siteware.ch\/cms\/wp-json\/wp\/v2\/types\/page"}],"author":[{"embeddable":true,"href":"https:\/\/cornelia.siteware.ch\/cms\/wp-json\/wp\/v2\/users\/4"}],"replies":[{"embeddable":true,"href":"https:\/\/cornelia.siteware.ch\/cms\/wp-json\/wp\/v2\/comments?post=1859"}],"version-history":[{"count":5,"href":"https:\/\/cornelia.siteware.ch\/cms\/wp-json\/wp\/v2\/pages\/1859\/revisions"}],"predecessor-version":[{"id":1861,"href":"https:\/\/cornelia.siteware.ch\/cms\/wp-json\/wp\/v2\/pages\/1859\/revisions\/1861"}],"up":[{"embeddable":true,"href":"https:\/\/cornelia.siteware.ch\/cms\/wp-json\/wp\/v2\/pages\/1853"}],"wp:attachment":[{"href":"https:\/\/cornelia.siteware.ch\/cms\/wp-json\/wp\/v2\/media?parent=1859"}],"curies":[{"name":"wp","href":"https:\/\/api.w.org\/{rel}","templated":true}]}}