{"id":1853,"date":"2015-06-28T15:26:40","date_gmt":"2015-06-28T14:26:40","guid":{"rendered":"http:\/\/cornelia.siteware.ch\/cms\/?page_id=1853"},"modified":"2015-07-02T22:21:06","modified_gmt":"2015-07-02T21:21:06","slug":"worter-kennen","status":"publish","type":"page","link":"https:\/\/cornelia.siteware.ch\/cms\/daf-daz-2\/wortschatz-und-worterbucher\/worter-kennen","title":{"rendered":"Was muss man wissen, damit man ein Wort kennt?"},"content":{"rendered":"<p>Die Frage, ob man ein Wort kennt oder nicht ist nicht so einfach zu beanntworten. Jedes Wort und jeder Ausdruck besitzt verschiedene Aspekte und man muss nicht alle kennen, um das Wort erfolgreich benutzen zu k\u00f6nnen. Es spielt zum Beispiel eine Rolle, ob man das Wort rezeptiv (zum Lesen und H\u00f6ren) oder produktiv (zum Schreiben und Sprechen) verwenden will. Das heisst z.B., es gibt W\u00f6rter, die man beim H\u00f6ren verstehen, aber nicht aussprechen kann, oder solche, die man zwar\u00a0 aussprechen, aber nicht schreiben kann, etc. Das ist nicht nur in Fremdsprachen so, sondern auch sondern auch\u00a0 inder Muttersprache, aber in der Muttersprache kann man als Erwachsener die meisten W\u00f6rter schon so, wie man sie braucht. In den Fremdsprachen muss dieses Wissen noch erworben werden, das kann man vor allem am Anfang deutlich sp\u00fcren.<\/p>\n<p>&nbsp;<\/p>\n<p><strong>wissenswerte Aspekte eines Wortes<br \/>\n<\/strong><\/p>\n<p><span style=\"text-decoration: underline;\">Form<\/span><\/p>\n<ul>\n<li>Aussprache der einzelnen Formen erkennen bzw. produzieren k\u00f6nnen<\/li>\n<li>Schreibweise der einzelnen Formen erkennen bzw. produzieren k\u00f6nnen<\/li>\n<li>Bestandteile des Wortes<\/li>\n<\/ul>\n<p><span style=\"text-decoration: underline;\"><a href=\"http:\/\/cornelia.siteware.ch\/cms\/daf-daz-2\/wortschatz-und-worterbucher\/worter-kennen\/bedeutung\" title=\"Bedeutung\">Bedeutung<\/a><\/span><\/p>\n<ul>\n<li>Form(en) und\u00a0 Bedeutung(en)<\/li>\n<li>Konzept und Referenten<\/li>\n<li>Assoziationen\/Konotationen<\/li>\n<\/ul>\n<p><a title=\"Gebrauch\" href=\"http:\/\/cornelia.siteware.ch\/cms\/daf-daz-2\/wortschatz-und-worterbucher\/worter-kennen\/gebrauch\">Gebrauch<\/a><\/p>\n<ul>\n<li>grammatische Funktionen<\/li>\n<li>Kollokationen<\/li>\n<li>Gebrauchsbeschr\u00e4nkungen<\/li>\n<\/ul>\n<p><small><em>Nach: Nation, I.S.P (2013): Learning Vocabulary in Another Language. Second Edition. Cambridge: Cambridge, S. 48-50.<\/em><\/small><\/p>\n<p class=\"warning\" style=\"text-align: center;\">Noch im Aufbau! \/ Still under construction<\/p>\n<p><strong>Links zu Beispielen\/\u00dcbungen<\/strong><\/p>\n<div id=\"shailan-subpages-1853-1\"><ul class=\"subpages\"><li class=\"page_item page-item-1882\"><a href=\"https:\/\/cornelia.siteware.ch\/cms\/daf-daz-2\/wortschatz-und-worterbucher\/worter-kennen\/form\"  rel=\"\">Form<\/a><\/li>\n<li class=\"page_item page-item-1859\"><a href=\"https:\/\/cornelia.siteware.ch\/cms\/daf-daz-2\/wortschatz-und-worterbucher\/worter-kennen\/gebrauch\"  rel=\"\">Gebrauch<\/a><\/li>\n<li class=\"page_item page-item-1886\"><a href=\"https:\/\/cornelia.siteware.ch\/cms\/daf-daz-2\/wortschatz-und-worterbucher\/worter-kennen\/bedeutung\"  rel=\"\">Bedeutung<\/a><\/li>\n<\/ul><\/div>\n","protected":false},"excerpt":{"rendered":"<p>Die Frage, ob man ein Wort kennt oder nicht ist nicht so einfach zu beanntworten. Jedes Wort und jeder Ausdruck besitzt verschiedene Aspekte und man muss nicht alle kennen, um das Wort erfolgreich benutzen zu k\u00f6nnen. Es spielt zum Beispiel eine Rolle, ob man das Wort rezeptiv (zum Lesen und H\u00f6ren) oder produktiv (zum Schreiben <a href='https:\/\/cornelia.siteware.ch\/cms\/daf-daz-2\/wortschatz-und-worterbucher\/worter-kennen' class='excerpt-more'>[&#8230;]<\/a><\/p>\n","protected":false},"author":4,"featured_media":0,"parent":22,"menu_order":1,"comment_status":"open","ping_status":"closed","template":"","meta":{"footnotes":"","_links_to":"","_links_to_target":""},"_links":{"self":[{"href":"https:\/\/cornelia.siteware.ch\/cms\/wp-json\/wp\/v2\/pages\/1853"}],"collection":[{"href":"https:\/\/cornelia.siteware.ch\/cms\/wp-json\/wp\/v2\/pages"}],"about":[{"href":"https:\/\/cornelia.siteware.ch\/cms\/wp-json\/wp\/v2\/types\/page"}],"author":[{"embeddable":true,"href":"https:\/\/cornelia.siteware.ch\/cms\/wp-json\/wp\/v2\/users\/4"}],"replies":[{"embeddable":true,"href":"https:\/\/cornelia.siteware.ch\/cms\/wp-json\/wp\/v2\/comments?post=1853"}],"version-history":[{"count":14,"href":"https:\/\/cornelia.siteware.ch\/cms\/wp-json\/wp\/v2\/pages\/1853\/revisions"}],"predecessor-version":[{"id":1888,"href":"https:\/\/cornelia.siteware.ch\/cms\/wp-json\/wp\/v2\/pages\/1853\/revisions\/1888"}],"up":[{"embeddable":true,"href":"https:\/\/cornelia.siteware.ch\/cms\/wp-json\/wp\/v2\/pages\/22"}],"wp:attachment":[{"href":"https:\/\/cornelia.siteware.ch\/cms\/wp-json\/wp\/v2\/media?parent=1853"}],"curies":[{"name":"wp","href":"https:\/\/api.w.org\/{rel}","templated":true}]}}