{"id":1692,"date":"2012-07-14T09:04:08","date_gmt":"2012-07-14T08:04:08","guid":{"rendered":"http:\/\/cornelia.siteware.ch\/cms\/?page_id=1692"},"modified":"2012-07-14T09:39:19","modified_gmt":"2012-07-14T08:39:19","slug":"leben-in-der-schweiz","status":"publish","type":"page","link":"https:\/\/cornelia.siteware.ch\/cms\/daf-daz-2\/landeskunde\/informationen-zur-schweiz\/leben-in-der-schweiz","title":{"rendered":"Leben und Alltag in der Schweiz"},"content":{"rendered":"<p><strong>Welche Schweizer Spezialit\u00e4ten gibt es?<\/strong> Auf der Webseite <strong><a href=\"http:\/\/www.kulinarischeserbe.ch\/\">Kulinarisches Erbe<\/a><\/strong> findet man Beschreibungen zu verschiedenen Spezialit\u00e4ten der Schweiz, geordnet nach Kanton. Der Suchknopf ist ziemlich weit unten, aber er ist da <img decoding=\"async\" src=\"http:\/\/cornelia.siteware.ch\/cms\/daf-daz-2\/blog\/wordpress\/wp-includes\/images\/smilies\/icon_smile.gif\" alt=\":-)\" \/><\/p>\n<p><strong>Umfrageerbebnisse zum <a href=\"http:\/\/www.coop.ch\/pb\/site\/common\/node\/64417385\/Lde\/index.html\">Thema Essen<\/a> aus der Schweiz:<\/strong> Ess-Trends im Fokus, z.B. was Schweizer kochen oder Essen und Gesundheit.<\/p>\n<p><strong>Wohnen die Schweizer anders als Deutsche oder \u00d6sterreicher?<\/strong> Ein <strong><a href=\"http:\/\/www.jvm.ch\/wohnzimmer\/?fd=1&amp;ff=1\">Schweizer Wohnzimmer<\/a><\/strong> und ein <a href=\"http:\/\/jvm-wozi.de\/das-wohnzimmer\/\">deutsches<\/a> und ein <a href=\"http:\/\/diepresse.com\/home\/leben\/369857\/index.do?gal=369857&amp;index=1&amp;direct=&amp;_vl_backlink=\/home\/leben\/wohnen\/index.do&amp;popup=\">\u00f6sterreichisches Wohnzimmer<\/a> zum Vergleich. Bei<a href=\"http:\/\/www.spiegel.de\/wirtschaft\/0,1518,383134,00.html\"> Spiegel Online <\/a>findet man auch einen Vergleich der drei L\u00e4nder.<\/p>\n<p><strong>Wie finanzieren Schweizer Studierende ihr Studium?<\/strong> F\u00fcr die Schweiz wurde im Jahr 2009 eine neue Erhebung durchgef\u00fchrt,<a href=\"http:\/\/www.bfs.admin.ch\/bfs\/portal\/de\/index\/infothek\/erhebungen__quellen\/blank\/blank\/soz_lag\/00.html\"> deren Ergebnisse auf der Seite des Bundesamtes f\u00fcr Statistik publiziert wurden<\/a>. Zu einigen Indikatoren (soziale Herkunft, Einnnahmen und Erwerbst\u00e4tigkeit) findet man dort Detaillseiten, auf denen die Daten unter anderem mit der vorletzten Studie (von 2005) verglichen werden. Die a<a href=\"http:\/\/www.bfs.admin.ch\/bfs\/portal\/de\/index\/news\/publikationen.html?publicationID=4107\">usf\u00fchrliche Publikation<\/a> mit allen Ergebnissen der Studie von 2009 kan gratis als Pdf herunterteladen werden. Bei Eurostudent findet man <a href=\"http:\/\/www.eurostudent.eu\/results\/reports\">Publikationen zu anderen L\u00e4ndern<\/a> (unter anderem Deutschland und \u00d6sterreich), die zeitgleich erhoben worden sind.<\/p>\n<p><strong>Wie wohnen Studierende in der Schweiz?<\/strong> In diesem <a href=\"http:\/\/www.tagesanzeiger.ch\/zuerich\/stadt\/Gesucht-Guenstige-Studentenwohnung\/story\/26016089\">Tagi-Artikel<\/a> findet ihr viele Informationen zu den Wohnverh\u00e4ltnissen von Studierenden in der Schweiz. <a href=\"http:\/\/www.20min.ch\/news\/zuerich\/story\/21935005\">In diesem etwas \u00e4lteren Artikel von 20 Minuten<\/a> findet ihr auch kurze Aussagen von Studierenden zum Thema Wohnen.<br \/>\n<strong><\/strong><\/p>\n<p><strong>Die Schweizer und ihr Reiseverhalten<\/strong>: In diesem Artikel kann man nachlesen, was die Schweizer (und Angeh\u00f6rige anderer Nationen) f\u00fcr eine Hotel\u00fcbernachtung ausgeben:<a href=\"http:\/\/www.schweizertouristik.ch\/index.php?id=2809&amp;backPID=115&amp;tt_news=11081\" rel=\"nofollow\"> http:\/\/www.schweizertouristik.ch\/index.php?id=2809&amp;backPID=115&amp;tt_news=11081.<\/a><br \/>\nIn der Umweltstatistik Schweiz Nr. 12, die sich mit Ferienreisen besch\u00e4ftigt, findet man sehr viele spannende Informationen rund um das REsien.<br \/>\n<a href=\"http:\/\/www.bfs.admin.ch\/bfs\/portal\/de\/index\/themen\/02\/22\/publ.html?publicationID=804\" rel=\"nofollow\">http:\/\/www.bfs.admin.ch\/bfs\/portal\/de\/index\/themen\/02\/22\/publ.html?publicationID=804<\/a><\/p>\n","protected":false},"excerpt":{"rendered":"<p>Welche Schweizer Spezialit\u00e4ten gibt es? Auf der Webseite Kulinarisches Erbe findet man Beschreibungen zu verschiedenen Spezialit\u00e4ten der Schweiz, geordnet nach Kanton. Der Suchknopf ist ziemlich weit unten, aber er ist da Umfrageerbebnisse zum Thema Essen aus der Schweiz: Ess-Trends im Fokus, z.B. was Schweizer kochen oder Essen und Gesundheit. Wohnen die Schweizer anders als Deutsche <a href='https:\/\/cornelia.siteware.ch\/cms\/daf-daz-2\/landeskunde\/informationen-zur-schweiz\/leben-in-der-schweiz' class='excerpt-more'>[&#8230;]<\/a><\/p>\n","protected":false},"author":4,"featured_media":0,"parent":356,"menu_order":0,"comment_status":"open","ping_status":"closed","template":"","meta":{"footnotes":"","_links_to":"","_links_to_target":""},"_links":{"self":[{"href":"https:\/\/cornelia.siteware.ch\/cms\/wp-json\/wp\/v2\/pages\/1692"}],"collection":[{"href":"https:\/\/cornelia.siteware.ch\/cms\/wp-json\/wp\/v2\/pages"}],"about":[{"href":"https:\/\/cornelia.siteware.ch\/cms\/wp-json\/wp\/v2\/types\/page"}],"author":[{"embeddable":true,"href":"https:\/\/cornelia.siteware.ch\/cms\/wp-json\/wp\/v2\/users\/4"}],"replies":[{"embeddable":true,"href":"https:\/\/cornelia.siteware.ch\/cms\/wp-json\/wp\/v2\/comments?post=1692"}],"version-history":[{"count":3,"href":"https:\/\/cornelia.siteware.ch\/cms\/wp-json\/wp\/v2\/pages\/1692\/revisions"}],"predecessor-version":[{"id":1704,"href":"https:\/\/cornelia.siteware.ch\/cms\/wp-json\/wp\/v2\/pages\/1692\/revisions\/1704"}],"up":[{"embeddable":true,"href":"https:\/\/cornelia.siteware.ch\/cms\/wp-json\/wp\/v2\/pages\/356"}],"wp:attachment":[{"href":"https:\/\/cornelia.siteware.ch\/cms\/wp-json\/wp\/v2\/media?parent=1692"}],"curies":[{"name":"wp","href":"https:\/\/api.w.org\/{rel}","templated":true}]}}