{"id":1636,"date":"2012-06-09T21:27:39","date_gmt":"2012-06-09T20:27:39","guid":{"rendered":"http:\/\/cornelia.siteware.ch\/cms\/?page_id=1636"},"modified":"2012-06-10T15:12:26","modified_gmt":"2012-06-10T14:12:26","slug":"jaf-schrift-und-schreiben","status":"publish","type":"page","link":"https:\/\/cornelia.siteware.ch\/cms\/japanisch\/jaf-schrift-und-schreiben","title":{"rendered":"JaF: Schrift und Schreiben"},"content":{"rendered":"<p>&nbsp;<\/p>\n<p><strong>Technische Hilfsmittel zum Schreiben der sino-japanischen Mischschrift<\/strong><\/p>\n<ul>\n<li>Input King: Online-Tool, mit dem man japanisch Schreiben kann. N\u00fctzlich, wenn man an einem fremden Computer arbeitet, an dem die japanischen Regionaleinstellungen nicht installiert sind.<br \/>\n<a href=\"http:\/\/inputking.com\/\">http:\/\/inputking.com\/<\/a><\/li>\n<\/ul>\n<p><strong>Kana (Hiragana und Katakana)<\/strong><\/p>\n<ul>\n<li>Hiragana learn experiment (f\u00fcr Android-Handys): Mit der App kann man einerseits das Erkennen, andererseits aber auch das Schreiben der Hiragana \u00fcben. Zuerst zeichnet man die Zeichen nach, dann werden nach und nach weniger Hilfen eingeblendet, bis man es frei zeichnen muss.<br \/>\nBei einigen Hiragana ist die unterrichtete Schreibweise nicht die offizielle (fu, ki). Mir hat das Programm trotzdem viel gebracht, weil ich immer und \u00fcberall \u00fcben konnte und die R\u00fcckmeldung durch das Programm &#8211; auch wenn sie manchmal zu pingelig bzw. zu ungenau war &#8211; mir dabei geholfen hat, mich auf die wesentlichen Punkte der einzelnen Zeichen zu konzentrieren.<br \/>\n<a href=\"https:\/\/play.google.com\/store\/apps\/details?id=com.legendarya.helloandroid\">https:\/\/play.google.com\/store\/apps\/details?id=com.legendarya.helloandroid<\/a><\/li>\n<li>Katakana Learn Experiment (f\u00fcr Android-Handys): Katakana erkennen und schreiben lernen.<br \/>\n<a href=\"https:\/\/play.google.com\/store\/apps\/details?id=com.legendarya.katakana\">https:\/\/play.google.com\/store\/apps\/details?id=com.legendarya.katakana<\/a><\/li>\n<\/ul>\n<p><strong>Texte schreiben<\/strong><\/p>\n<ul>\n<li><strong>Lang-8.com:<\/strong> Eine Tandemplattform, auf der man Texte schreiben und von Muttersprachlern korrigieren lassen kann, sofern man bereit ist, dasselbe auch f\u00fcr Lernende der eigenen Muttersprache zu tun. Anders als beim echten Tandem gibt es keine festen Paare, man kann sich\u00a0 aber, wie in anderen sozialen Netzwerken auch, mit anderen befreunden.<br \/>\nEinige Lernende schreiben in Romaji, f\u00fcr Japaner ist das aber schwierig zu lesen. Ich empfehle, allermindestens in Hiragana zu schreiben, aber auch bald zu versuchen, die Kanji zu verwenden. Dank automatischer Konversion und mit Online-W\u00f6rterb\u00fcchern als Kontrollinstrument braucht das am Anfang zwar ein wenig Zeit, funktioniert aber gut.<br \/>\nAm Anfang habe ich jeden Text in drei Versionen geschrieben, damit ich die Kanji nachher noch lesen konnte. Einziger Nachteil ist, dass viele Japaner dann glauben, dass man schon ziemlich gut Japanisch k\u00f6nne und japanische Kommentare schreiben. Notfalls kann man ja aber immer nachfragen. Bei mir haben dann manchmal auch Dritte helfend (= \u00fcbersetzend) eingegriffen.<br \/>\n<a href=\"http:\/\/lang-8.com\/\">http:\/\/lang-8.com\/ <\/a><\/li>\n<\/ul>\n","protected":false},"excerpt":{"rendered":"<p>&nbsp; Technische Hilfsmittel zum Schreiben der sino-japanischen Mischschrift Input King: Online-Tool, mit dem man japanisch Schreiben kann. N\u00fctzlich, wenn man an einem fremden Computer arbeitet, an dem die japanischen Regionaleinstellungen nicht installiert sind. http:\/\/inputking.com\/ Kana (Hiragana und Katakana) Hiragana learn experiment (f\u00fcr Android-Handys): Mit der App kann man einerseits das Erkennen, andererseits aber auch das <a href='https:\/\/cornelia.siteware.ch\/cms\/japanisch\/jaf-schrift-und-schreiben' class='excerpt-more'>[&#8230;]<\/a><\/p>\n","protected":false},"author":4,"featured_media":0,"parent":256,"menu_order":0,"comment_status":"open","ping_status":"closed","template":"","meta":{"footnotes":"","_links_to":"","_links_to_target":""},"_links":{"self":[{"href":"https:\/\/cornelia.siteware.ch\/cms\/wp-json\/wp\/v2\/pages\/1636"}],"collection":[{"href":"https:\/\/cornelia.siteware.ch\/cms\/wp-json\/wp\/v2\/pages"}],"about":[{"href":"https:\/\/cornelia.siteware.ch\/cms\/wp-json\/wp\/v2\/types\/page"}],"author":[{"embeddable":true,"href":"https:\/\/cornelia.siteware.ch\/cms\/wp-json\/wp\/v2\/users\/4"}],"replies":[{"embeddable":true,"href":"https:\/\/cornelia.siteware.ch\/cms\/wp-json\/wp\/v2\/comments?post=1636"}],"version-history":[{"count":8,"href":"https:\/\/cornelia.siteware.ch\/cms\/wp-json\/wp\/v2\/pages\/1636\/revisions"}],"predecessor-version":[{"id":1640,"href":"https:\/\/cornelia.siteware.ch\/cms\/wp-json\/wp\/v2\/pages\/1636\/revisions\/1640"}],"up":[{"embeddable":true,"href":"https:\/\/cornelia.siteware.ch\/cms\/wp-json\/wp\/v2\/pages\/256"}],"wp:attachment":[{"href":"https:\/\/cornelia.siteware.ch\/cms\/wp-json\/wp\/v2\/media?parent=1636"}],"curies":[{"name":"wp","href":"https:\/\/api.w.org\/{rel}","templated":true}]}}