{"id":16,"date":"2011-01-02T12:19:56","date_gmt":"2011-01-02T11:19:56","guid":{"rendered":"http:\/\/cornelia.siteware.ch\/cms\/?page_id=16"},"modified":"2012-04-08T23:57:56","modified_gmt":"2012-04-08T22:57:56","slug":"horen","status":"publish","type":"page","link":"https:\/\/cornelia.siteware.ch\/cms\/daf-daz-2\/horen","title":{"rendered":"H\u00f6ren f\u00fcr DaF und DaZ"},"content":{"rendered":"<h4>Rubriken<\/h4>\n<div id=\"shailan-subpages-16-1\"><ul class=\"subpages\"><li class=\"page_item page-item-195\"><a href=\"https:\/\/cornelia.siteware.ch\/cms\/daf-daz-2\/horen\/hoeren-selbstaendig-ueben\"  rel=\"\">H\u00f6ren selbst\u00e4ndig \u00fcben<\/a>\n<ul class='children'>\n\t<li class=\"page_item page-item-143\"><a href=\"https:\/\/cornelia.siteware.ch\/cms\/daf-daz-2\/horen\/hoeren-selbstaendig-ueben\/hoeren-und-sehen\"  rel=\"\">H\u00f6ren und Sehen<\/a><\/li>\n\t<li class=\"page_item page-item-660\"><a href=\"https:\/\/cornelia.siteware.ch\/cms\/daf-daz-2\/horen\/hoeren-selbstaendig-ueben\/transkriptionen\"  rel=\"\">Transkriptionen<\/a><\/li>\n\t<li class=\"page_item page-item-495\"><a href=\"https:\/\/cornelia.siteware.ch\/cms\/daf-daz-2\/horen\/hoeren-selbstaendig-ueben\/warum-man-das-horen-uben-sollte\"  rel=\"\">Warum man das H\u00f6ren \u00fcben sollte<\/a><\/li>\n<\/ul>\n<\/li>\n<li class=\"page_item page-item-497\"><a href=\"https:\/\/cornelia.siteware.ch\/cms\/daf-daz-2\/horen\/ressourcen-fur-das-horverstehen\"  rel=\"\">Ressourcen f\u00fcr das H\u00f6rverstehen<\/a>\n<ul class='children'>\n\t<li class=\"page_item page-item-124\"><a href=\"https:\/\/cornelia.siteware.ch\/cms\/daf-daz-2\/horen\/ressourcen-fur-das-horverstehen\/hv-aufgaben\"  rel=\"\">didaktisierte HV-Aufgaben<\/a><\/li>\n\t<li class=\"page_item page-item-519\"><a href=\"https:\/\/cornelia.siteware.ch\/cms\/daf-daz-2\/horen\/ressourcen-fur-das-horverstehen\/fernsehen\"  rel=\"\">Fernsehen<\/a><\/li>\n\t<li class=\"page_item page-item-490\"><a href=\"https:\/\/cornelia.siteware.ch\/cms\/daf-daz-2\/horen\/ressourcen-fur-das-horverstehen\/hortexte-mit-transkription\"  rel=\"\">H\u00f6rtexte mit Transkription<\/a><\/li>\n\t<li class=\"page_item page-item-136\"><a href=\"https:\/\/cornelia.siteware.ch\/cms\/daf-daz-2\/horen\/ressourcen-fur-das-horverstehen\/literatur-und-gedichte\"  rel=\"\">Literatur und Gedichte<\/a><\/li>\n\t<li class=\"page_item page-item-244\"><a href=\"https:\/\/cornelia.siteware.ch\/cms\/daf-daz-2\/horen\/ressourcen-fur-das-horverstehen\/musik\"  rel=\"\">Musik<\/a>\n\t<ul class='children'>\n\t\t<li class=\"page_item page-item-451\"><a href=\"https:\/\/cornelia.siteware.ch\/cms\/daf-daz-2\/horen\/ressourcen-fur-das-horverstehen\/musik\/deutschsprachige-musik-mit-aufgaben\"  rel=\"\">deutschsprachige Musik mit Aufgaben<\/a><\/li>\n\t\t<li class=\"page_item page-item-454\"><a href=\"https:\/\/cornelia.siteware.ch\/cms\/daf-daz-2\/horen\/ressourcen-fur-das-horverstehen\/musik\/deutschsprachige-musik-ohne-aufgaben\"  rel=\"\">deutschsprachige Musik ohne Aufgaben<\/a><\/li>\n\t\t<li class=\"page_item page-item-456\"><a href=\"https:\/\/cornelia.siteware.ch\/cms\/daf-daz-2\/horen\/ressourcen-fur-das-horverstehen\/musik\/rund-um-musik\"  rel=\"\">Rund um Musik<\/a><\/li>\n\t<\/ul>\n<\/li>\n<\/ul>\n<\/li>\n<\/ul><\/div>\n","protected":false},"excerpt":{"rendered":"<p>Rubriken<\/p>\n","protected":false},"author":4,"featured_media":0,"parent":49,"menu_order":3,"comment_status":"closed","ping_status":"closed","template":"","meta":{"footnotes":"","_links_to":"","_links_to_target":""},"_links":{"self":[{"href":"https:\/\/cornelia.siteware.ch\/cms\/wp-json\/wp\/v2\/pages\/16"}],"collection":[{"href":"https:\/\/cornelia.siteware.ch\/cms\/wp-json\/wp\/v2\/pages"}],"about":[{"href":"https:\/\/cornelia.siteware.ch\/cms\/wp-json\/wp\/v2\/types\/page"}],"author":[{"embeddable":true,"href":"https:\/\/cornelia.siteware.ch\/cms\/wp-json\/wp\/v2\/users\/4"}],"replies":[{"embeddable":true,"href":"https:\/\/cornelia.siteware.ch\/cms\/wp-json\/wp\/v2\/comments?post=16"}],"version-history":[{"count":20,"href":"https:\/\/cornelia.siteware.ch\/cms\/wp-json\/wp\/v2\/pages\/16\/revisions"}],"predecessor-version":[{"id":1155,"href":"https:\/\/cornelia.siteware.ch\/cms\/wp-json\/wp\/v2\/pages\/16\/revisions\/1155"}],"up":[{"embeddable":true,"href":"https:\/\/cornelia.siteware.ch\/cms\/wp-json\/wp\/v2\/pages\/49"}],"wp:attachment":[{"href":"https:\/\/cornelia.siteware.ch\/cms\/wp-json\/wp\/v2\/media?parent=16"}],"curies":[{"name":"wp","href":"https:\/\/api.w.org\/{rel}","templated":true}]}}