{"id":1573,"date":"2012-05-19T10:16:59","date_gmt":"2012-05-19T09:16:59","guid":{"rendered":"http:\/\/cornelia.siteware.ch\/cms\/?page_id=1573"},"modified":"2012-05-24T15:39:43","modified_gmt":"2012-05-24T14:39:43","slug":"theorie-zu-unterschiedlichen-themen","status":"publish","type":"page","link":"https:\/\/cornelia.siteware.ch\/cms\/didaktik\/aussprache-didaktik\/phonetikliteratur\/theorie-zu-unterschiedlichen-themen","title":{"rendered":"Phonetik: Theorie und Hintergrundwissen zu unterschiedlichen Themen"},"content":{"rendered":"<p><strong>Fiukowski, Heinz: Sprecherzieherisches Elementarbuch, Berlin 2010<sup>8<\/sup>. (De Gruyter)<\/strong><\/p>\n<p><strong>Hirschfeld, Ursula (1994): Untersuchungen zur phonetischen Verst\u00e4ndlichkeit Deutschlernender. Frankfurt\/M. (= Forum Phoneticum, Bd. 57).<br \/>\n<\/strong><a href=\"http:\/\/cornelia.siteware.ch\/blog\/wordpress\/2009\/11\/08\/verstandlichkeit-von-deutschlernenden\">Kurze Zusammenfassung<\/a> aus dem DaF-Blog. <strong><br \/>\n<\/strong><\/p>\n<p><strong>Hove, Ingrid: Die Aussprache der Standardsprache in der Schweiz, T\u00fcbingen 2002 (= Phonai: Texte und Untersuchungen zum Gesprochenen Deutsch, Bd. 47).<\/strong><br \/>\nErgebnisse einer empirischen Untersuchung zur Aussprache der Standardsprache der Deutschschweiz. Gibt einen guten \u00dcberblick \u00fcber die Forschungslage und \u00e4hnliche Ph\u00e4nomene in anderen Gebieten des deutschen Sprachraums. Die Vorschl\u00e4ge f\u00fcr eine schweizerische Aussprachenorm scheinen in das Aussprachw\u00f6rterbuch von Krech et.al. eingegangen zu sein.<\/p>\n<p><strong>Pompino-Marschall, Bernd. Einf\u00fchrung in die Phonetik. Berlin 1995.<\/strong><br \/>\nWissenschaftliche Einf\u00fchrung in die Phonetik. Behandelt artikulatorische, akustische und perzeptive Phonetik, die verschiedenen Phone und Suprasegmentalia. Geht gegen Schluss speziell auf \u00a0Deutsch ein.<\/p>\n<p><strong>Rues, Beate; Redecker, Beate; Koch, Evelyn et al. (2009): <em>Phonetische Transkription des Deutschen. Ein Arbeitsbuch. <\/em>T\u00fcbingen (= Narr Studienb\u00fccher).<\/strong><\/p>\n<p><strong>W\u00e4ngler Hans-Heinrich. Atlas deutscher Sprachlaute. Berlin 1976.<\/strong><br \/>\nBesonders interessant ist hier der Aussf\u00fchrliche Bildteil. Zu allen Lauten des Deutschen gibt es R\u00f6ntgenaufnahmen und Schemafolien, welche die R\u00f6ntgenaufnahmen verdeutlichen.<\/p>\n","protected":false},"excerpt":{"rendered":"<p>Fiukowski, Heinz: Sprecherzieherisches Elementarbuch, Berlin 20108. (De Gruyter) Hirschfeld, Ursula (1994): Untersuchungen zur phonetischen Verst\u00e4ndlichkeit Deutschlernender. Frankfurt\/M. (= Forum Phoneticum, Bd. 57). Kurze Zusammenfassung aus dem DaF-Blog. Hove, Ingrid: Die Aussprache der Standardsprache in der Schweiz, T\u00fcbingen 2002 (= Phonai: Texte und Untersuchungen zum Gesprochenen Deutsch, Bd. 47). Ergebnisse einer empirischen Untersuchung zur Aussprache der <a href='https:\/\/cornelia.siteware.ch\/cms\/didaktik\/aussprache-didaktik\/phonetikliteratur\/theorie-zu-unterschiedlichen-themen' class='excerpt-more'>[&#8230;]<\/a><\/p>\n","protected":false},"author":4,"featured_media":0,"parent":642,"menu_order":4,"comment_status":"open","ping_status":"closed","template":"","meta":{"footnotes":"","_links_to":"","_links_to_target":""},"_links":{"self":[{"href":"https:\/\/cornelia.siteware.ch\/cms\/wp-json\/wp\/v2\/pages\/1573"}],"collection":[{"href":"https:\/\/cornelia.siteware.ch\/cms\/wp-json\/wp\/v2\/pages"}],"about":[{"href":"https:\/\/cornelia.siteware.ch\/cms\/wp-json\/wp\/v2\/types\/page"}],"author":[{"embeddable":true,"href":"https:\/\/cornelia.siteware.ch\/cms\/wp-json\/wp\/v2\/users\/4"}],"replies":[{"embeddable":true,"href":"https:\/\/cornelia.siteware.ch\/cms\/wp-json\/wp\/v2\/comments?post=1573"}],"version-history":[{"count":4,"href":"https:\/\/cornelia.siteware.ch\/cms\/wp-json\/wp\/v2\/pages\/1573\/revisions"}],"predecessor-version":[{"id":1586,"href":"https:\/\/cornelia.siteware.ch\/cms\/wp-json\/wp\/v2\/pages\/1573\/revisions\/1586"}],"up":[{"embeddable":true,"href":"https:\/\/cornelia.siteware.ch\/cms\/wp-json\/wp\/v2\/pages\/642"}],"wp:attachment":[{"href":"https:\/\/cornelia.siteware.ch\/cms\/wp-json\/wp\/v2\/media?parent=1573"}],"curies":[{"name":"wp","href":"https:\/\/api.w.org\/{rel}","templated":true}]}}