{"id":1523,"date":"2012-05-10T21:58:27","date_gmt":"2012-05-10T20:58:27","guid":{"rendered":"http:\/\/cornelia.siteware.ch\/cms\/?page_id=1523"},"modified":"2012-05-10T21:59:34","modified_gmt":"2012-05-10T20:59:34","slug":"gemischte-ubungen-zur-syntax","status":"publish","type":"page","link":"https:\/\/cornelia.siteware.ch\/cms\/daf-daz-2\/grammatik\/syntax\/gemischte-ubungen-zur-syntax","title":{"rendered":"Gemischte \u00dcbungen zur Syntax"},"content":{"rendered":"<h4>Aufgaben aus dem Web<\/h4>\n<div class=\"note\">\n<ul>\n<li><strong>Leonhard Euler<\/strong>: In jedem Satz ist ein Wort zu viel.<br \/>\n<iframe loading=\"lazy\" src=\"http:\/\/LearningApps.org\/show?app=49064\" frameborder=\"0\" width=\"100%\" height=\"500\"><\/iframe><br \/>\n<small>Erkl\u00e4rungen: gehen (geht, ging, ist gegangen) \/ lehren = an einer Universit\u00e4t unterrichten \/ vollst\u00e4ndig = ganz<\/small><\/li>\n<li><strong>Martina Hingis:<\/strong> Rekonstruiere den Text<br \/>\n<iframe loading=\"lazy\" src=\"http:\/\/LearningApps.org\/show?app=49779\" frameborder=\"0\" width=\"100%\" height=\"500\"><\/iframe><br \/>\n<small>Erkl\u00e4rungen: bereit = schon (engl. \u201ealready\u201c) \/ gewinnen (gewinnt, gewann, hat gewonnen) = engl. \u201ewin\u201c \/ bleiben (bleibt, blieb, ist geblieben) \/ aufh\u00f6ren (h\u00f6rt auf, h\u00f6rte auf, hat aufgeh\u00f6rt) = engl. \u201estop to do something\u201c \/ endg\u00fcltig = definitely, for good<\/small><\/li>\n<li><strong>Postautos:<\/strong> Rekonstruiere den Text:<iframe loading=\"lazy\" src=\"http:\/\/LearningApps.org\/show?app=49771\" frameborder=\"0\" width=\"100%\" height=\"500\"><\/iframe><small><small>Erkl\u00e4rungen: die Ortschaft = der Ort \/  miteinander = with each other \/ das Zentrum, die Zentren \/ verbinden (verbindet, verband, hat verbunden = connect \/ nennen (nennt, nannte, hat genannt) \/ fr\u00fcher = in earlier times \/ geh\u00f6rten  = belong \/ beginnen (beginnt, begann, hat begonnen) \/ der Lastwagen = the lorry, the truck \/ der Posttransport = das Transportieren von Post \/ fahren (f\u00e4hrt, fuhr, ist gefahren) \/ bringen (bringt, brachte, hat gebracht) \/ der Vorort = suburb \/ \u00fcberall = everywhere<\/small><\/small><\/li>\n<\/ul>\n<\/div>\n","protected":false},"excerpt":{"rendered":"<p>Aufgaben aus dem Web Leonhard Euler: In jedem Satz ist ein Wort zu viel. Erkl\u00e4rungen: gehen (geht, ging, ist gegangen) \/ lehren = an einer Universit\u00e4t unterrichten \/ vollst\u00e4ndig = ganz Martina Hingis: Rekonstruiere den Text Erkl\u00e4rungen: bereit = schon (engl. \u201ealready\u201c) \/ gewinnen (gewinnt, gewann, hat gewonnen) = engl. \u201ewin\u201c \/ bleiben (bleibt, blieb, <a href='https:\/\/cornelia.siteware.ch\/cms\/daf-daz-2\/grammatik\/syntax\/gemischte-ubungen-zur-syntax' class='excerpt-more'>[&#8230;]<\/a><\/p>\n","protected":false},"author":4,"featured_media":0,"parent":1040,"menu_order":0,"comment_status":"open","ping_status":"closed","template":"","meta":{"footnotes":"","_links_to":"","_links_to_target":""},"_links":{"self":[{"href":"https:\/\/cornelia.siteware.ch\/cms\/wp-json\/wp\/v2\/pages\/1523"}],"collection":[{"href":"https:\/\/cornelia.siteware.ch\/cms\/wp-json\/wp\/v2\/pages"}],"about":[{"href":"https:\/\/cornelia.siteware.ch\/cms\/wp-json\/wp\/v2\/types\/page"}],"author":[{"embeddable":true,"href":"https:\/\/cornelia.siteware.ch\/cms\/wp-json\/wp\/v2\/users\/4"}],"replies":[{"embeddable":true,"href":"https:\/\/cornelia.siteware.ch\/cms\/wp-json\/wp\/v2\/comments?post=1523"}],"version-history":[{"count":3,"href":"https:\/\/cornelia.siteware.ch\/cms\/wp-json\/wp\/v2\/pages\/1523\/revisions"}],"predecessor-version":[{"id":1526,"href":"https:\/\/cornelia.siteware.ch\/cms\/wp-json\/wp\/v2\/pages\/1523\/revisions\/1526"}],"up":[{"embeddable":true,"href":"https:\/\/cornelia.siteware.ch\/cms\/wp-json\/wp\/v2\/pages\/1040"}],"wp:attachment":[{"href":"https:\/\/cornelia.siteware.ch\/cms\/wp-json\/wp\/v2\/media?parent=1523"}],"curies":[{"name":"wp","href":"https:\/\/api.w.org\/{rel}","templated":true}]}}