{"id":1468,"date":"2012-04-14T20:24:53","date_gmt":"2012-04-14T19:24:53","guid":{"rendered":"http:\/\/cornelia.siteware.ch\/cms\/?page_id=1468"},"modified":"2012-04-14T20:26:33","modified_gmt":"2012-04-14T19:26:33","slug":"genus-grammatical-gender","status":"publish","type":"page","link":"https:\/\/cornelia.siteware.ch\/cms\/daf-daz-2\/grammatik\/nomen-artikel-und-pronomen\/genus-grammatical-gender","title":{"rendered":"Genus &#8211; Grammatical Gender"},"content":{"rendered":"<div>Beispiele f\u00fcr das Genus von Nomen:<\/div>\n<div>\n<ul>\n<li>Die M\u00fctze, das Stirnband, der Hut, &#8230;<\/li>\n<li>Die Gabel, das Messer, der L\u00f6ffel, &#8230;<\/li>\n<li>Die Party, das Fest, der Apero &#8230;<\/li>\n<\/ul>\n<\/div>\n<div>Das Genus erkennt man am Artikel im Nominativ. Im W\u00f6rterbuch steht dieser Artikel und \/ oder eine Abk\u00fcrzung f\u00fcr das Genus.<\/div>\n<div>\n<ul>\n<li>die M\u00fctze = e M\u00fctze = M\u00fctze (f) = M\u00fctze (w)<\/li>\n<li>das Stirnband = s Stirnband = Stirnband (s) = Strinband (n)<\/li>\n<li>der Hut = r Hut = Hut (m)<\/li>\n<\/ul>\n<\/div>\n<p>Bei den meisten Nomen kann man nicht erkl\u00e4ren, warum sie ein bestimmtes Genus haben. Am besten lernt man also immer den Artikel zusammen mit dem Nomen (und am besten auch noch gleich den Plural dazu).<\/p>\n","protected":false},"excerpt":{"rendered":"<p>Beispiele f\u00fcr das Genus von Nomen: Die M\u00fctze, das Stirnband, der Hut, &#8230; Die Gabel, das Messer, der L\u00f6ffel, &#8230; Die Party, das Fest, der Apero &#8230; Das Genus erkennt man am Artikel im Nominativ. Im W\u00f6rterbuch steht dieser Artikel und \/ oder eine Abk\u00fcrzung f\u00fcr das Genus. die M\u00fctze = e M\u00fctze = M\u00fctze <a href='https:\/\/cornelia.siteware.ch\/cms\/daf-daz-2\/grammatik\/nomen-artikel-und-pronomen\/genus-grammatical-gender' class='excerpt-more'>[&#8230;]<\/a><\/p>\n","protected":false},"author":4,"featured_media":0,"parent":1087,"menu_order":2,"comment_status":"open","ping_status":"closed","template":"","meta":{"footnotes":"","_links_to":"","_links_to_target":""},"_links":{"self":[{"href":"https:\/\/cornelia.siteware.ch\/cms\/wp-json\/wp\/v2\/pages\/1468"}],"collection":[{"href":"https:\/\/cornelia.siteware.ch\/cms\/wp-json\/wp\/v2\/pages"}],"about":[{"href":"https:\/\/cornelia.siteware.ch\/cms\/wp-json\/wp\/v2\/types\/page"}],"author":[{"embeddable":true,"href":"https:\/\/cornelia.siteware.ch\/cms\/wp-json\/wp\/v2\/users\/4"}],"replies":[{"embeddable":true,"href":"https:\/\/cornelia.siteware.ch\/cms\/wp-json\/wp\/v2\/comments?post=1468"}],"version-history":[{"count":3,"href":"https:\/\/cornelia.siteware.ch\/cms\/wp-json\/wp\/v2\/pages\/1468\/revisions"}],"predecessor-version":[{"id":1470,"href":"https:\/\/cornelia.siteware.ch\/cms\/wp-json\/wp\/v2\/pages\/1468\/revisions\/1470"}],"up":[{"embeddable":true,"href":"https:\/\/cornelia.siteware.ch\/cms\/wp-json\/wp\/v2\/pages\/1087"}],"wp:attachment":[{"href":"https:\/\/cornelia.siteware.ch\/cms\/wp-json\/wp\/v2\/media?parent=1468"}],"curies":[{"name":"wp","href":"https:\/\/api.w.org\/{rel}","templated":true}]}}