{"id":143,"date":"2011-01-02T19:09:16","date_gmt":"2011-01-02T18:09:16","guid":{"rendered":"http:\/\/cornelia.siteware.ch\/cms\/?page_id=143"},"modified":"2011-04-30T08:01:23","modified_gmt":"2011-04-30T07:01:23","slug":"hoeren-und-sehen","status":"publish","type":"page","link":"https:\/\/cornelia.siteware.ch\/cms\/daf-daz-2\/horen\/hoeren-selbstaendig-ueben\/hoeren-und-sehen","title":{"rendered":"H\u00f6ren und Sehen"},"content":{"rendered":"<p >Wenn man ein Telefongespr\u00e4ch f\u00fchrt, muss man sich allein auf das H\u00f6ren  verlassen. In den meisten Situationen werden aber auch andere Sinne  angesprochen. Wenn man sieht, in welcher Situation ein Satz ge\u00e4ussert  wird, kann man ihn leichter verstehen. Das kann man nutzen.\u00a0 Fernsehen,  Videos, DVD und Kino bieteten die M\u00f6glichkeit verschiedenste Arten von gesprochenem Deutsch zu h\u00f6ren und gleichzeitig den Kontext zu sehen. H\u00f6ren und Sehen erleichtert nicht nur das Verstehen, es ist auch ein realistisches Training.<\/p>\n<p class=\"warning\" style=\"text-align: center;\">Noch im Aufbau!<\/p>\n","protected":false},"excerpt":{"rendered":"<p>Wenn man ein Telefongespr\u00e4ch f\u00fchrt, muss man sich allein auf das H\u00f6ren verlassen. In den meisten Situationen werden aber auch andere Sinne angesprochen. Wenn man sieht, in welcher Situation ein Satz ge\u00e4ussert wird, kann man ihn leichter verstehen. Das kann man nutzen.\u00a0 Fernsehen, Videos, DVD und Kino bieteten die M\u00f6glichkeit verschiedenste Arten von gesprochenem Deutsch <a href='https:\/\/cornelia.siteware.ch\/cms\/daf-daz-2\/horen\/hoeren-selbstaendig-ueben\/hoeren-und-sehen' class='excerpt-more'>[&#8230;]<\/a><\/p>\n","protected":false},"author":4,"featured_media":0,"parent":195,"menu_order":0,"comment_status":"closed","ping_status":"closed","template":"","meta":{"footnotes":"","_links_to":"","_links_to_target":""},"_links":{"self":[{"href":"https:\/\/cornelia.siteware.ch\/cms\/wp-json\/wp\/v2\/pages\/143"}],"collection":[{"href":"https:\/\/cornelia.siteware.ch\/cms\/wp-json\/wp\/v2\/pages"}],"about":[{"href":"https:\/\/cornelia.siteware.ch\/cms\/wp-json\/wp\/v2\/types\/page"}],"author":[{"embeddable":true,"href":"https:\/\/cornelia.siteware.ch\/cms\/wp-json\/wp\/v2\/users\/4"}],"replies":[{"embeddable":true,"href":"https:\/\/cornelia.siteware.ch\/cms\/wp-json\/wp\/v2\/comments?post=143"}],"version-history":[{"count":9,"href":"https:\/\/cornelia.siteware.ch\/cms\/wp-json\/wp\/v2\/pages\/143\/revisions"}],"predecessor-version":[{"id":668,"href":"https:\/\/cornelia.siteware.ch\/cms\/wp-json\/wp\/v2\/pages\/143\/revisions\/668"}],"up":[{"embeddable":true,"href":"https:\/\/cornelia.siteware.ch\/cms\/wp-json\/wp\/v2\/pages\/195"}],"wp:attachment":[{"href":"https:\/\/cornelia.siteware.ch\/cms\/wp-json\/wp\/v2\/media?parent=143"}],"curies":[{"name":"wp","href":"https:\/\/api.w.org\/{rel}","templated":true}]}}