{"id":1380,"date":"2012-04-14T08:54:25","date_gmt":"2012-04-14T07:54:25","guid":{"rendered":"http:\/\/cornelia.siteware.ch\/cms\/?page_id=1380"},"modified":"2012-04-14T10:22:24","modified_gmt":"2012-04-14T09:22:24","slug":"horverstehen","status":"publish","type":"page","link":"https:\/\/cornelia.siteware.ch\/cms\/didaktik\/horverstehen","title":{"rendered":"H\u00f6rverstehen"},"content":{"rendered":"<p><strong>Wahlm\u00f6glichkeiten f\u00fcr Lernende<\/strong><\/p>\n<ul>\n<li><a href=\"http:\/\/cornelia.siteware.ch\/blog\/wordpress\/2011\/04\/19\/aufgaben-zu-hortexten-mit-transkription\">Aufgaben zu H\u00f6rtexten mit Transkription<\/a> (DaF-Blog)<\/li>\n<\/ul>\n<p><strong>H\u00f6ren und Grammatik<\/strong><\/p>\n<ul>\n<li><a href=\"http:\/\/cornelia.siteware.ch\/blog\/wordpress\/2010\/06\/20\/horgrammatik-morphologie\">H\u00f6rgrammatik: Morphologie<\/a> (DaF-Blog)<\/li>\n<li><a href=\"http:\/\/cornelia.siteware.ch\/blog\/wordpress\/2012\/03\/21\/prateritum-und-intonation\">Pr\u00e4teritum und Intonation<\/a> (DaF-Blog)<\/li>\n<li><a href=\"http:\/\/cornelia.siteware.ch\/blog\/wordpress\/2010\/06\/24\/negationen-horen\">Negationen h\u00f6ren<\/a> (DaF-Blog)<\/li>\n<li><a href=\"http:\/\/cornelia.siteware.ch\/blog\/wordpress\/2009\/11\/10\/diktatformen\">Diktatformen<\/a> (DaF-Blog)<\/li>\n<li><a href=\"http:\/\/cornelia.siteware.ch\/blog\/wordpress\/2011\/04\/29\/dictogloss-2\">Dictogloss<\/a> (DaF-Blog)<\/li>\n<\/ul>\n<p><strong>H\u00f6ren und Aussprache (Phonem-Graphem-Beziehungen, Intonation etc)<\/strong><\/p>\n<ul>\n<li><a href=\"http:\/\/cornelia.siteware.ch\/blog\/wordpress\/2012\/03\/21\/prateritum-und-intonation\">Pr\u00e4teritum und Intonation<\/a> (DaF-Blog)<\/li>\n<\/ul>\n<p><strong>Sprech\u00fcbungen, bei denen das Zuh\u00f6ren wichtig ist<\/strong><\/p>\n<ul>\n<li><a href=\"http:\/\/cornelia.siteware.ch\/blog\/wordpress\/2011\/05\/04\/informationslucken-als-kommunikationsanlasse\">Informationsl\u00fccken als Kommunikationsanl\u00e4sse<\/a> (DaF-Blog)<\/li>\n<li><a href=\"http:\/\/cornelia.siteware.ch\/blog\/wordpress\/2010\/09\/17\/rollenspiel-reiseburo\">Rollenspiel Reiseb\u00fcro<\/a> (DaF-Blog)<\/li>\n<li><a href=\"http:\/\/cornelia.siteware.ch\/blog\/wordpress\/2009\/12\/14\/horpuzzle\">H\u00f6rpuzzle <\/a>(DaF-Blog)<\/li>\n<\/ul>\n<p><strong>H\u00f6ren und Schreiben<\/strong><\/p>\n<ul>\n<li><a href=\"http:\/\/cornelia.siteware.ch\/blog\/wordpress\/2010\/11\/03\/mitschreiben-uben\">Mitschreiben \u00fcben<\/a> (DaF-Blog)<\/li>\n<li><a href=\"http:\/\/cornelia.siteware.ch\/blog\/wordpress\/2009\/11\/10\/diktatformen\">Diktatformen<\/a> (DaF-Blog)<\/li>\n<li><a href=\"http:\/\/cornelia.siteware.ch\/blog\/wordpress\/2011\/04\/29\/dictogloss-2\">Dictogloss<\/a> (DaF-Blog)<\/li>\n<\/ul>\n<p><strong>Variet\u00e4ten und verschiedene Sprachebenen<\/strong><\/p>\n<ul>\n<li><a href=\"http:\/\/cornelia.siteware.ch\/blog\/wordpress\/2011\/11\/20\/hv-training-umgangssprache\">HV-Training-Umgangssprache <\/a>(DaF-Blog)<\/li>\n<\/ul>\n<p>&nbsp;<\/p>\n","protected":false},"excerpt":{"rendered":"<p>Wahlm\u00f6glichkeiten f\u00fcr Lernende Aufgaben zu H\u00f6rtexten mit Transkription (DaF-Blog) H\u00f6ren und Grammatik H\u00f6rgrammatik: Morphologie (DaF-Blog) Pr\u00e4teritum und Intonation (DaF-Blog) Negationen h\u00f6ren (DaF-Blog) Diktatformen (DaF-Blog) Dictogloss (DaF-Blog) H\u00f6ren und Aussprache (Phonem-Graphem-Beziehungen, Intonation etc) Pr\u00e4teritum und Intonation (DaF-Blog) Sprech\u00fcbungen, bei denen das Zuh\u00f6ren wichtig ist Informationsl\u00fccken als Kommunikationsanl\u00e4sse (DaF-Blog) Rollenspiel Reiseb\u00fcro (DaF-Blog) H\u00f6rpuzzle (DaF-Blog) H\u00f6ren und Schreiben <a href='https:\/\/cornelia.siteware.ch\/cms\/didaktik\/horverstehen' class='excerpt-more'>[&#8230;]<\/a><\/p>\n","protected":false},"author":4,"featured_media":0,"parent":472,"menu_order":2,"comment_status":"closed","ping_status":"closed","template":"","meta":{"footnotes":"","_links_to":"","_links_to_target":""},"_links":{"self":[{"href":"https:\/\/cornelia.siteware.ch\/cms\/wp-json\/wp\/v2\/pages\/1380"}],"collection":[{"href":"https:\/\/cornelia.siteware.ch\/cms\/wp-json\/wp\/v2\/pages"}],"about":[{"href":"https:\/\/cornelia.siteware.ch\/cms\/wp-json\/wp\/v2\/types\/page"}],"author":[{"embeddable":true,"href":"https:\/\/cornelia.siteware.ch\/cms\/wp-json\/wp\/v2\/users\/4"}],"replies":[{"embeddable":true,"href":"https:\/\/cornelia.siteware.ch\/cms\/wp-json\/wp\/v2\/comments?post=1380"}],"version-history":[{"count":5,"href":"https:\/\/cornelia.siteware.ch\/cms\/wp-json\/wp\/v2\/pages\/1380\/revisions"}],"predecessor-version":[{"id":1397,"href":"https:\/\/cornelia.siteware.ch\/cms\/wp-json\/wp\/v2\/pages\/1380\/revisions\/1397"}],"up":[{"embeddable":true,"href":"https:\/\/cornelia.siteware.ch\/cms\/wp-json\/wp\/v2\/pages\/472"}],"wp:attachment":[{"href":"https:\/\/cornelia.siteware.ch\/cms\/wp-json\/wp\/v2\/media?parent=1380"}],"curies":[{"name":"wp","href":"https:\/\/api.w.org\/{rel}","templated":true}]}}