{"id":136,"date":"2011-01-02T19:00:23","date_gmt":"2011-01-02T18:00:23","guid":{"rendered":"http:\/\/cornelia.siteware.ch\/cms\/?page_id=136"},"modified":"2011-04-16T10:37:35","modified_gmt":"2011-04-16T09:37:35","slug":"literatur-und-gedichte","status":"publish","type":"page","link":"https:\/\/cornelia.siteware.ch\/cms\/daf-daz-2\/horen\/ressourcen-fur-das-horverstehen\/literatur-und-gedichte","title":{"rendered":"Literatur und Gedichte"},"content":{"rendered":"<h4>Gedichte<\/h4>\n<p><strong>Zeitgen\u00f6ssische Gedichte<\/strong> in verschiedenen Sprachen werden jeweils von ihren Autoren vorgelesen. Der gesamte deutsche Sprachraum ist vertreten, das heisst man kann auch \u00f6sterreichische und Schweizer Aussprache h\u00f6ren.<br \/>\n<a href=\"http:\/\/www.lyrikline.org\/\">http:\/\/www.lyrikline.org\/<\/a><\/p>\n<h4>H\u00f6rspiele<\/h4>\n<p><strong>H\u00f6rspiele von SWR2<\/strong> zum Download oder als Audio on Demand (D).<br \/>\nDie meisten sind nach dem Sendetermin eine Woche lang verf\u00fcgbar.<br \/>\n<a href=\"http:\/\/www.swr.de\/swr2\/hoerspiel-feature\/hoerspiel-auf-klick\/-\/id=7639110\/1hd8sio\/\">http:\/\/www.swr.de\/swr2\/hoerspiel-feature\/hoerspiel-auf-klick\/-\/id=7639110\/1hd8sio\/<\/a><\/p>\n<p><strong>H\u00f6rspiel Seite des WDR<\/strong> mit Audio on Demand und einigen Downloadm\u00f6glichkeiten (D)<br \/>\n<a href=\"http:\/\/www.wdr.de\/radio\/hoerspiel\/\">http:\/\/www.wdr.de\/radio\/hoerspiel\/<\/a><\/p>\n<p><strong>Ausgew\u00e4hlte H\u00f6rspiele von DRS2<\/strong> (CH).<br \/>\nDRS 2 ist der Kulturradiosender des Schweizer Rundfunks. Die Sendungen sind Hochdeutsch gesprochen. Der Download ist nicht m\u00f6glich.<br \/>\n<a href=\"http:\/\/www.drs2.ch\/www\/de\/drs2\/9927.hoerspiele-drs-2-zum-nachhoeren.html\">http:\/\/www.drs2.ch\/www\/de\/drs2\/9927.hoerspiele-drs-2-zum-nachhoeren.html<\/a><\/p>\n<p><strong>Schreckm\u00fcmpfeli<\/strong> (CH)<br \/>\nSchreckm\u00fcmpfeli ist eine Reihe von Kurzkrimis (unter 10 Minuten). Sie sind leicht ironisch und oft auch ein bisschen makaber oder gruselig. Sie sind ziemlich kultig, aber vielleicht nicht jedermanns Geschmack. Hochdeutsch gesprochen, kein Download m\u00f6glich.<br \/>\nLink zur aktuellsten Sendung: <a href=\"http:\/\/www.drs.ch\/www\/de\/drs\/sendungen\/schreckmuempfeli.html\">http:\/\/www.drs.ch\/www\/de\/drs\/sendungen\/schreckmuempfeli.html<\/a> (\u00e4ltere Sendungen sind \u00fcber die Pfeiltasten zu erreichen).<\/p>\n<p><strong>Philip Maloney<\/strong> (CH)<br \/>\nPhilip Maloney ist ein ziemlich schr\u00e4ger und kultiger H\u00f6rspielkrimi von DRS3, der immer sonntags ausgestrahlt wird. Auch Maloney ist Geschmackssache, aber wer schon gut Deutsch kann und Krimikom\u00f6dien mag ist damit gut bedient. Die Folgen haben eine L\u00e4nge von 15-30 Minuten. Sie sind Hochdeutsch gesprochen. \u00c4ltere Folgen sind \u00fcber die Pfeiltasten verf\u00fcgbar,\u00a0 ein Downlaod ist nicht m\u00f6glich.<\/p>\n<h4>literarische H\u00f6rb\u00fccher und Lesungen<\/h4>\n<div>Die Leiden des jungen Werther als H\u00f6rbuch beim Literaturcaf\u00e9 in einzelnen MP3-Dateien (Gr\u00f6sse zw. 0.2 und 10 Mega) und kostenlos.<br \/>\n<a href=\"http:\/\/www.literaturcafe.de\/werther\/\">http:\/\/www.literaturcafe.de\/werther\/<\/a><\/p>\n<p><strong>Theater auf CD<\/strong>. H\u00f6rspiele im MP3-Format. Texte von Kafka, B\u00fcchner, Goethe, Hauff, Grimmm etc, Zum Teil mit Hintergrundinformationen. Zus\u00e4tzlich werden auch Sprach\u00fcbungen angeboten. Die Site ist mit Mozilla etwas m\u00fchsam zu navigieren, aber es lohnt sich.<br \/>\n<a href=\"http:\/\/www.cornelia.siteware.ch\/hoeren\/index.html#Hoeren\">http:\/\/www.theateraufcd.de\/<br \/>\n<\/a><br \/>\n<strong>Vorleser.net. <\/strong>Briefe, Erz\u00e4hlungen, Gedichte und M\u00e4rchen auf Deutsch. Im Angebot sind z.B. Texte von Kafka, Storm oder Rilke. Auf dieser Seite kann man M\u00e4rchen (Grimm und Andersen) und einige Gedichte kostenlos im MP3-Format herunterladen. Das Angebot wird laufend erweitetert.<br \/>\n<a href=\"http:\/\/www.vorleser.net\/\">http:\/\/www.vorleser.net\/<\/a><br \/>\n<strong> <\/strong><\/p>\n<\/div>\n<div><strong>Literatur in Hamburg<\/strong>. Verschiedene Autoren lesen aus ihren Werken vor. Die alten Lesungen werden im Archiv gesammelt und k\u00f6nnen von da abgerufen werden.<br \/>\n<a href=\"http:\/\/www.literaturinhamburg.de\/Februar05\/archiv.htm\">http:\/\/www.literaturinhamburg.de\/Februar05\/archiv.htm<\/a><br \/>\n<strong><br \/>\n<\/strong><\/div>\n","protected":false},"excerpt":{"rendered":"<p>Gedichte Zeitgen\u00f6ssische Gedichte in verschiedenen Sprachen werden jeweils von ihren Autoren vorgelesen. Der gesamte deutsche Sprachraum ist vertreten, das heisst man kann auch \u00f6sterreichische und Schweizer Aussprache h\u00f6ren. http:\/\/www.lyrikline.org\/ H\u00f6rspiele H\u00f6rspiele von SWR2 zum Download oder als Audio on Demand (D). Die meisten sind nach dem Sendetermin eine Woche lang verf\u00fcgbar. http:\/\/www.swr.de\/swr2\/hoerspiel-feature\/hoerspiel-auf-klick\/-\/id=7639110\/1hd8sio\/ H\u00f6rspiel Seite des <a href='https:\/\/cornelia.siteware.ch\/cms\/daf-daz-2\/horen\/ressourcen-fur-das-horverstehen\/literatur-und-gedichte' class='excerpt-more'>[&#8230;]<\/a><\/p>\n","protected":false},"author":4,"featured_media":0,"parent":497,"menu_order":0,"comment_status":"closed","ping_status":"closed","template":"","meta":{"footnotes":"","_links_to":"","_links_to_target":""},"_links":{"self":[{"href":"https:\/\/cornelia.siteware.ch\/cms\/wp-json\/wp\/v2\/pages\/136"}],"collection":[{"href":"https:\/\/cornelia.siteware.ch\/cms\/wp-json\/wp\/v2\/pages"}],"about":[{"href":"https:\/\/cornelia.siteware.ch\/cms\/wp-json\/wp\/v2\/types\/page"}],"author":[{"embeddable":true,"href":"https:\/\/cornelia.siteware.ch\/cms\/wp-json\/wp\/v2\/users\/4"}],"replies":[{"embeddable":true,"href":"https:\/\/cornelia.siteware.ch\/cms\/wp-json\/wp\/v2\/comments?post=136"}],"version-history":[{"count":8,"href":"https:\/\/cornelia.siteware.ch\/cms\/wp-json\/wp\/v2\/pages\/136\/revisions"}],"predecessor-version":[{"id":425,"href":"https:\/\/cornelia.siteware.ch\/cms\/wp-json\/wp\/v2\/pages\/136\/revisions\/425"}],"up":[{"embeddable":true,"href":"https:\/\/cornelia.siteware.ch\/cms\/wp-json\/wp\/v2\/pages\/497"}],"wp:attachment":[{"href":"https:\/\/cornelia.siteware.ch\/cms\/wp-json\/wp\/v2\/media?parent=136"}],"curies":[{"name":"wp","href":"https:\/\/api.w.org\/{rel}","templated":true}]}}