{"id":124,"date":"2011-01-02T18:38:33","date_gmt":"2011-01-02T17:38:33","guid":{"rendered":"http:\/\/cornelia.siteware.ch\/cms\/?page_id=124"},"modified":"2015-10-25T21:24:30","modified_gmt":"2015-10-25T20:24:30","slug":"hv-aufgaben","status":"publish","type":"page","link":"https:\/\/cornelia.siteware.ch\/cms\/daf-daz-2\/horen\/ressourcen-fur-das-horverstehen\/hv-aufgaben","title":{"rendered":"didaktisierte HV-Aufgaben"},"content":{"rendered":"<div class=\"announcement\">\n<p><strong>Hinweise:<\/strong><\/p>\n<ul>\n<li>Die Aufgaben sind nach Autor geordnet.<\/li>\n<li>Das Niveau ist (sofern bekannt) in Klammern angegeben.<\/li>\n<li>Leider haben nicht alle Aufgaben L\u00f6sungen.<\/li>\n<\/ul>\n<\/div>\n<p><strong>Cornelia Steinmann<br \/>\n<\/strong><\/p>\n<ul>\n<li>sich vorstellen (A1)<br \/>\n<a href=\"\/blog\/wordpress\/wp-content\/uploads\/sich_vorstellen1.pdf\">Arbeitsblatt mit L\u00f6sungen<\/a> (Pdf)\u00a0 \/ Audio: <a href=\"http:\/\/www.audio-lingua.fr\/IMG\/mp3\/frederik.mp3\">Frederik<\/a>, <a href=\"http:\/\/www.audio-lingua.fr\/IMG\/mp3\/marilou_pres_A1.mp3\">Marilou<\/a>, <a href=\"http:\/\/www.audio-lingua.fr\/IMG\/mp3\/martin_2.mp3\">Martin<\/a>, <a href=\"http:\/\/www.audio-lingua.fr\/IMG\/mp3\/martina1.mp3\">Martina<\/a>, <a href=\"http:\/\/www.audio-lingua.fr\/IMG\/mp3\/mia1.mp3\">Mia<\/a> und <a href=\"http:\/\/www.audio-lingua.fr\/IMG\/mp3\/vanessa1.mp3\">Vanessa<\/a> (alle von <a href=\"http:\/\/www.audio-lingua.fr\/\">Audio-Lingua<\/a>)<\/li>\n<li>Sport (A1)<br \/>\n<a href=\"\/blog\/wordpress\/wp-content\/uploads\/Sport.pdf\">Arbeitsblatt mit L\u00f6sungen<\/a> (Pdf) \/ <a href=\"..\/..\/blog\/wordpress\/wp-content\/uploads\/Sport.pdf\">Audio <\/a>von Audio-lingua<\/li>\n<li>Katrins Haus (A1)<br \/>\n<a href=\"\/blog\/wordpress\/wp-content\/uploads\/haus_von_katrin.pdf\">Arbeitsblatt mit L\u00f6sungen<\/a> (Pdf) \/ <a href=\"http:\/\/www.audio-lingua.eu\/IMG\/mp3\/katrin_hausA1.mp3\">Audiodatei<\/a> von Audiolingua<\/li>\n<li>Bern (A1)<a href=\"\/blog\/wordpress\/wp-content\/uploads\/bernvideo.pdf\"><br \/>\nArbeitsblatt<\/a> (Pdf)\u00a0 und <a href=\"\/cms\/wp-content\/uploads\/2011\/01\/Besuch_in_Bern_loes.pdf\">L\u00f6sungen<\/a> (Pdf) \/ <a href=\"http:\/\/www.youtube.com\/watch?v=jIp_xQTPB80\">Video<\/a> bei Youtube<\/li>\n<li>Vortrag zum Thema Sprachen (A1)<br \/>\n<a href=\"\/blog\/wordpress\/wp-content\/uploads\/vortrag_sprachen.pdf\">Arbeitsblatt<\/a> (Pdf) und <a href=\"\/cms\/wp-content\/uploads\/2011\/01\/vortrag_sprachen_loes.pdf\">L\u00f6sungen<\/a> (Pdf) \/ <a href=\"http:\/\/voicethread.com\/share\/397241\/\">Pr\u00e4sentation<\/a> bei Voicethread<\/li>\n<li><a href=\"\/blog\/wordpress\/wp-content\/uploads\/biblio.htm\">Informationsfilm zur Soziologiebibliothek<\/a> (A1)<br \/>\nVideo mit interaktiver \u00dcbung<\/li>\n<li><a href=\"\/blog\/wordpress\/wp-content\/uploads\/wegbeschreibung2.htm\">Wegbeschreibung<\/a> (A1)<br \/>\nVideo mit interaktiver \u00dcbung<\/li>\n<li><a title=\"Stadtrundgang durch Z\u00fcrich\" href=\"http:\/\/www.slideshare.net\/cost\/stadtrundgang-durch-zrich?type=powerpoint\">Stadtrundgang durch Z\u00fcrich<\/a> (A1)<br \/>\nvertonte Powerpointpr\u00e4sentation.<\/li>\n<li><a href=\"\/blog\/wordpress\/2011\/03\/16\/verkehrsregeln-im-kreisel\">Verkehrsregeln im Kreisel<\/a> (A1).<br \/>\nVideo und Arbeitsblatt (pdf). Mit Partner\u00fcbung und Grammatikfokus Modalverben.<\/li>\n<li>Durchsage im Bahnhof (A1-A2)<br \/>\n<a href=\"\/blog\/wordpress\/2009\/09\/22\/video-quiz-builder\">\u00dcbung mit automatischer Korrektur<\/a><\/li>\n<li><a href=\"http:\/\/LearningApps.org\/49760\">Was soll ich anziehen<\/a> (A1-A2)<br \/>\nInteraktives L\u00fcckendiktat zum Thema Kleider (erstellt mit learningapps.org)<\/li>\n<li><a href=\"http:\/\/learningapps.org\/display?v=82cymajt\">Postautos<\/a> (A2-B1)<br \/>\nText und Audio mit einander vergleichen. (Interaktive \u00dcbung, erstellt mit learningapps.org)<\/li>\n<li>Maturit\u00e4tsquoten in der Schweiz (ab B1+).<br \/>\nZahlen und Statistikvokabular. Notizen machen. <a href=\"\/blog\/wordpress\/wp-content\/uploads\/maturitaetsquote_teil1.pdf\"><br \/>\nArbeitsblatt mit L\u00f6sungen<\/a> (Pdf), <a href=\"http:\/\/www.archive.org\/details\/MaturitaetsquoteInDerSchweiz\">Audio<\/a><\/li>\n<li><a href=\"\/blog\/wordpress\/2010\/06\/24\/negationen-horen\">Negationen h\u00f6ren<\/a> (B2)<\/li>\n<\/ul>\n<p><strong>Blog von Andi Neustein<\/strong><\/p>\n<ul>\n<li>H\u00f6ren (A1- C1): <a href=\"http:\/\/deutschlernerblog.de\/uebungen-zum-hoerverstehen-deutsch\/\">http:\/\/deutsch-lerner.blog.de\/2008\/10\/01\/uebungen-hoerverstehen-sprachniveau-9125496\/<\/a><\/li>\n<li>H\u00f6ren und Sehen (A1-B2): <a href=\"http:\/\/deutschlernerblog.de\/uebungen-zum-hoer-seh-verstehen-deutsch\/\" target=\"_blank\">http:\/\/deutschlernerblog.de\/<wbr>uebungen-zum-hoer-seh-<wbr>verstehen-deutsch\/<\/wbr><\/wbr><\/a><\/li>\n<li>Die L\u00f6sungen stehen oft in den Kommentaren<\/li>\n<\/ul>\n<p><strong>Sprachenzentrum Buenos Aires<\/strong><\/p>\n<ul>\n<li>Sammlung von Videos mit Aufgaben: <a href=\"http:\/\/sprachzentrum.com.ar\/aprender-aleman-con-videos\">http:\/\/sprachzentrum.com.ar\/aprender-aleman-con-videos<\/a><\/li>\n<li>haupts\u00e4chlich A1\/A2 und A2\/B1<\/li>\n<li>ohne L\u00f6sungen<\/li>\n<\/ul>\n<p><strong>jetz.de<\/strong><\/p>\n<ul>\n<li>Texte mit Videos: <a href=\"http:\/\/www.goethe.de\/z\/jetzt\/dejvideo.htm\">http:\/\/www.goethe.de\/z\/jetzt\/dejvideo.htm<\/a><\/li>\n<li>ab B1<\/li>\n<\/ul>\n<p><strong>Videothema<\/strong><\/p>\n<ul>\n<li>Seit Anfang Jahr gibt es bei der deutschen Welle jede Woche auch einVideo mit Aufgaben, Trankskription und deutschem Glossar. Die Videos stehen als Stream oder als Download zur Verf\u00fcgung. \u00c4ltere Videos findet man im Archiv. Die L\u00f6sungen kann man sich zuschicken lassen.<\/li>\n<li>Link: <a href=\"http:\/\/www.dw-world.de\/dw\/0,,12165,00.html\">http:\/\/www.dw-world.de\/dw\/0,,12165,00.html<\/a><\/li>\n<li>ab A2\/B1<\/li>\n<\/ul>\n<p><strong>DSH &amp; Studienvorbereitung<\/strong><\/p>\n<ul>\n<li><strong>Grenzen im Hochleistungssport.<\/strong> H\u00f6rverstehensaufgabe aus dem Lehrwerk DSH &amp; Studienvorbereitung.<br \/>\nH\u00f6rtext: <a href=\"http:\/\/www.dshuni.de\/Andere\/andere\/0_Pro2.mp3\">http:\/\/www.dshuni.de\/Andere\/andere\/0_Pro2.mp3<\/a><br \/>\nAufgaben: <a href=\"http:\/\/www.dshuni.de\/Andere\/pdf\/0_pro2auf.pdf\">http:\/\/www.dshuni.de\/Andere\/pdf\/0_pro2auf.pdf<\/a><br \/>\nSchriftliche Version des Textes: <a href=\"http:\/\/www.dshuni.de\/Andere\/pdf\/0_pro2txt.pdf\">http:\/\/www.dshuni.de\/Andere\/pdf\/0_pro2txt.pdf<\/a><\/li>\n<li>ab B2.2<\/li>\n<\/ul>\n","protected":false},"excerpt":{"rendered":"<p>Hinweise: Die Aufgaben sind nach Autor geordnet. Das Niveau ist (sofern bekannt) in Klammern angegeben. Leider haben nicht alle Aufgaben L\u00f6sungen. Cornelia Steinmann sich vorstellen (A1) Arbeitsblatt mit L\u00f6sungen (Pdf)\u00a0 \/ Audio: Frederik, Marilou, Martin, Martina, Mia und Vanessa (alle von Audio-Lingua) Sport (A1) Arbeitsblatt mit L\u00f6sungen (Pdf) \/ Audio von Audio-lingua Katrins Haus (A1) <a href='https:\/\/cornelia.siteware.ch\/cms\/daf-daz-2\/horen\/ressourcen-fur-das-horverstehen\/hv-aufgaben' class='excerpt-more'>[&#8230;]<\/a><\/p>\n","protected":false},"author":4,"featured_media":0,"parent":497,"menu_order":0,"comment_status":"closed","ping_status":"closed","template":"","meta":{"footnotes":"","_links_to":"","_links_to_target":""},"_links":{"self":[{"href":"https:\/\/cornelia.siteware.ch\/cms\/wp-json\/wp\/v2\/pages\/124"}],"collection":[{"href":"https:\/\/cornelia.siteware.ch\/cms\/wp-json\/wp\/v2\/pages"}],"about":[{"href":"https:\/\/cornelia.siteware.ch\/cms\/wp-json\/wp\/v2\/types\/page"}],"author":[{"embeddable":true,"href":"https:\/\/cornelia.siteware.ch\/cms\/wp-json\/wp\/v2\/users\/4"}],"replies":[{"embeddable":true,"href":"https:\/\/cornelia.siteware.ch\/cms\/wp-json\/wp\/v2\/comments?post=124"}],"version-history":[{"count":27,"href":"https:\/\/cornelia.siteware.ch\/cms\/wp-json\/wp\/v2\/pages\/124\/revisions"}],"predecessor-version":[{"id":186,"href":"https:\/\/cornelia.siteware.ch\/cms\/wp-json\/wp\/v2\/pages\/124\/revisions\/186"}],"up":[{"embeddable":true,"href":"https:\/\/cornelia.siteware.ch\/cms\/wp-json\/wp\/v2\/pages\/497"}],"wp:attachment":[{"href":"https:\/\/cornelia.siteware.ch\/cms\/wp-json\/wp\/v2\/media?parent=124"}],"curies":[{"name":"wp","href":"https:\/\/api.w.org\/{rel}","templated":true}]}}