{"id":1121,"date":"2012-04-08T13:37:20","date_gmt":"2012-04-08T12:37:20","guid":{"rendered":"http:\/\/cornelia.siteware.ch\/cms\/?page_id=1121"},"modified":"2012-04-14T15:01:47","modified_gmt":"2012-04-14T14:01:47","slug":"formenubersicht-nomen-und-artikel","status":"publish","type":"page","link":"https:\/\/cornelia.siteware.ch\/cms\/daf-daz-2\/grammatik\/nomen-artikel-und-pronomen\/faelle-kasus-the-case\/formenubersicht-nomen-und-artikel","title":{"rendered":"Formen\u00fcbersicht Nomen und Artikel"},"content":{"rendered":"<p>In der folgenden Tabelle sind die Formen der Nomen und Artikel in den vier F\u00e4llen dargestellt.<br \/>\n<em><small>The follwoing chart shows the forms of nouns and articles in the different cases.<\/small><\/em><\/p>\n<p><em><small><\/small><em><a href=\"http:\/\/cornelia.siteware.ch\/cms\/wp-content\/uploads\/2012\/04\/Bild-215.png\"><img decoding=\"async\" loading=\"lazy\" class=\"alignnone size-full wp-image-1133\" title=\"fall_uebersicht_nomen\" src=\"http:\/\/cornelia.siteware.ch\/cms\/wp-content\/uploads\/2012\/04\/Bild-215.png\" alt=\"\u00dcbersicht \u00fcber die Formen von Artikeln und Nomen in den verschiedenen F\u00e4llen. \" width=\"859\" height=\"273\" srcset=\"https:\/\/cornelia.siteware.ch\/cms\/wp-content\/uploads\/2012\/04\/Bild-215.png 859w, https:\/\/cornelia.siteware.ch\/cms\/wp-content\/uploads\/2012\/04\/Bild-215-300x95.png 300w\" sizes=\"(max-width: 859px) 100vw, 859px\" \/><\/a><br \/>\n<\/em><\/em><\/p>\n<p>Den Fall erkennt man meistens am Artikel, manchmal auch an der Endung des Nomens Manchmal kann man den Fall nur aus dem Kontext erschliessen, denn die meisten Formen sind ambig (= d.h. haben mehr als eine Funktion)<\/p>\n<p><span style=\"text-decoration: underline;\">Beispiel \u201eder\u201c<\/span>:<\/p>\n<ul>\n<li>der Frau: Dativ oder Genitiv Singular Feminin\/<\/li>\n<li>der Mann: Nominativ Singular Maskulin<\/li>\n<li>der Frauen: Genitiv Plural Feminin<\/li>\n<\/ul>\n<p><em><small> Mostly you can tell the case of a noun group from the article and sometimes from the ending of a noun.\u00a0 Sometimes the case can only be derived from context, as most forms are ambiguous, (i.e. they have more than one function, as in the example above).<\/small><\/em><\/p>\n<p><strong>Gut zu wissen: <\/strong><\/p>\n<ul>\n<li>Dativplural: h\u00e4ufig mit \u2013n<br \/>\n<em><small>SDative plural: often with \u2013n<\/small><\/em><\/li>\n<li>Der Genitiv hat h\u00e4ufig dieselbe Bedeutung wie das Englische \u201eof\u201c: Die Wohnung mein<strong>er<\/strong> Lehrerin = the flat <strong>of <\/strong>my teacher. Bei Namen steht ein s: Cornelia<strong>s<\/strong> Klasse, Peter<strong>s<\/strong> Buch.<br \/>\n<em><small>SThe genitive can often be translated by \u201cof\u201d. Add an \u2013s after names. (Examples above).<\/small><\/em><\/li>\n<li>Genitivsingular f\u00fcr Maskulin und Neutrum: oft -(e)s<br \/>\n<em><small>SGenitive singular for masculine and neutral nouns: often \u2013(e)s<\/small><\/em><\/li>\n<li>dieser, diese, dieses \/ jener, jene, jenes \/ jeder, jeder, jedes \/ welcher, welche, welches haben dieselben Endungen wie der, die, das<br \/>\n<em><small>Sdieser, diese, dieses \/ jener, jene, jenes \/ jeder, jeder, jedes \/ welcher, welche, welches: same endings a \u201cder, die, das\u201d.<\/small><\/em><\/li>\n<li>Einige B\u00fccher ben\u00fctzen eine andere Reihenfolge: 1. Fall = Nominativ, 2. Fall = Genitiv, 3. Fall = Dativ, 4. Fall = Akkusativ. Das ist die Reihenfolge der lateinischen Grammatik<br \/>\n<em><small>Some textbooks present the cases in a different order: 1<sup>st<\/sup> case: nominative case: 2<sup>nd<\/sup> case = genitive case, 3<sup>rd<\/sup> case = dative case, 4<sup>th<\/sup> case = accusative case. This order derives from Latin grammar.<\/small><\/em><\/li>\n<\/ul>\n","protected":false},"excerpt":{"rendered":"<p>In der folgenden Tabelle sind die Formen der Nomen und Artikel in den vier F\u00e4llen dargestellt. The follwoing chart shows the forms of nouns and articles in the different cases. Den Fall erkennt man meistens am Artikel, manchmal auch an der Endung des Nomens Manchmal kann man den Fall nur aus dem Kontext erschliessen, denn <a href='https:\/\/cornelia.siteware.ch\/cms\/daf-daz-2\/grammatik\/nomen-artikel-und-pronomen\/faelle-kasus-the-case\/formenubersicht-nomen-und-artikel' class='excerpt-more'>[&#8230;]<\/a><\/p>\n","protected":false},"author":4,"featured_media":0,"parent":1080,"menu_order":0,"comment_status":"open","ping_status":"closed","template":"","meta":{"footnotes":"","_links_to":"","_links_to_target":""},"_links":{"self":[{"href":"https:\/\/cornelia.siteware.ch\/cms\/wp-json\/wp\/v2\/pages\/1121"}],"collection":[{"href":"https:\/\/cornelia.siteware.ch\/cms\/wp-json\/wp\/v2\/pages"}],"about":[{"href":"https:\/\/cornelia.siteware.ch\/cms\/wp-json\/wp\/v2\/types\/page"}],"author":[{"embeddable":true,"href":"https:\/\/cornelia.siteware.ch\/cms\/wp-json\/wp\/v2\/users\/4"}],"replies":[{"embeddable":true,"href":"https:\/\/cornelia.siteware.ch\/cms\/wp-json\/wp\/v2\/comments?post=1121"}],"version-history":[{"count":11,"href":"https:\/\/cornelia.siteware.ch\/cms\/wp-json\/wp\/v2\/pages\/1121\/revisions"}],"predecessor-version":[{"id":1417,"href":"https:\/\/cornelia.siteware.ch\/cms\/wp-json\/wp\/v2\/pages\/1121\/revisions\/1417"}],"up":[{"embeddable":true,"href":"https:\/\/cornelia.siteware.ch\/cms\/wp-json\/wp\/v2\/pages\/1080"}],"wp:attachment":[{"href":"https:\/\/cornelia.siteware.ch\/cms\/wp-json\/wp\/v2\/media?parent=1121"}],"curies":[{"name":"wp","href":"https:\/\/api.w.org\/{rel}","templated":true}]}}