{"id":1084,"date":"2012-04-08T12:22:46","date_gmt":"2012-04-08T11:22:46","guid":{"rendered":"http:\/\/cornelia.siteware.ch\/cms\/?page_id=1084"},"modified":"2012-04-14T14:57:17","modified_gmt":"2012-04-14T13:57:17","slug":"grammatikbegriffe-die-falle","status":"publish","type":"page","link":"https:\/\/cornelia.siteware.ch\/cms\/daf-daz-2\/grammatik\/nomen-artikel-und-pronomen\/grammatikbegriffe-die-falle","title":{"rendered":"Grammatikbegriffe: Nomen, Pronomen und Artikel"},"content":{"rendered":"<p><strong>Nomen <\/strong>oder<strong> Substantive<\/strong>: der <strong>Mann<\/strong>, das <strong>Kind<\/strong>, die <strong>Frau<\/strong>, die Eltern, die Gabel, das Messer, der L\u00f6ffel. Jedes Nomen hat ein <strong>Genus<\/strong> (Geschlecht): maskulin\/m\u00e4nnlich, feminin\/weiblich und neutral\/s\u00e4chlich. Die Genera erkennt man am Artikel im Nominativ: <strong>der<\/strong> Mann, <strong>die<\/strong> Frau, <strong>das<\/strong> Kind. In W\u00f6rterb\u00fcchern findet man h\u00e4ufig Abk\u00fcrzungen:<\/p>\n<ul>\n<li>der Mann = Mann (m) ) r Mann<\/li>\n<li>die Frau = Frau (f) = Frau (w) = e Frau<\/li>\n<li>das Kind = Kind (n) ) Kind (s) = s Kind<\/li>\n<\/ul>\n<p><em><small>Nouns have a grammatical gender. The article in the nominative case indicates the gender. Abbreviations as the ones shown above are common in dictionaries.<\/small><\/em><\/p>\n<p>Die Formen der <strong>Artikel<\/strong> zeigen <a title=\"Die F\u00e4lle (Kasus) \u2013 The cases\" href=\"http:\/\/cornelia.siteware.ch\/cms\/daf-daz-2\/grammatik\/nomen-artikel-und-pronomen\/faelle-kasus-the-case\"><strong>den Fall<\/strong><\/a> (=den Kasus) einer Nominalgruppe: <strong>der<\/strong> Mann (Nominativ), <strong>den<\/strong> Mann (Akkusativ), <strong>dem<\/strong> Mann (Dativ). Manchmal ver\u00e4ndert sich auch das Nomen: des Mann<strong>es<\/strong> (Genitiv), den M\u00e4nner<strong>n <\/strong>(Dativ Plural).<br \/>\n<em><small>The different forms oft the article show the case of a noun group. Sometimes the noun changes too.<\/small><\/em><\/p>\n<p>Nomen kommen im <strong>Singular<\/strong> (das Kind) und im <strong>Plural<\/strong> (die Kinder) vor. In W\u00f6rterb\u00fcchern findet man oft nicht den ganzen Plural, sondern Abk\u00fcrzungen wie die folgenden:<br \/>\n<em><small>Nouns can either be in the singular (das Kind) or in the plural (die Kinder). Dictionaries often use abbreviations as shown below: <\/small><\/em><\/p>\n<ul>\n<li>der Hund, die Hunde = r Hund, -e<\/li>\n<li>das Messer, die Messer = s Messer, &#8211;<\/li>\n<li>das Kind, die Kinder = s Kind, -er<\/li>\n<li>das Auto, die Autos = s Auto, -s<\/li>\n<li>die Mutter, die M\u00fctter = e Mutter, -\u00a8-<\/li>\n<li>der Stuhl, die St\u00fchle = r Stuhl, -\u00a8-e<\/li>\n<li>&#8230;<\/li>\n<\/ul>\n<p><strong>Pronomen<\/strong>: ich, mich, uns, mein &#8230;.<\/p>\n<p>Sie stehen <strong>zusammen mit<\/strong>\u00a0 einem Nomen (mein Buch \/ dieses Haus) oder <strong>anstelle<\/strong> eines Nomens (ich, mir&#8230;). Sie kommen in verschiedenen <strong>F\u00e4llen<\/strong> und im <strong>Singular<\/strong> und <strong>Plural <\/strong>vor.<br \/>\n<em><small>Pronouns either accompagny or replace a noun. There are different forms for the cases and for singular and plural.<\/small><\/em><\/p>\n<p>Einige Beispiele<\/p>\n<ul>\n<li>Personalpronomen im Nominativ: ich \/ du \/ er \/ sie \/ es \/ wir \/ ihr \/ sie \/ Sie<\/li>\n<li>Possessivpronomen im Nominativ maskulin: mein \/ dein \/ sein \/ ihr \/ unser \/ euer \/ ihr<\/li>\n<\/ul>\n<p>&nbsp;<\/p>\n","protected":false},"excerpt":{"rendered":"<p>Nomen oder Substantive: der Mann, das Kind, die Frau, die Eltern, die Gabel, das Messer, der L\u00f6ffel. Jedes Nomen hat ein Genus (Geschlecht): maskulin\/m\u00e4nnlich, feminin\/weiblich und neutral\/s\u00e4chlich. Die Genera erkennt man am Artikel im Nominativ: der Mann, die Frau, das Kind. In W\u00f6rterb\u00fcchern findet man h\u00e4ufig Abk\u00fcrzungen: der Mann = Mann (m) ) r Mann <a href='https:\/\/cornelia.siteware.ch\/cms\/daf-daz-2\/grammatik\/nomen-artikel-und-pronomen\/grammatikbegriffe-die-falle' class='excerpt-more'>[&#8230;]<\/a><\/p>\n","protected":false},"author":4,"featured_media":0,"parent":1087,"menu_order":1,"comment_status":"open","ping_status":"open","template":"","meta":{"footnotes":"","_links_to":"","_links_to_target":""},"_links":{"self":[{"href":"https:\/\/cornelia.siteware.ch\/cms\/wp-json\/wp\/v2\/pages\/1084"}],"collection":[{"href":"https:\/\/cornelia.siteware.ch\/cms\/wp-json\/wp\/v2\/pages"}],"about":[{"href":"https:\/\/cornelia.siteware.ch\/cms\/wp-json\/wp\/v2\/types\/page"}],"author":[{"embeddable":true,"href":"https:\/\/cornelia.siteware.ch\/cms\/wp-json\/wp\/v2\/users\/4"}],"replies":[{"embeddable":true,"href":"https:\/\/cornelia.siteware.ch\/cms\/wp-json\/wp\/v2\/comments?post=1084"}],"version-history":[{"count":9,"href":"https:\/\/cornelia.siteware.ch\/cms\/wp-json\/wp\/v2\/pages\/1084\/revisions"}],"predecessor-version":[{"id":1411,"href":"https:\/\/cornelia.siteware.ch\/cms\/wp-json\/wp\/v2\/pages\/1084\/revisions\/1411"}],"up":[{"embeddable":true,"href":"https:\/\/cornelia.siteware.ch\/cms\/wp-json\/wp\/v2\/pages\/1087"}],"wp:attachment":[{"href":"https:\/\/cornelia.siteware.ch\/cms\/wp-json\/wp\/v2\/media?parent=1084"}],"curies":[{"name":"wp","href":"https:\/\/api.w.org\/{rel}","templated":true}]}}