{"id":106,"date":"2011-01-02T17:30:03","date_gmt":"2011-01-02T16:30:03","guid":{"rendered":"http:\/\/cornelia.siteware.ch\/cms\/?page_id=106"},"modified":"2012-05-15T20:54:21","modified_gmt":"2012-05-15T19:54:21","slug":"intonation","status":"publish","type":"page","link":"https:\/\/cornelia.siteware.ch\/cms\/daf-daz-2\/aussprache\/intonation","title":{"rendered":"Intonation, Pausen und Rhythmus"},"content":{"rendered":"<p><a href=\"\/phonetik\/Satzmelodie__Fragen.html\"><strong>Satzmelodie<\/strong><\/a> bei Aussagen, Satz- und Wortfragen. (Hier auch als <a href=\"..\/..\/phonetik\/arbeitsblphonet\/fragemel.pdf\">PDF<\/a>).<\/p>\n<p><strong>Satzmelodien erkennen<\/strong>. Bei dieser \u00dcbung h\u00f6rst du gebrummte Satzmelodien. Du musst sie passenden S\u00e4tzen zuordnen. \u00dcbung mit mp3-Files. Die \u00dcbung gibt es als <a href=\"\/phonetik\/phonueb\/brummen1\/brummen1.html\">Multiple-Choice<\/a> oder als <a href=\"\/phonetik\/phonueb\/brummenmatch\/brummen.html\">Drag &amp; Drop<\/a>.<\/p>\n<p><strong>Akzentmuster:<\/strong> Im Restaurant<br \/>\n<a href=\"http:\/\/learningapps.org\/51088\">http:\/\/learningapps.org\/51088<\/a><\/p>\n","protected":false},"excerpt":{"rendered":"<p>Satzmelodie bei Aussagen, Satz- und Wortfragen. (Hier auch als PDF). Satzmelodien erkennen. Bei dieser \u00dcbung h\u00f6rst du gebrummte Satzmelodien. Du musst sie passenden S\u00e4tzen zuordnen. \u00dcbung mit mp3-Files. Die \u00dcbung gibt es als Multiple-Choice oder als Drag &amp; Drop. Akzentmuster: Im Restaurant http:\/\/learningapps.org\/51088<\/p>\n","protected":false},"author":4,"featured_media":0,"parent":7,"menu_order":3,"comment_status":"open","ping_status":"open","template":"","meta":{"footnotes":"","_links_to":"","_links_to_target":""},"_links":{"self":[{"href":"https:\/\/cornelia.siteware.ch\/cms\/wp-json\/wp\/v2\/pages\/106"}],"collection":[{"href":"https:\/\/cornelia.siteware.ch\/cms\/wp-json\/wp\/v2\/pages"}],"about":[{"href":"https:\/\/cornelia.siteware.ch\/cms\/wp-json\/wp\/v2\/types\/page"}],"author":[{"embeddable":true,"href":"https:\/\/cornelia.siteware.ch\/cms\/wp-json\/wp\/v2\/users\/4"}],"replies":[{"embeddable":true,"href":"https:\/\/cornelia.siteware.ch\/cms\/wp-json\/wp\/v2\/comments?post=106"}],"version-history":[{"count":8,"href":"https:\/\/cornelia.siteware.ch\/cms\/wp-json\/wp\/v2\/pages\/106\/revisions"}],"predecessor-version":[{"id":1539,"href":"https:\/\/cornelia.siteware.ch\/cms\/wp-json\/wp\/v2\/pages\/106\/revisions\/1539"}],"up":[{"embeddable":true,"href":"https:\/\/cornelia.siteware.ch\/cms\/wp-json\/wp\/v2\/pages\/7"}],"wp:attachment":[{"href":"https:\/\/cornelia.siteware.ch\/cms\/wp-json\/wp\/v2\/media?parent=106"}],"curies":[{"name":"wp","href":"https:\/\/api.w.org\/{rel}","templated":true}]}}