{"id":104,"date":"2011-01-02T17:29:30","date_gmt":"2011-01-02T16:29:30","guid":{"rendered":"http:\/\/cornelia.siteware.ch\/cms\/?page_id=104"},"modified":"2012-05-15T20:57:53","modified_gmt":"2012-05-15T19:57:53","slug":"betonung-akzentuierung","status":"publish","type":"page","link":"https:\/\/cornelia.siteware.ch\/cms\/daf-daz-2\/aussprache\/betonung-akzentuierung","title":{"rendered":"Betonung \/ Akzentuierung"},"content":{"rendered":"<p><strong>Interaktive \u00dcbungen zum Wortakzent<\/strong><\/p>\n<ul>\n<li>\u00dcbung zum Wortakzent und speziell zum Akzentwechsel in Wortfamilien.<br \/>\n<a href=\"http:\/\/www.stufen.de\/index.php?name=EZCMS&amp;menu=1&amp;page_id=133\">http:\/\/www.stufen.de\/index.php?name=EZCMS&amp;menu=1&amp;page_id=133<\/a><\/li>\n<li>Wahrnehmungs\u00fcbungen zum Wort und Satzakzent: <a href=\"..\/..\/interaktive_uebungen\/akzent_stadte.htm\">St\u00e4dte<\/a>, Neujahrsvokabular <a href=\"..\/..\/interaktive_uebungen\/akzentwg1.htm\">1<\/a> und <a href=\"..\/..\/interaktive_uebungen\/akzentwg2.htm\">2<\/a><\/li>\n<li>Wortakzent\u00fcbung zum Thema Kleider. Mit H\u00f6rtext als Hilfe.<br \/>\n<a href=\"http:\/\/LearningApps.org\/49728\">http:\/\/LearningApps.org\/49728<\/a><\/li>\n<\/ul>\n<p>&nbsp;<\/p>\n<p><strong>Wortakzent bei deutschen W\u00f6rtern (PDF)<\/strong><\/p>\n<ul>\n<li>Theorieblatt mit den wichtigsten <a href=\"\/phonetik\/arbeitsblphonet\/betonungwoe.pdf\">Betonungsregeln<\/a> (ohne Fremdw\u00f6rter) zu &#8222;Grundw\u00f6rtern&#8220;, Ableitungen, Komposita und Abk\u00fcrzungen (PDF).<\/li>\n<li>Aufgabenblatt <a href=\"\/phonetik\/arbeitsblphonet\/wortakzentaufgaben.pdf\">Wortakzent<\/a> mit <a href=\"\/phonetik\/arbeitsblphonet\/wortakzentaufgabenloes.pdf\">L\u00f6sungen<\/a> (ausser f\u00fcr Aufgabe 2).<\/li>\n<\/ul>\n<p><strong>Satzakzent<\/strong><\/p>\n<ul>\n<li>Betonung in <a href=\"\/phonetik\/satzakzent.html\">Wortgruppen und S\u00e4tzen<\/a> bei neutraler, sachlicher Sprechweise.<br \/>\nMit Aufgaben im Theorieteil und <a href=\"\/phonetik\/satzakzentloes.html\">L\u00f6sungen<\/a>.<\/li>\n<li><a href=\"\/phonetik\/kontrastakzent.html\">Kontrastakzent.<\/a> Mit Aufgaben und <a href=\"\/phonetik\/kontrastakzentloe.html\">L\u00f6sungen<\/a>.<\/li>\n<\/ul>\n<h3><a name=\"intonation\"><\/a><\/h3>\n","protected":false},"excerpt":{"rendered":"<p>Interaktive \u00dcbungen zum Wortakzent \u00dcbung zum Wortakzent und speziell zum Akzentwechsel in Wortfamilien. http:\/\/www.stufen.de\/index.php?name=EZCMS&amp;menu=1&amp;page_id=133 Wahrnehmungs\u00fcbungen zum Wort und Satzakzent: St\u00e4dte, Neujahrsvokabular 1 und 2 Wortakzent\u00fcbung zum Thema Kleider. Mit H\u00f6rtext als Hilfe. http:\/\/LearningApps.org\/49728 &nbsp; Wortakzent bei deutschen W\u00f6rtern (PDF) Theorieblatt mit den wichtigsten Betonungsregeln (ohne Fremdw\u00f6rter) zu &#8222;Grundw\u00f6rtern&#8220;, Ableitungen, Komposita und Abk\u00fcrzungen (PDF). Aufgabenblatt Wortakzent <a href='https:\/\/cornelia.siteware.ch\/cms\/daf-daz-2\/aussprache\/betonung-akzentuierung' class='excerpt-more'>[&#8230;]<\/a><\/p>\n","protected":false},"author":4,"featured_media":0,"parent":7,"menu_order":2,"comment_status":"open","ping_status":"open","template":"","meta":{"footnotes":"","_links_to":"","_links_to_target":""},"_links":{"self":[{"href":"https:\/\/cornelia.siteware.ch\/cms\/wp-json\/wp\/v2\/pages\/104"}],"collection":[{"href":"https:\/\/cornelia.siteware.ch\/cms\/wp-json\/wp\/v2\/pages"}],"about":[{"href":"https:\/\/cornelia.siteware.ch\/cms\/wp-json\/wp\/v2\/types\/page"}],"author":[{"embeddable":true,"href":"https:\/\/cornelia.siteware.ch\/cms\/wp-json\/wp\/v2\/users\/4"}],"replies":[{"embeddable":true,"href":"https:\/\/cornelia.siteware.ch\/cms\/wp-json\/wp\/v2\/comments?post=104"}],"version-history":[{"count":11,"href":"https:\/\/cornelia.siteware.ch\/cms\/wp-json\/wp\/v2\/pages\/104\/revisions"}],"predecessor-version":[{"id":307,"href":"https:\/\/cornelia.siteware.ch\/cms\/wp-json\/wp\/v2\/pages\/104\/revisions\/307"}],"up":[{"embeddable":true,"href":"https:\/\/cornelia.siteware.ch\/cms\/wp-json\/wp\/v2\/pages\/7"}],"wp:attachment":[{"href":"https:\/\/cornelia.siteware.ch\/cms\/wp-json\/wp\/v2\/media?parent=104"}],"curies":[{"name":"wp","href":"https:\/\/api.w.org\/{rel}","templated":true}]}}