{"id":101,"date":"2011-01-02T17:27:40","date_gmt":"2011-01-02T16:27:40","guid":{"rendered":"http:\/\/cornelia.siteware.ch\/cms\/?page_id=101"},"modified":"2012-05-30T06:22:36","modified_gmt":"2012-05-30T05:22:36","slug":"aussprache-uben","status":"publish","type":"page","link":"https:\/\/cornelia.siteware.ch\/cms\/daf-daz-2\/aussprache\/aussprache-uben","title":{"rendered":"Aussprache selbst\u00e4ndig \u00fcben"},"content":{"rendered":"<h4>Geht das \u00fcberhaupt?<em><small><br \/>\nLearning pronounciation on your own: Is it even possible?<\/small><\/em><\/h4>\n<p>Ich kenne ein paar Leute, die eine gute Aussprache haben, nie einen Aussprachekurs besucht haben und auch im Unterricht kein explizites Aussprachetraining hatten. Sie selber haben aber immer\u00a0 wieder &#8211; bewusst oder unbewusst &#8211; an ihrer Aussprache gearbeitet.<br \/>\n<em><small>Some of my acquantainces have never been to a special pronounciation class, never even had pronounciation training in class and still their pronounciation is quite good. They worked on their pronounciation on their own &#8211; be it consciously or subconcously &#8211; time and again.<\/small><\/em><\/p>\n<p>F\u00fcr die meisten Lernenden ist es aber einfacher, wenn ihnen jemand zeigen kann, worauf es ankommt, sie gelegentlich korrigiert und ihnen \u00dcbungsmaterial und Lernhilfen anbietet. Ganz alleine eine gute Aussprache zu erwerben, ist etwas, das die wenigsten schaffen.<br \/>\n<em><small>However, it is easier for most learners if they are shown what&#8217;s important, get occasional corrections, and are provided with learning materials and and tools. Very few people manage to acquire a high level in pronounciation completely on their own.<\/small><\/em><\/p>\n<p>Trotzdem\u00a0 ist Aussprache zu einem grossen Teil auch \u00dcbungssache.\u00a0 Man muss zum Beispiel Bewegungen, die man neu gelernt hat, automatisieren. Deshalb ist es sinnvoll, wenn man immer wieder mal alleine \u00fcbt, auch wenn man einen Kurs besucht. Einige Erkl\u00e4rungen, Vorschl\u00e4ge f\u00fcr \u00dcbungen und Materialien dazu findet ihr auf den folgenden Seiten. Vor allem, wenn ihr an der Automatisierung neuer Aussprachemuster arbeitet, solltet ihr euch regelm\u00e4ssiges Feedback von kompetenten Sprechern holen, damit ihr keine falschen Bewegungsabl\u00e4ufe lernt.<br \/>\n<em><small>Still, pronounciation is largely a matter of practice. For one thing, the new movements have to be practised, so that you can perform them automatically later on. Doing exercices on your own is a good idea anyway, even if you take a class. Some explanations, ideas for practice an materials can be found on the pages indicated above. However it is important to get regular feedback form a competent German speacker, espescially when practicing new pronounciation patters. Otherwise you might learn wrong movements.<br \/>\n<\/small><\/em><\/p>\n<h4>Rubriken<\/h4>\n<div id=\"shailan-subpages-101-1\"><ul class=\"subpages\"><li class=\"page_item page-item-594\"><a href=\"https:\/\/cornelia.siteware.ch\/cms\/daf-daz-2\/aussprache\/aussprache-uben\/ubungsformen-und-materialien\"  rel=\"\">\u00dcbungsformen und -materialien<\/a><\/li>\n<li class=\"page_item page-item-592\"><a href=\"https:\/\/cornelia.siteware.ch\/cms\/daf-daz-2\/aussprache\/aussprache-uben\/was-muss-man-lernenuben\"  rel=\"\">Was muss man lernen\/\u00fcben?<\/a><\/li>\n<\/ul><\/div>\n<p><em><br \/>\n<\/em><\/p>\n","protected":false},"excerpt":{"rendered":"<p>Geht das \u00fcberhaupt? Learning pronounciation on your own: Is it even possible? Ich kenne ein paar Leute, die eine gute Aussprache haben, nie einen Aussprachekurs besucht haben und auch im Unterricht kein explizites Aussprachetraining hatten. Sie selber haben aber immer\u00a0 wieder &#8211; bewusst oder unbewusst &#8211; an ihrer Aussprache gearbeitet. Some of my acquantainces have <a href='https:\/\/cornelia.siteware.ch\/cms\/daf-daz-2\/aussprache\/aussprache-uben' class='excerpt-more'>[&#8230;]<\/a><\/p>\n","protected":false},"author":4,"featured_media":0,"parent":7,"menu_order":1,"comment_status":"open","ping_status":"open","template":"","meta":{"footnotes":"","_links_to":"","_links_to_target":""},"_links":{"self":[{"href":"https:\/\/cornelia.siteware.ch\/cms\/wp-json\/wp\/v2\/pages\/101"}],"collection":[{"href":"https:\/\/cornelia.siteware.ch\/cms\/wp-json\/wp\/v2\/pages"}],"about":[{"href":"https:\/\/cornelia.siteware.ch\/cms\/wp-json\/wp\/v2\/types\/page"}],"author":[{"embeddable":true,"href":"https:\/\/cornelia.siteware.ch\/cms\/wp-json\/wp\/v2\/users\/4"}],"replies":[{"embeddable":true,"href":"https:\/\/cornelia.siteware.ch\/cms\/wp-json\/wp\/v2\/comments?post=101"}],"version-history":[{"count":42,"href":"https:\/\/cornelia.siteware.ch\/cms\/wp-json\/wp\/v2\/pages\/101\/revisions"}],"predecessor-version":[{"id":1621,"href":"https:\/\/cornelia.siteware.ch\/cms\/wp-json\/wp\/v2\/pages\/101\/revisions\/1621"}],"up":[{"embeddable":true,"href":"https:\/\/cornelia.siteware.ch\/cms\/wp-json\/wp\/v2\/pages\/7"}],"wp:attachment":[{"href":"https:\/\/cornelia.siteware.ch\/cms\/wp-json\/wp\/v2\/media?parent=101"}],"curies":[{"name":"wp","href":"https:\/\/api.w.org\/{rel}","templated":true}]}}