{"id":978,"date":"2012-04-07T11:47:29","date_gmt":"2012-04-07T10:47:29","guid":{"rendered":"http:\/\/cornelia.siteware.ch\/cms\/?page_id=978"},"modified":"2012-04-14T15:43:13","modified_gmt":"2012-04-14T14:43:13","slug":"die-zukunft-the-future","status":"publish","type":"page","link":"http:\/\/cornelia.siteware.ch\/cms\/daf-daz-2\/grammatik\/verben\/tempora-tenses\/reale-und-grammatische-zeit-time-and-tense\/die-zukunft-the-future","title":{"rendered":"Die Zukunft &#8211; The future"},"content":{"rendered":"<p>Wenn man auf Deutsch \u00fcber die Zukunft spricht, ben\u00fctzt man sehr oft das Pr\u00e4sens mit einer Zeitangabe.<br \/>\n<em><small>In German, the \u201cPr\u00e4sens\u201d is often combined with a time expression to talk about the future.<\/small><\/em><\/p>\n<ul>\n<li><em>Morgen<\/em> fahre ich in die Ferien. <em>In drei Wochen<\/em> beginnt die Uni.<\/li>\n<\/ul>\n<p>Das Futur verwendet man f\u00fcr Pl\u00e4ne, Vermutungen, Versprechen und Prognosen.<br \/>\n<em><small>The \u201eFutur\u201c is used to express plans, assumptions, promises and predictions.<\/small><\/em><\/p>\n<ul>\n<li>Morgen wird es regnen.<\/li>\n<li>Ich werde das Studium bald abschliessen.<\/li>\n<li>Ich werde dir helfen.<\/li>\n<li>Das wird schon richtig sein.<br \/>\n<em>(= Ich glaube, dass das richtig ist, bin aber nicht ganz sicher)<\/em><\/li>\n<\/ul>\n<p>Wenn man sich sicher ist, dass (und wann) etwas passieren wird, braucht man meistens Pr\u00e4sens.<br \/>\n<em><small>If you are sure that (and when) something is going to happen, you mostly use \u201cPr\u00e4sens\u201d.<\/small><\/em><\/p>\n","protected":false},"excerpt":{"rendered":"<p>Wenn man auf Deutsch \u00fcber die Zukunft spricht, ben\u00fctzt man sehr oft das Pr\u00e4sens mit einer Zeitangabe. In German, the \u201cPr\u00e4sens\u201d is often combined with a time expression to talk about the future. Morgen fahre ich in die Ferien. In drei Wochen beginnt die Uni. Das Futur verwendet man f\u00fcr Pl\u00e4ne, Vermutungen, Versprechen und Prognosen. <a href='http:\/\/cornelia.siteware.ch\/cms\/daf-daz-2\/grammatik\/verben\/tempora-tenses\/reale-und-grammatische-zeit-time-and-tense\/die-zukunft-the-future' class='excerpt-more'>[&#8230;]<\/a><\/p>\n","protected":false},"author":4,"featured_media":0,"parent":972,"menu_order":0,"comment_status":"open","ping_status":"open","template":"","meta":{"footnotes":"","_links_to":"","_links_to_target":""},"_links":{"self":[{"href":"http:\/\/cornelia.siteware.ch\/cms\/wp-json\/wp\/v2\/pages\/978"}],"collection":[{"href":"http:\/\/cornelia.siteware.ch\/cms\/wp-json\/wp\/v2\/pages"}],"about":[{"href":"http:\/\/cornelia.siteware.ch\/cms\/wp-json\/wp\/v2\/types\/page"}],"author":[{"embeddable":true,"href":"http:\/\/cornelia.siteware.ch\/cms\/wp-json\/wp\/v2\/users\/4"}],"replies":[{"embeddable":true,"href":"http:\/\/cornelia.siteware.ch\/cms\/wp-json\/wp\/v2\/comments?post=978"}],"version-history":[{"count":3,"href":"http:\/\/cornelia.siteware.ch\/cms\/wp-json\/wp\/v2\/pages\/978\/revisions"}],"predecessor-version":[{"id":1438,"href":"http:\/\/cornelia.siteware.ch\/cms\/wp-json\/wp\/v2\/pages\/978\/revisions\/1438"}],"up":[{"embeddable":true,"href":"http:\/\/cornelia.siteware.ch\/cms\/wp-json\/wp\/v2\/pages\/972"}],"wp:attachment":[{"href":"http:\/\/cornelia.siteware.ch\/cms\/wp-json\/wp\/v2\/media?parent=978"}],"curies":[{"name":"wp","href":"https:\/\/api.w.org\/{rel}","templated":true}]}}