{"id":919,"date":"2012-04-07T08:32:08","date_gmt":"2012-04-07T07:32:08","guid":{"rendered":"http:\/\/cornelia.siteware.ch\/cms\/?page_id=919"},"modified":"2012-04-14T15:33:58","modified_gmt":"2012-04-14T14:33:58","slug":"prateritum-unregelmassige-verben","status":"publish","type":"page","link":"http:\/\/cornelia.siteware.ch\/cms\/daf-daz-2\/grammatik\/verben\/tempora-tenses\/prateritum-imperfekt\/prateritum-unregelmassige-verben","title":{"rendered":"Pr\u00e4teritum: unregelm\u00e4ssige Verben"},"content":{"rendered":"<p>Unregelm\u00e4ssige Verben haben das Suffix <strong>\u2013te <\/strong>(meistens)<span style=\"text-decoration: underline;\"><strong> nicht<\/strong><\/span> (Ausnahme: z.B. rennen). Meistens <strong>\u00e4ndert <\/strong><strong>sich der<\/strong><strong> Vokal <\/strong><strong>im <\/strong><strong>Stamm<\/strong>.<br \/>\n<em><small>Irregular verbs (normally) do <strong>not<\/strong> take the suffix <strong>\u2013te<\/strong> (exception: e.g. rennen). In most cases, the vowel changes.<\/small><\/em><\/p>\n<p>Man <strong>muss<\/strong> die Formen der unregelm\u00e4ssigen Verben <strong>auswendig lernen<\/strong>.<br \/>\n<em><small>You have to learn the forms of irregular verbs by heart.<\/small><\/em><\/p>\n<div class=\"announcement\"><strong>Tipp 1:<\/strong>\u00a0\u2192 Lerne die 3. Person Singular (z.B.: er sprach). Davon kann man die anderen Pr\u00e4teritumsformen ableiten.<br \/>\n<em><small>Learn the 3. Person Singular. You can derive the other forms from the Pr\u00e4teritum of that form.<\/small><\/em><\/div>\n<div class=\"announcement\"><strong>Tipp 2<\/strong>:\u00a0\u2192 Auch bei den unregelm\u00e4ssigen Verben sind 1. und die 3. Singular gleich.<\/div>\n<p>&nbsp;<\/p>\n<p><strong>Beispiel:<\/strong><strong><\/strong><\/p>\n<table width=\"491\" border=\"0\" cellspacing=\"0\" cellpadding=\"0\">\n<tbody>\n<tr>\n<td valign=\"top\" width=\"248\">spr<strong>e<\/strong>chen:ich \u00a0 spr<strong>a<\/strong>ch<br \/>\ndu \u00a0\u00a0 spr<strong>a<\/strong>chst<br \/>\ner \u00a0\u00a0\u00a0 spr<strong>a<\/strong>ch<br \/>\nwir \u00a0\u00a0 spr<strong>a<\/strong>chen<br \/>\nihr \u00a0\u00a0 spr<strong>a<\/strong>cht<br \/>\nsie \u00a0\u00a0 spr<strong>a<\/strong>chen<br \/>\nSie \u00a0 spr<strong>a<\/strong>chen<\/td>\n<td valign=\"top\" width=\"243\">r<strong>e<\/strong>nnen:ich \u00a0\u00a0\u00a0 r<strong>a<\/strong>nnte<br \/>\ndu \u00a0\u00a0\u00a0\u00a0 r<strong>a<\/strong>nntest<br \/>\ner \u00a0\u00a0\u00a0\u00a0\u00a0 r<strong>a<\/strong>nnte<br \/>\nwir \u00a0\u00a0\u00a0 r<strong>a<\/strong>nnten<br \/>\nihr \u00a0\u00a0\u00a0\u00a0 r<strong>a<\/strong>nntet<br \/>\nsie \u00a0\u00a0\u00a0 r<strong>a<\/strong>nnten<br \/>\nSie \u00a0\u00a0 r<strong>a<\/strong>nnten<\/td>\n<\/tr>\n<\/tbody>\n<\/table>\n","protected":false},"excerpt":{"rendered":"<p>Unregelm\u00e4ssige Verben haben das Suffix \u2013te (meistens) nicht (Ausnahme: z.B. rennen). Meistens \u00e4ndert sich der Vokal im Stamm. Irregular verbs (normally) do not take the suffix \u2013te (exception: e.g. rennen). In most cases, the vowel changes. Man muss die Formen der unregelm\u00e4ssigen Verben auswendig lernen. You have to learn the forms of irregular verbs by <a href='http:\/\/cornelia.siteware.ch\/cms\/daf-daz-2\/grammatik\/verben\/tempora-tenses\/prateritum-imperfekt\/prateritum-unregelmassige-verben' class='excerpt-more'>[&#8230;]<\/a><\/p>\n","protected":false},"author":4,"featured_media":0,"parent":915,"menu_order":0,"comment_status":"open","ping_status":"open","template":"","meta":{"footnotes":"","_links_to":"","_links_to_target":""},"_links":{"self":[{"href":"http:\/\/cornelia.siteware.ch\/cms\/wp-json\/wp\/v2\/pages\/919"}],"collection":[{"href":"http:\/\/cornelia.siteware.ch\/cms\/wp-json\/wp\/v2\/pages"}],"about":[{"href":"http:\/\/cornelia.siteware.ch\/cms\/wp-json\/wp\/v2\/types\/page"}],"author":[{"embeddable":true,"href":"http:\/\/cornelia.siteware.ch\/cms\/wp-json\/wp\/v2\/users\/4"}],"replies":[{"embeddable":true,"href":"http:\/\/cornelia.siteware.ch\/cms\/wp-json\/wp\/v2\/comments?post=919"}],"version-history":[{"count":6,"href":"http:\/\/cornelia.siteware.ch\/cms\/wp-json\/wp\/v2\/pages\/919\/revisions"}],"predecessor-version":[{"id":1431,"href":"http:\/\/cornelia.siteware.ch\/cms\/wp-json\/wp\/v2\/pages\/919\/revisions\/1431"}],"up":[{"embeddable":true,"href":"http:\/\/cornelia.siteware.ch\/cms\/wp-json\/wp\/v2\/pages\/915"}],"wp:attachment":[{"href":"http:\/\/cornelia.siteware.ch\/cms\/wp-json\/wp\/v2\/media?parent=919"}],"curies":[{"name":"wp","href":"https:\/\/api.w.org\/{rel}","templated":true}]}}