{"id":915,"date":"2012-04-07T08:26:55","date_gmt":"2012-04-07T07:26:55","guid":{"rendered":"http:\/\/cornelia.siteware.ch\/cms\/?page_id=915"},"modified":"2013-02-07T01:00:05","modified_gmt":"2013-02-07T00:00:05","slug":"prateritum-imperfekt","status":"publish","type":"page","link":"http:\/\/cornelia.siteware.ch\/cms\/daf-daz-2\/grammatik\/verben\/tempora-tenses\/prateritum-imperfekt","title":{"rendered":"Pr\u00e4teritum (Imperfekt)"},"content":{"rendered":"<div id=\"shailan-subpages-915-1\"><ul class=\"subpages\"><li class=\"page_item page-item-917\"><a href=\"http:\/\/cornelia.siteware.ch\/cms\/daf-daz-2\/grammatik\/verben\/tempora-tenses\/prateritum-imperfekt\/prateritum-regelmassige-verben\"  rel=\"\">Pr\u00e4teritum: regelm\u00e4ssige Verben<\/a><\/li>\n<li class=\"page_item page-item-919\"><a href=\"http:\/\/cornelia.siteware.ch\/cms\/daf-daz-2\/grammatik\/verben\/tempora-tenses\/prateritum-imperfekt\/prateritum-unregelmassige-verben\"  rel=\"\">Pr\u00e4teritum: unregelm\u00e4ssige Verben<\/a><\/li>\n<\/ul><\/div>\n<p><strong>\u00dcbungen von dieser Seite<\/strong><\/p>\n<ul>\n<li><a href=\"http:\/\/cornelia.siteware.ch\/hangman\/praet.html\">Hangman-\u00dcbung<\/a> zu verschiedenen Pr\u00e4teritumsformen (regelm\u00e4ssig und unregelm\u00e4ssig). <strong>A2-B1<\/strong><\/li>\n<\/ul>\n<div class=\"note\">\n<p><strong>\u00dcbungen im Netz<\/strong><\/p>\n<ul>\n<li><a href=\"http:\/\/www.nthuleen.com\/102\/hausaufgaben\/pretperftests.html\">Pr\u00e4teritums-Formen<\/a> tippen (mit automatischer Korrektur, von Nancy Thuleen (Seite auf Englisch)<\/li>\n<li>Martina Hinggis: Pr\u00e4teritum erkennen. Achtung: Es gibt auch trennbare Verben.<br \/>\n<small>(= recognize the form of Pr\u00e4teritum. Watch out for separable verbs).<\/small><br \/>\n\u00dcbung von Cornelia Steinmann, erstellt mit Learningapps.org.<iframe loading=\"lazy\" src=\"http:\/\/LearningApps.org\/show?app=49056\" frameborder=\"0\" width=\"100%\" height=\"500\"><\/iframe><span style=\"text-decoration: underline;\">Erkl\u00e4rungen<\/span>: bereit = schon (engl. \u201ealready\u201c) \/ gewinnen = engl. \u201ewin\u201c \/ bleiben \/ aufh\u00f6ren = engl. \u201estop to do something\u201c \/ endg\u00fcltig = definitely, for good<\/li>\n<\/ul>\n<\/div>\n","protected":false},"excerpt":{"rendered":"<p>\u00dcbungen von dieser Seite Hangman-\u00dcbung zu verschiedenen Pr\u00e4teritumsformen (regelm\u00e4ssig und unregelm\u00e4ssig). A2-B1 \u00dcbungen im Netz Pr\u00e4teritums-Formen tippen (mit automatischer Korrektur, von Nancy Thuleen (Seite auf Englisch) Martina Hinggis: Pr\u00e4teritum erkennen. Achtung: Es gibt auch trennbare Verben. (= recognize the form of Pr\u00e4teritum. Watch out for separable verbs). \u00dcbung von Cornelia Steinmann, erstellt mit Learningapps.org.Erkl\u00e4rungen: bereit <a href='http:\/\/cornelia.siteware.ch\/cms\/daf-daz-2\/grammatik\/verben\/tempora-tenses\/prateritum-imperfekt' class='excerpt-more'>[&#8230;]<\/a><\/p>\n","protected":false},"author":4,"featured_media":0,"parent":951,"menu_order":3,"comment_status":"open","ping_status":"open","template":"","meta":{"footnotes":"","_links_to":"","_links_to_target":""},"_links":{"self":[{"href":"http:\/\/cornelia.siteware.ch\/cms\/wp-json\/wp\/v2\/pages\/915"}],"collection":[{"href":"http:\/\/cornelia.siteware.ch\/cms\/wp-json\/wp\/v2\/pages"}],"about":[{"href":"http:\/\/cornelia.siteware.ch\/cms\/wp-json\/wp\/v2\/types\/page"}],"author":[{"embeddable":true,"href":"http:\/\/cornelia.siteware.ch\/cms\/wp-json\/wp\/v2\/users\/4"}],"replies":[{"embeddable":true,"href":"http:\/\/cornelia.siteware.ch\/cms\/wp-json\/wp\/v2\/comments?post=915"}],"version-history":[{"count":19,"href":"http:\/\/cornelia.siteware.ch\/cms\/wp-json\/wp\/v2\/pages\/915\/revisions"}],"predecessor-version":[{"id":1071,"href":"http:\/\/cornelia.siteware.ch\/cms\/wp-json\/wp\/v2\/pages\/915\/revisions\/1071"}],"up":[{"embeddable":true,"href":"http:\/\/cornelia.siteware.ch\/cms\/wp-json\/wp\/v2\/pages\/951"}],"wp:attachment":[{"href":"http:\/\/cornelia.siteware.ch\/cms\/wp-json\/wp\/v2\/media?parent=915"}],"curies":[{"name":"wp","href":"https:\/\/api.w.org\/{rel}","templated":true}]}}