{"id":886,"date":"2012-04-06T23:40:11","date_gmt":"2012-04-06T22:40:11","guid":{"rendered":"http:\/\/cornelia.siteware.ch\/cms\/?page_id=886"},"modified":"2012-04-14T15:07:31","modified_gmt":"2012-04-14T14:07:31","slug":"die-stammformen","status":"publish","type":"page","link":"http:\/\/cornelia.siteware.ch\/cms\/daf-daz-2\/grammatik\/verben\/die-stammformen","title":{"rendered":"Die Stammformen"},"content":{"rendered":"<p>Aus vier Verbformen kann man <strong>alle<\/strong> deutschen Verbformen bilden. Man nennt diese Verbformen die <strong>Stammformen<\/strong>:<\/p>\n<table border=\"1\" cellspacing=\"0\" cellpadding=\"0\">\n<tbody>\n<tr>\n<td valign=\"top\" width=\"106\"><span style=\"color: #800080;\">Infinitiv:<\/span><\/td>\n<td valign=\"top\" width=\"99\"><strong>schlafen<\/strong><\/td>\n<td valign=\"top\" width=\"283\">1. Sg. P\u00e4sens, 1-3. Pl. Pr\u00e4sens<\/td>\n<\/tr>\n<tr>\n<td valign=\"top\" width=\"106\"><span style=\"color: #800080;\">3. Sg. Pr\u00e4sens:<\/span><\/td>\n<td valign=\"top\" width=\"99\"><strong>schl\u00e4ft<\/strong><\/td>\n<td valign=\"top\" width=\"283\">2. Sg. Pr\u00e4sens, Imperativ (Ohne Endung, z.T. ohne Umaut)<\/td>\n<\/tr>\n<tr>\n<td valign=\"top\" width=\"106\"><span style=\"color: #800080;\">3. Sg. Pr\u00e4teritum:<\/span><\/td>\n<td valign=\"top\" width=\"99\"><strong>schlief<\/strong><\/td>\n<td valign=\"top\" width=\"283\">alle Formen des Pr\u00e4teritums, einige Formen des Konjunktiv II<\/td>\n<\/tr>\n<tr>\n<td valign=\"top\" width=\"106\"><span style=\"color: #800080;\">3. Sg. Perfekt:<\/span><\/td>\n<td valign=\"top\" width=\"99\"><strong>hat geschlafen<\/strong><\/td>\n<td valign=\"top\" width=\"283\">alle Formen des Perfekts, Plusquamperfekts, Passivs<\/td>\n<\/tr>\n<\/tbody>\n<\/table>\n<div class=\"announcement\"><strong>Lerntipp<\/strong><br \/>\nWenn du Verben mit Karteikarten lernst, solltest du immer alle vier Formen notieren. Am Anfang kannst du zum Beispiel nur den Infinitiv und das Pr\u00e4sens lernen, sp\u00e4ter das Perfekt und am Schluss das Pr\u00e4teritum. Diese Reihenfolge ist sinnvoll, weil man das Perfekt beim Sprechen h\u00e4ufiger braucht, als das Pr\u00e4teritum.<br \/>\n<em><small>In case you learn verbs using flashcards: Make sure to write down all the four forms menntioned above. In the beginning you might restrict yourself to the infinitive and &#8222;Pr\u00e4sens&#8220;. Later on you might add &#8222;Perfekt&#8220; and after that &#8222;Pr\u00e4teritum&#8220;. I recommend sticking to this order, as Perfekt is the main tense for speaking.<\/small><\/em><\/div>\n","protected":false},"excerpt":{"rendered":"<p>Aus vier Verbformen kann man alle deutschen Verbformen bilden. Man nennt diese Verbformen die Stammformen: Infinitiv: schlafen 1. Sg. P\u00e4sens, 1-3. Pl. Pr\u00e4sens 3. Sg. Pr\u00e4sens: schl\u00e4ft 2. Sg. Pr\u00e4sens, Imperativ (Ohne Endung, z.T. ohne Umaut) 3. Sg. Pr\u00e4teritum: schlief alle Formen des Pr\u00e4teritums, einige Formen des Konjunktiv II 3. Sg. Perfekt: hat geschlafen alle <a href='http:\/\/cornelia.siteware.ch\/cms\/daf-daz-2\/grammatik\/verben\/die-stammformen' class='excerpt-more'>[&#8230;]<\/a><\/p>\n","protected":false},"author":4,"featured_media":0,"parent":809,"menu_order":0,"comment_status":"open","ping_status":"open","template":"","meta":{"footnotes":"","_links_to":"","_links_to_target":""},"_links":{"self":[{"href":"http:\/\/cornelia.siteware.ch\/cms\/wp-json\/wp\/v2\/pages\/886"}],"collection":[{"href":"http:\/\/cornelia.siteware.ch\/cms\/wp-json\/wp\/v2\/pages"}],"about":[{"href":"http:\/\/cornelia.siteware.ch\/cms\/wp-json\/wp\/v2\/types\/page"}],"author":[{"embeddable":true,"href":"http:\/\/cornelia.siteware.ch\/cms\/wp-json\/wp\/v2\/users\/4"}],"replies":[{"embeddable":true,"href":"http:\/\/cornelia.siteware.ch\/cms\/wp-json\/wp\/v2\/comments?post=886"}],"version-history":[{"count":8,"href":"http:\/\/cornelia.siteware.ch\/cms\/wp-json\/wp\/v2\/pages\/886\/revisions"}],"predecessor-version":[{"id":1422,"href":"http:\/\/cornelia.siteware.ch\/cms\/wp-json\/wp\/v2\/pages\/886\/revisions\/1422"}],"up":[{"embeddable":true,"href":"http:\/\/cornelia.siteware.ch\/cms\/wp-json\/wp\/v2\/pages\/809"}],"wp:attachment":[{"href":"http:\/\/cornelia.siteware.ch\/cms\/wp-json\/wp\/v2\/media?parent=886"}],"curies":[{"name":"wp","href":"https:\/\/api.w.org\/{rel}","templated":true}]}}