{"id":826,"date":"2012-04-06T22:19:10","date_gmt":"2012-04-06T21:19:10","guid":{"rendered":"http:\/\/cornelia.siteware.ch\/cms\/?page_id=826"},"modified":"2012-04-14T15:19:46","modified_gmt":"2012-04-14T14:19:46","slug":"unregelmassige-verben-im-prasens","status":"publish","type":"page","link":"http:\/\/cornelia.siteware.ch\/cms\/daf-daz-2\/grammatik\/verben\/tempora-tenses\/817-2\/unregelmassige-verben-im-prasens","title":{"rendered":"unregelm\u00e4ssige Verben im Pr\u00e4sens"},"content":{"rendered":"<p>Unregelm\u00e4ssige Verben haben in der <strong>2. und 3. Person Singular<\/strong> unregelm\u00e4ssige Formen. Die Endungen sind dieselben, aber der Vokal wechselt.<br \/>\n<em><small>Irregular verbs have irregular forms for the second and third person in the singular. The endings are the same, but the vowel changes.<\/small><\/em><\/p>\n<p><span style=\"text-decoration: underline;\">e \u2192 i\/ ie<\/span><\/p>\n<ul>\n<li>sprechen: du spr<strong>i<\/strong>chst, er spr<strong>i<\/strong>cht<\/li>\n<li>treffen: du triffst, er trifft<\/li>\n<li>lesen: du liest, er liest<\/li>\n<li>sehen: du siehst, er sieht<\/li>\n<li>nehmen: du nimmst, er nimmt<\/li>\n<\/ul>\n<p><span style=\"text-decoration: underline;\">a, o, au\u00a0\u2192\u00a0 \u00e4, \u00f6, \u00e4u<\/span><\/p>\n<ul>\n<li>schlafen: du schl\u00e4fst, er schl\u00e4ft<\/li>\n<li>fahren: du f\u00e4hrst, er f\u00e4hrt<\/li>\n<li>stossen (D: sto\u00dfen): du st\u00f6sst, er st\u00f6sst (D: du\/er: st\u00f6\u00dft)<\/li>\n<li>laufen: du l\u00e4ufst, er l\u00e4uft<\/li>\n<\/ul>\n<p>Die anderen Formen bildet man gleich wie bei den regelm\u00e4ssigen Verben.<br \/>\n<em><small>The other forms follow the same rules as regular verbs.<\/small><\/em><\/p>\n<ul>\n<li>ich spreche, wir sprechen &#8230;<\/li>\n<li>ich treffe, wir treffen<\/li>\n<li>&#8230;<\/li>\n<li>ich schlafe, wir schlafen<\/li>\n<li>ich fahre, wir fahren<\/li>\n<\/ul>\n<div>\n<div class=\"announcement\"><strong>Tipp:<\/strong> Notiere immer den Infinitiv (z. B. schlafen) und die 3. Person Singular (z.B. schl\u00e4ft). Mit diesen Informationen kannst du alle Pr\u00e4sensformen bilden.<br \/>\n<em><small>Write down the infinitive (e.g. schlafen) and the 3rd person in the singular (e.g. schl\u00e4ft). With this information you are able to generate all the forms in the present tense.<\/small><\/em><\/div>\n<\/div>\n<p><strong>\u00dcbungen im Netz<\/strong><\/p>\n<div class=\"note\">\n<ul>\n<li><a href=\"http:\/\/www.passwort-deutsch.de\/lernen\/band1\/lektion4\/aktivitaet06.htm\">nehmen und essen konjugieren<\/a> (von Passwort Deutsch)<\/li>\n<li><a href=\"http:\/\/www.schubert-verlag.de\/aufgaben\/xg\/xg03_06.htm\">Wie heisst die richtige Verbform?<\/a> (Schubert Verlag)<\/li>\n<\/ul>\n<\/div>\n","protected":false},"excerpt":{"rendered":"<p>Unregelm\u00e4ssige Verben haben in der 2. und 3. Person Singular unregelm\u00e4ssige Formen. Die Endungen sind dieselben, aber der Vokal wechselt. Irregular verbs have irregular forms for the second and third person in the singular. The endings are the same, but the vowel changes. e \u2192 i\/ ie sprechen: du sprichst, er spricht treffen: du triffst, <a href='http:\/\/cornelia.siteware.ch\/cms\/daf-daz-2\/grammatik\/verben\/tempora-tenses\/817-2\/unregelmassige-verben-im-prasens' class='excerpt-more'>[&#8230;]<\/a><\/p>\n","protected":false},"author":4,"featured_media":0,"parent":817,"menu_order":4,"comment_status":"open","ping_status":"open","template":"","meta":{"footnotes":"","_links_to":"","_links_to_target":""},"_links":{"self":[{"href":"http:\/\/cornelia.siteware.ch\/cms\/wp-json\/wp\/v2\/pages\/826"}],"collection":[{"href":"http:\/\/cornelia.siteware.ch\/cms\/wp-json\/wp\/v2\/pages"}],"about":[{"href":"http:\/\/cornelia.siteware.ch\/cms\/wp-json\/wp\/v2\/types\/page"}],"author":[{"embeddable":true,"href":"http:\/\/cornelia.siteware.ch\/cms\/wp-json\/wp\/v2\/users\/4"}],"replies":[{"embeddable":true,"href":"http:\/\/cornelia.siteware.ch\/cms\/wp-json\/wp\/v2\/comments?post=826"}],"version-history":[{"count":9,"href":"http:\/\/cornelia.siteware.ch\/cms\/wp-json\/wp\/v2\/pages\/826\/revisions"}],"predecessor-version":[{"id":1424,"href":"http:\/\/cornelia.siteware.ch\/cms\/wp-json\/wp\/v2\/pages\/826\/revisions\/1424"}],"up":[{"embeddable":true,"href":"http:\/\/cornelia.siteware.ch\/cms\/wp-json\/wp\/v2\/pages\/817"}],"wp:attachment":[{"href":"http:\/\/cornelia.siteware.ch\/cms\/wp-json\/wp\/v2\/media?parent=826"}],"curies":[{"name":"wp","href":"https:\/\/api.w.org\/{rel}","templated":true}]}}