{"id":813,"date":"2012-04-06T21:53:43","date_gmt":"2012-04-06T20:53:43","guid":{"rendered":"http:\/\/cornelia.siteware.ch\/cms\/?page_id=813"},"modified":"2012-04-14T15:06:25","modified_gmt":"2012-04-14T14:06:25","slug":"grammatikbegriffe-verben","status":"publish","type":"page","link":"http:\/\/cornelia.siteware.ch\/cms\/daf-daz-2\/grammatik\/verben\/grammatikbegriffe-verben","title":{"rendered":"Grammatikbegriffe: Verben"},"content":{"rendered":"<p>Verben (z.B. lachen, trinken, fahren) kann man <strong>konjugieren<\/strong>.<br \/>\n<em><small>Verbs can be <strong>conjugated <\/strong>(=inflected).<\/small><\/em><\/p>\n<ul>\n<li>ich lach<strong>e<\/strong>, du lach<strong>st<\/strong>, er lach<strong>t <\/strong>&#8230;<\/li>\n<\/ul>\n<p>\u201eEin Verb konjugieren\u201c bedeutet, dass man es z.B. nach der <strong>grammatischen Person<\/strong> (ich, du, er, wir &#8230;), dem <a title=\"Tempora \u2013 Tenses\" href=\"http:\/\/cornelia.siteware.ch\/cms\/daf-daz-2\/grammatik\/verben\/tempora-tenses\"><strong>Tempus<\/strong><\/a> (Pr\u00e4sens, Pr\u00e4teritum, Perfekt &#8230;) dem <strong>Modus<\/strong> (Imparativ, Konjunktiv II &#8230;) etc. ver\u00e4ndert.<br \/>\n<em><small>To inflect a verb means to change it according to its grammatical person, its tense and mood (imperative, conditional \u2026) etc.<\/small><\/em><\/p>\n<p>Beispiele:<\/p>\n<ul>\n<li>Signale f\u00fcr das Pr\u00e4teritum: er lach<strong>te <\/strong>(lachen), ich g<strong>i<\/strong>ng (gehen), er t<strong>a<\/strong>t (tun)<\/li>\n<li>Signale f\u00fcr die zweite Person Singular: du tu<strong>st<\/strong>, du tate<strong>st<\/strong>, du ha<strong>st<\/strong> getan<\/li>\n<\/ul>\n<p>Verben haben ein <strong>Tempus<\/strong> (= grammatische Zeit). Der Plural von Tempus ist Tempora.<br \/>\n<em><small>Verbs have <strong>tenses<\/strong>.The plural of the word &#8222;tempus&#8220; is &#8222;tempora&#8220;.<br \/>\n<\/small><\/em><\/p>\n<ul>\n<li>Ich bin (Pr\u00e4sens), ich war (Pr\u00e4teritum), &#8230;<\/li>\n<\/ul>\n<p>Das Pr\u00e4sens ben\u00fctzt man f\u00fcr die <strong>Gegenwart<\/strong>. Pr\u00e4teritum (= Imperfekt) und Perfekt ben\u00fctzt man, um \u00fcber die <a title=\"Die Vergangenheit \u2013 The Past\" href=\"http:\/\/cornelia.siteware.ch\/cms\/daf-daz-2\/grammatik\/verben\/tempora-tenses\/reale-und-grammatische-zeit-time-and-tense\/die-vergangenheit-the-past\"><strong>Vergangenheit<\/strong> <\/a>zu sprechen. Das Plusquamperfekt ben\u00fctzt man dann, wenn in der Vergangenheit eine Aktion noch vor einer anderen passiert ist. Um \u00fcber die <a title=\"Die Zukunft \u2013 The future\" href=\"http:\/\/cornelia.siteware.ch\/cms\/daf-daz-2\/grammatik\/verben\/tempora-tenses\/reale-und-grammatische-zeit-time-and-tense\/die-zukunft-the-future\"><strong>Zukunft<\/strong><\/a> zu sprechen kann man das Pr\u00e4sens und das Futur I verwenden.<br \/>\n<em><small>The \u201cPr\u00e4sens\u201d is used to talk about the <strong>present<\/strong>. \u201cPr\u00e4teritum (=Imperfekt)\u201d and \u201cPerfekt\u201d are used to talk about the <strong>past<\/strong>. The \u201cPlusquamperfekt\u201d is used if an action in the past took place before another action. To talk about the <strong>future<\/strong>, both \u201cPr\u00e4sens\u201d and \u201cFutur I\u201d can be used.<\/small>\u00a0<\/em><\/p>\n<p>Verben stehen im <strong>Singular<\/strong> (=Einzahl) oder <strong>Plural<\/strong> (=Mehrzahl). Das h\u00e4ngt davon ob, ob ihr Subjekt im Singular oder im Plural steht.<br \/>\n<em><small>Verbs can either be in the singular or in the plural (depending on the subject they are combined with).<\/small><\/em><\/p>\n<ul>\n<li>Singular-Personalpronomen: ich\/ du \/ er \/ sie \/ es \/ Sie<\/li>\n<li>Plural-Personalpronomen: wir \/ ihr \/ sie \/ Sie<\/li>\n<\/ul>\n<p>Es gibt <strong>regelm\u00e4ssige<\/strong> Verben (zum Beispiel lachen) und <strong>unregelm\u00e4ssige<\/strong> Verben. Bei unregelm\u00e4ssigen Verben ver\u00e4ndert sich oft der Vokal: ich f<strong>a<\/strong>hre, du f<strong>\u00e4<\/strong>hrst; er tr<strong>i<\/strong>nkt, er tr<strong>a<\/strong>nk, er hat getr<strong>u<\/strong>nken. Regelm\u00e4ssige Verben nennt man auch <strong>schwach<\/strong>, unregelm\u00e4ssige <strong>stark<\/strong>.<br \/>\n<em><small>There are <strong>regular<\/strong> and <strong>irregular<\/strong> verbs. Irregular verbs often undergo a vowel change: ich f<strong>a<\/strong>hre,du f<strong>\u00e4<\/strong>hrst; er tr<strong>i<\/strong>nkt, er tr<strong>a<\/strong>nk, er hat getr<strong>u<\/strong>nken. Regular verbs are also called <strong>weak<\/strong>, while irregular verbs are called <strong>strong<\/strong>.<\/small><\/em><\/p>\n<p><a title=\"Trennbare und nicht trennbare Verben\" href=\"http:\/\/cornelia.siteware.ch\/cms\/daf-daz-2\/grammatik\/verben\/verschiedene-verbtypen\/verben-mit-praefix-verbs-with-prefix\/trennbare-und-nicht-trennbare-verben\"><strong>Trennbare<\/strong> Verben<\/a> haben einen Teil, der manchmal alleine steht: aufstehen\u00a0\u2192 ich stehe <strong>auf<\/strong>; ich will <strong>auf<\/strong>stehen. Dieser Teil ist immer betont (= mit Akzent).<br \/>\n<em><small>The first part of <strong>separable verbs<\/strong> sometimes stands alone. This separable part always carries the stress.<\/small><\/em><\/p>\n","protected":false},"excerpt":{"rendered":"<p>Verben (z.B. lachen, trinken, fahren) kann man konjugieren. Verbs can be conjugated (=inflected). ich lache, du lachst, er lacht &#8230; \u201eEin Verb konjugieren\u201c bedeutet, dass man es z.B. nach der grammatischen Person (ich, du, er, wir &#8230;), dem Tempus (Pr\u00e4sens, Pr\u00e4teritum, Perfekt &#8230;) dem Modus (Imparativ, Konjunktiv II &#8230;) etc. ver\u00e4ndert. To inflect a verb <a href='http:\/\/cornelia.siteware.ch\/cms\/daf-daz-2\/grammatik\/verben\/grammatikbegriffe-verben' class='excerpt-more'>[&#8230;]<\/a><\/p>\n","protected":false},"author":4,"featured_media":0,"parent":809,"menu_order":0,"comment_status":"open","ping_status":"open","template":"","meta":{"footnotes":"","_links_to":"","_links_to_target":""},"_links":{"self":[{"href":"http:\/\/cornelia.siteware.ch\/cms\/wp-json\/wp\/v2\/pages\/813"}],"collection":[{"href":"http:\/\/cornelia.siteware.ch\/cms\/wp-json\/wp\/v2\/pages"}],"about":[{"href":"http:\/\/cornelia.siteware.ch\/cms\/wp-json\/wp\/v2\/types\/page"}],"author":[{"embeddable":true,"href":"http:\/\/cornelia.siteware.ch\/cms\/wp-json\/wp\/v2\/users\/4"}],"replies":[{"embeddable":true,"href":"http:\/\/cornelia.siteware.ch\/cms\/wp-json\/wp\/v2\/comments?post=813"}],"version-history":[{"count":11,"href":"http:\/\/cornelia.siteware.ch\/cms\/wp-json\/wp\/v2\/pages\/813\/revisions"}],"predecessor-version":[{"id":816,"href":"http:\/\/cornelia.siteware.ch\/cms\/wp-json\/wp\/v2\/pages\/813\/revisions\/816"}],"up":[{"embeddable":true,"href":"http:\/\/cornelia.siteware.ch\/cms\/wp-json\/wp\/v2\/pages\/809"}],"wp:attachment":[{"href":"http:\/\/cornelia.siteware.ch\/cms\/wp-json\/wp\/v2\/media?parent=813"}],"curies":[{"name":"wp","href":"https:\/\/api.w.org\/{rel}","templated":true}]}}