{"id":490,"date":"2011-04-16T10:11:16","date_gmt":"2011-04-16T09:11:16","guid":{"rendered":"http:\/\/cornelia.siteware.ch\/cms"},"modified":"2011-04-16T10:36:01","modified_gmt":"2011-04-16T09:36:01","slug":"hortexte-mit-transkription","status":"publish","type":"page","link":"http:\/\/cornelia.siteware.ch\/cms\/daf-daz-2\/horen\/ressourcen-fur-das-horverstehen\/hortexte-mit-transkription","title":{"rendered":"H\u00f6rtexte mit Transkription"},"content":{"rendered":"<p class=\"announcement\">Die H\u00f6rtexte sind alphabetisch geordnet.<\/p>\n<p><strong><a href=\"http:\/\/www.dw-world.de\/dw\/0,,9214,00.html\">Deutsche Welle: Alltagsdeutsch: http:\/\/www.dw-world.de\/dw\/0,,9214,00.html<\/a><\/strong><br \/>\nZitat  von der Webseite: \u201cHier finden Sie\u00a0Audiobeitr\u00e4ge zu bunten Themen  aus  dem deutschen Alltag.  Zus\u00e4tzlich k\u00f6nnen Sie das Manuskript mit  Fragen  zum Textverst\u00e4ndnis und  Arbeitsauftr\u00e4gen ausdrucken.\u201d <a href=\"http:\/\/www.dw-world.de\/dw\/article\/0,,2203476,00.html\">Das Archiv findest du hier<\/a>.<\/p>\n<p><strong><a href=\"http:\/\/www.dw-world.de\/dw\/0,,8030,00.html\">Deutsche Welle: langsam gesprochene Nachrichten (http:\/\/www.dw-world.de\/dw\/0,,8030,00.html)<\/a><\/strong><br \/>\nDu findest hier jeden Tag die Nachrichten von 10 Uhr aus Deutschland.<\/p>\n<p><strong>Deutsche Welle: <a href=\"http:\/\/www.dw-world.de\/dw\/0,,9011,00.html\">Sprachbar<\/a><\/strong><br \/>\nZitat  von der Webseite: \u201cDie Sprachbar ist der Treffpunkt f\u00fcr Genie\u00dfer  der  deutschen Sprache. Ob  Goethe-Verse oder Werbeslogans: Auf dem Men\u00fc   steht alles, was die  deutsche Sprache aufregend und lebendig macht.   Erfahren Sie mehr \u00fcber  besondere Vokabeln, ihre Herkunft und   Geschichte\u201d. <a href=\"http:\/\/www.dw-world.de\/dw\/article\/0,,2215701,00.html\">Das Archiv findest du hier<\/a>.<\/p>\n<p><strong><a href=\"http:\/\/www.dw-world.de\/dw\/0,,8031,00.html\">Deutsche Welle: Top-Thema: http:\/\/www.dw-world.de\/dw\/0,,8031,00.html<\/a><\/strong><br \/>\nZitat  von der Webseite: \u201cMit dem Top-Thema k\u00f6nnen Sie sich\u00a0gleichzeitig  \u00fcber  Neues aus aller  Welt informieren\u00a0und Ihren Wortschatz  erweitern.\u00a0Wir  bieten\u00a0Ihnen  zweimal w\u00f6chentlich\u00a0leicht verst\u00e4ndliche  Berichte mit  Vokabelangaben und  Fragen zum Text.\u00a0Au\u00dferdem k\u00f6nnen Sie  zu jedem  Top-Thema auch ein  langsam gesprochenes\u00a0Audio herunterladen.  Das  Glossar des\u00a0Top-Themas beinhaltet die Vokabeln im Text, die\u00a0\u00fcber  das  Niveau des \u201cZertifikat Deutsch\u201d\u00a0(B1) hinausgehen.\u201d <a href=\"http:\/\/www.dw-world.de\/dw\/article\/0,,1546445,00.html\">Das Archiv findest du hier.<\/a><\/p>\n<p><strong><a href=\"http:\/\/www.dw-world.de\/dw\/0,,12165,00.html\">Deutsche Welle: Video-Thema: http:\/\/www.dw-world.de\/dw\/0,,12165,00.html<\/a><\/strong><br \/>\nZitat  von der Webseite: \u201cTrainieren Sie Ihr H\u00f6rverstehen mit dem    Video-Thema: Regelm\u00e4\u00dfig finden Sie hier authentisches Videomaterial aus    dem Angebot von DW-TV. Erweitern Sie Ihren Wortschatz mit  interessanten   Beitr\u00e4gen zu vielf\u00e4ltigen Themen und lernen Sie,  gesprochene Sprache   schnell und richtig zu erfassen. W\u00e4hlen Sie  einfach in der Liste unter   dem Video-Player das gew\u00fcnschte Thema aus.  Durch einen Klick auf den   Titel gelangen Sie zu den Begleitmaterialien  des jeweiligen   Videobeitrags. Starten Sie anschlie\u00dfend das Video im  Player.\u201d <a href=\"http:\/\/www.dw-world.de\/dw\/article\/0,,3942222,00.html\">Das Archiv findest du hier.<\/a><\/p>\n<p><strong>Deutsche Welle: <\/strong><a href=\"http:\/\/www.dw-world.de\/dw\/0,,9031,00.html\"><strong>Wort der Woche<\/strong><br \/>\n<\/a>Zitat   von der Webseite: \u201cUm jemanden zu bauchpinseln, braucht man   keine   Farbe, Extraw\u00fcrste kann  man nicht essen und Rabenm\u00fctter sind   keine   V\u00f6gel. Warum das so ist,  erfahren Sie hier. Denn mit dem \u201cWort   der   Woche\u201d stellen wir Ihnen  w\u00f6chentlich ein kurioses deutsches Wort   vor.\u201d<a href=\"http:\/\/www.dw-world.de\/dw\/0,,9031,00.html\"> <\/a><a href=\"http:\/\/www.dw-world.de\/dw\/article\/0,,1716657,00.html\">Das Archiv findest du hier<\/a>.<\/p>\n<p><strong><a href=\"http:\/\/www.dradio.de\/aod\/html\/\">Deutschlandfunk und Deutschlandradio Kultur: http:\/\/www.dradio.de\/aod\/html\/<\/a><\/strong><br \/>\nIhr  findet hier Radio-Beitr\u00e4ge \u00fcber Bildung, Kultur, Politik, Sport,   Wirtschaft, Wissenschaft etc. Wenn es zu dem Audio eine Transkription   gibt, ist sie am Ende der Beitragszusammenfassung verlinkt (fett und   schwarz).\u00a0 <strong>Sehr wichtig<\/strong> ist die rechte Spalte. Dort k\u00f6nnt ihr angeben, f\u00fcr welchen Zeitraum ihr Beitr\u00e4ge sucht und welches Thema auch interessiert.<\/p>\n<p><strong><a href=\"http:\/\/www.goethe.de\/lrn\/prj\/gad\/deindex.htm\">Gr\u00fcsse aus Deutschland: http:\/\/www.goethe.de\/lrn\/prj\/gad\/deindex.htm<\/a><\/strong><br \/>\nEin  Podcast \u00fcber Deutschland und die Deutsche Sprache. In den Folgen  werden  auch W\u00f6rter erkl\u00e4rt. Das Niveau ist A2-B1, es ist also eher  einfach.  Die Folgen 1-30 sind einfacher als die Folgen 31-60.<\/p>\n<p><strong>Kalenderblatt<\/strong><br \/>\nJeden Tag gibt es einen Beitrag zu einem  Ereignis, dass an diesem Datum  stattgefunden hat. Man findet Beitr\u00e4ge zu  Erfindungen, politischen  Ereignissen, Vereinen, Alltagsgegenst\u00e4nden  etc.<a href=\"http:\/\/www.br-online.de\/podcast\/mp3-download\/bayern2\/mp3-download-podcast-kalenderblatt.shtml\">Den Podcast kann man hier abonnieren<\/a> und <a href=\"http:\/\/www.br-online.de\/bayern2\/kalenderblatt\/kalenderblatt-das-kalenderblatt-archiv-ID1241533225162.xml\">das chronolgische Archiv findet man hier<\/a>. Es gibt auch thematische Archive: <a href=\"http:\/\/www.br-online.de\/bayern2\/kalenderblatt\/kalenderblatt-das-kalenderblatt-geschichte-ID1260892268497.xml\">Geschichte<\/a>, <a href=\"http:\/\/www.br-online.de\/bayern2\/kalenderblatt\/kalenderblatt-das-kalenderblatt-gesellschaft-ID1260894928915.xml\">Gesellschaft<\/a>, <a href=\"http:\/\/www.br-online.de\/bayern2\/kalenderblatt\/kalenderblatt-das-kalenderblatt-kultur-ID1260896705398.xml\">Kultur<\/a>, <a href=\"http:\/\/www.br-online.de\/bayern2\/kalenderblatt\/kalenderblatt-das-kalenderblatt-sinn-des-lebens-ID1260896834273.xml\">Sinn des Lebens<\/a>, <a href=\"http:\/\/www.br-online.de\/bayern2\/kalenderblatt\/kalenderblatt-das-kalenderblatt-kosmos-und-natur-ID1260897016422.xml\">Kosmos und Natur<\/a>, <a href=\"http:\/\/www.br-online.de\/bayern2\/kalenderblatt\/kalenderblatt-das-kalenderblatt-einfach-abseits-ID1260895600414.xml\">einfach abseits<\/a>.<\/p>\n<p><strong><a href=\"http:\/\/www.podclub.ch\/index.php?option=com_content&amp;task=category&amp;sectionid=4&amp;id=38&amp;Itemid=76\">Podclub:   Typisch Helene:   http:\/\/www.podclub.ch\/index.php?option=com_content&amp;task=category&amp;sectionid=4&amp;id=38&amp;Itemid=76<\/a><\/strong><br \/>\nAlle  14 Tage erz\u00e4hlt eine Schweizerin \u00fcber ihren Alltag. Der Podcast  ist  ziemlich langsam gesprochen und\u00a0 leicht zu verstehen (f\u00fcr Niveau  A2-B1).  Von einigen Folgen existiert auch eine Schweizerdeutschversion.<\/p>\n<p><strong><a href=\"http:\/\/www.br-online.de\/wissen-bildung\/collegeradio\/katalog\/faecher\/\">Schulfunksendungen von Collegeradio: http:\/\/www.br-online.de\/wissen-bildung\/collegeradio\/katalog\/faecher\/<\/a><\/strong><br \/>\nDie Schulfunksendungen vom College Radio<strong> <\/strong> sind zwar  nicht explizit f\u00fcr Deutschlernende gemacht, aber f\u00fcr   fortgeschrittene  Lernende geeignet. Die Beitr\u00e4ge sind nach Schulf\u00e4chern  sortiert. W\u00e4hle  das Fach, das dich am meisten interessiert uns suche dir  dann ein  spannendes Thema.<br \/>\nIm Menu links findet man zu den einzelnen  Beitr\u00e4gen ausser der   Audiodatei auch Fragen zum H\u00f6rtext, Bilder, ein  Glossar und das   Sendemanuskritpt (zum Mitlesen).<\/p>\n<p><strong><a href=\"http:\/\/www.slowgerman.com\/\">Slow German: http:\/\/www.slowgerman.com\/<\/a><\/strong><br \/>\nSlow   German ist ein Podcast \u00fcber das Leben in Deutschland, \u00fcber  deutsche   Br\u00e4uche, deutschen Alltag etc. Er ist relativ langsam  gesprochen und   eher leicht zu verstehen. Um zu den Beitr\u00e4gen zu  kommen, m\u00fcsst ihr ein bisschen runterscrollen. Links findet ihr   eine  Liste mit Themen.<\/p>\n<p><strong><a href=\"http:\/\/www.goethe.de\/lrn\/prj\/gad\/deindex.htm\">Step into German: http:\/\/www.goethe.de\/lrn\/prj\/gad\/deindex.htm<\/a><\/strong><br \/>\nSeite  mit Videoclips von deutschsprachigen Musikern und Bands. Neben  dem  deutschen Text gibt es sehr oft auch eine englische \u00dcbersetzung.<\/p>\n<p><strong><a href=\"http:\/\/www.vorleser.net\/\">Vorleser: http:<\/a><a href=\"http:\/\/www.vorleser.net\/\">\/\/www.vorleser.net<\/a><\/strong><br \/>\nGratis  Literatur zum H\u00f6ren. Erz\u00e4hlungen, Gedichte aus der  Weltliteratur.  Achtung: Texte gibt es nur, wenn es neben dem Audio auch  ein Textsymbol  gibt.<\/p>\n<p><strong>Welt in Zahlen<\/strong>: <a href=\"http:\/\/www.daserste.de\/podcasts\/mam_dyn%7Eid,436%7Ew-wie-wissen.xml\">http:\/\/www.daserste.de\/podcasts\/mam_dyn~id,436~w-wie-wissen.xml<\/a><br \/>\nDort    findet man  Beitr\u00e4ge zu verschiedenen Themen, bei denen immer  Zahlen  im   Zentrum  stehen. Es existieren auch Transkriptionen (oben  Link zum  Text, unten zum Video.<\/p>\n<p><a href=\"http:\/\/de.wikipedia.org\/wiki\/Wikipedia:WikiProjekt_Gesprochene_Wikipedia#Von_Menschen_gesprochene_Artikel\"><strong>Wikipedia:  gesprochene Artikel<\/strong><br \/>\n(http:\/\/de.wikipedia.org\/wiki\/Wikipedia:WikiProjekt_Gesprochene_Wikipedia#Von_Menschen_gesprochene_Artikel)<\/a><br \/>\nDie   Wikipedia ist ein freies Lexikonprojekt an dem  jeder mitarbeiten   kann.  Einige der Artikel k\u00f6nnen auch als MP3 angeh\u00f6rt  werden (die   Qualit\u00e4t  ist allerdings sehr unterschiedlich). Da die  Artikel laufend   verbessert  werden, bezieht sich die H\u00f6rversion manchmal  auf eine   \u00e4ltere Version  des Artikels. Wenn ihr in der letzen Spalte (=colum) das    Datum  anklickt, gelangt ihr zu der Textversion, die vorgelesen wird.<\/p>\n","protected":false},"excerpt":{"rendered":"<p>Die H\u00f6rtexte sind alphabetisch geordnet. Deutsche Welle: Alltagsdeutsch: http:\/\/www.dw-world.de\/dw\/0,,9214,00.html Zitat von der Webseite: \u201cHier finden Sie\u00a0Audiobeitr\u00e4ge zu bunten Themen aus dem deutschen Alltag. Zus\u00e4tzlich k\u00f6nnen Sie das Manuskript mit Fragen zum Textverst\u00e4ndnis und Arbeitsauftr\u00e4gen ausdrucken.\u201d Das Archiv findest du hier. Deutsche Welle: langsam gesprochene Nachrichten (http:\/\/www.dw-world.de\/dw\/0,,8030,00.html) Du findest hier jeden Tag die Nachrichten von 10 <a href='http:\/\/cornelia.siteware.ch\/cms\/daf-daz-2\/horen\/ressourcen-fur-das-horverstehen\/hortexte-mit-transkription' class='excerpt-more'>[&#8230;]<\/a><\/p>\n","protected":false},"author":4,"featured_media":0,"parent":497,"menu_order":0,"comment_status":"closed","ping_status":"closed","template":"","meta":{"footnotes":"","_links_to":"","_links_to_target":""},"_links":{"self":[{"href":"http:\/\/cornelia.siteware.ch\/cms\/wp-json\/wp\/v2\/pages\/490"}],"collection":[{"href":"http:\/\/cornelia.siteware.ch\/cms\/wp-json\/wp\/v2\/pages"}],"about":[{"href":"http:\/\/cornelia.siteware.ch\/cms\/wp-json\/wp\/v2\/types\/page"}],"author":[{"embeddable":true,"href":"http:\/\/cornelia.siteware.ch\/cms\/wp-json\/wp\/v2\/users\/4"}],"replies":[{"embeddable":true,"href":"http:\/\/cornelia.siteware.ch\/cms\/wp-json\/wp\/v2\/comments?post=490"}],"version-history":[{"count":4,"href":"http:\/\/cornelia.siteware.ch\/cms\/wp-json\/wp\/v2\/pages\/490\/revisions"}],"predecessor-version":[{"id":502,"href":"http:\/\/cornelia.siteware.ch\/cms\/wp-json\/wp\/v2\/pages\/490\/revisions\/502"}],"up":[{"embeddable":true,"href":"http:\/\/cornelia.siteware.ch\/cms\/wp-json\/wp\/v2\/pages\/497"}],"wp:attachment":[{"href":"http:\/\/cornelia.siteware.ch\/cms\/wp-json\/wp\/v2\/media?parent=490"}],"curies":[{"name":"wp","href":"https:\/\/api.w.org\/{rel}","templated":true}]}}