{"id":433,"date":"2011-04-16T05:58:19","date_gmt":"2011-04-16T04:58:19","guid":{"rendered":"http:\/\/cornelia.siteware.ch\/cms"},"modified":"2011-11-05T00:02:34","modified_gmt":"2011-11-04T23:02:34","slug":"tandem","status":"publish","type":"page","link":"http:\/\/cornelia.siteware.ch\/cms\/daf-daz-2\/sprechen\/tandem","title":{"rendered":"Tandem"},"content":{"rendered":"<p>Tipps zum Tandemlernen aus dem DaF-Blog: <a href=\"http:\/\/cornelia.siteware.ch\/blog\/wordpress\/2011\/10\/30\/lernen-im-tandem\"><strong>Allgemeine Regeln<\/strong><\/a> und <strong><a href=\"http:\/\/cornelia.siteware.ch\/blog\/wordpress\/2011\/11\/03\/tandem-fur-anfanger\">Tandem f\u00fcr Leute mit geringen Sprachkenntnissen<\/a><\/strong><\/p>\n<p>Ideen f\u00fcr <a href=\"http:\/\/www.slf.ruhr-uni-bochum.de\/tandem\/tasks-de.html\"><strong>Aufgaben im Pr\u00e4senztandem<\/strong><\/a> (Tandemserver Uni Bochum)<strong>. <\/strong>Die Aufgaben werden in 10 verschiedenen Sprachen erkl\u00e4rt. <strong><\/strong><\/p>\n<p><strong>Tandem-Server Bochum<\/strong>. Vermittlung von E-Mail-Tandems.<br \/>\n<a href=\"http:\/\/www.slf.ruhr-uni-bochum.de\/\">http:\/\/www.slf.ruhr-uni-bochum.de\/<\/a><\/p>\n","protected":false},"excerpt":{"rendered":"<p>Tipps zum Tandemlernen aus dem DaF-Blog: Allgemeine Regeln und Tandem f\u00fcr Leute mit geringen Sprachkenntnissen Ideen f\u00fcr Aufgaben im Pr\u00e4senztandem (Tandemserver Uni Bochum). Die Aufgaben werden in 10 verschiedenen Sprachen erkl\u00e4rt. Tandem-Server Bochum. Vermittlung von E-Mail-Tandems. http:\/\/www.slf.ruhr-uni-bochum.de\/<\/p>\n","protected":false},"author":4,"featured_media":0,"parent":431,"menu_order":0,"comment_status":"closed","ping_status":"closed","template":"","meta":{"footnotes":"","_links_to":"","_links_to_target":""},"_links":{"self":[{"href":"http:\/\/cornelia.siteware.ch\/cms\/wp-json\/wp\/v2\/pages\/433"}],"collection":[{"href":"http:\/\/cornelia.siteware.ch\/cms\/wp-json\/wp\/v2\/pages"}],"about":[{"href":"http:\/\/cornelia.siteware.ch\/cms\/wp-json\/wp\/v2\/types\/page"}],"author":[{"embeddable":true,"href":"http:\/\/cornelia.siteware.ch\/cms\/wp-json\/wp\/v2\/users\/4"}],"replies":[{"embeddable":true,"href":"http:\/\/cornelia.siteware.ch\/cms\/wp-json\/wp\/v2\/comments?post=433"}],"version-history":[{"count":9,"href":"http:\/\/cornelia.siteware.ch\/cms\/wp-json\/wp\/v2\/pages\/433\/revisions"}],"predecessor-version":[{"id":792,"href":"http:\/\/cornelia.siteware.ch\/cms\/wp-json\/wp\/v2\/pages\/433\/revisions\/792"}],"up":[{"embeddable":true,"href":"http:\/\/cornelia.siteware.ch\/cms\/wp-json\/wp\/v2\/pages\/431"}],"wp:attachment":[{"href":"http:\/\/cornelia.siteware.ch\/cms\/wp-json\/wp\/v2\/media?parent=433"}],"curies":[{"name":"wp","href":"https:\/\/api.w.org\/{rel}","templated":true}]}}