{"id":1845,"date":"2015-06-28T10:31:14","date_gmt":"2015-06-28T09:31:14","guid":{"rendered":"http:\/\/cornelia.siteware.ch\/cms\/?page_id=1845"},"modified":"2015-06-28T10:31:14","modified_gmt":"2015-06-28T09:31:14","slug":"lesetext-mediennutzung-und-kommunikationstechnologien","status":"publish","type":"page","link":"http:\/\/cornelia.siteware.ch\/cms\/daf-daz-2\/lesen\/lesetext-mediennutzung-und-kommunikationstechnologien","title":{"rendered":"Lesetext: Mediennutzung und Kommunikationstechnologien"},"content":{"rendered":"<p>&nbsp;<\/p>\n<p>91 % der Haushalte in der Schweiz besitzen einen Fernseher. Fast einer von f\u00fcnf Haushalten hat sogar zwei oder mehr Fernseher. Weil die Schweiz ziemlich klein ist, gibt es nicht so viele Schweizer Fernsehprogramme. Sie haben einen Marktanteil von etwas mehr als 30%, der Rest sind ausl\u00e4ndische Fernsehsender. Pro Tag sehen die Deutschschweizer 146 Minuten fern. In der franz\u00f6sischen Schweiz sind es 170 Minuten und in der Italienischen Schweiz 180 Minuten.<\/p>\n<p>Das Radio ist auch immer noch sehr h\u00e4ufig. Die Leute h\u00f6ren Radio zu Hause in ihrer Wohnung, unterwegs oder am Arbeitsplatz. Die Deutschschweizer h\u00f6ren ein bisschen mehr Radio als die Menschen im Tessin und in der Romandie. Menschen \u00fcber 60 h\u00f6ren pro Tag fast doppelt so viel Radio wie Menschen unter 30.<\/p>\n<p>Einen Computer gibt es in 77% der Haushalte, 1990 waren es nur 15%. Heute besitzen 26% der Schweizer Haushalte sogar mehr als einen PC, 1990 hatte nur 1% mehr als einen Computer. 71 % haben heute einen Drucker, 30% einen Scanner und 63 % einen DVD-Brenner.<br \/>\nDie Computer sind heute viel billiger als fr\u00fcher und das Internet ist sehr popul\u00e4r. Die Leute schicken und bekommen E-Mails, suchen Informationen, planen eine Reise, lesen Zeitung oder bezahlen Rechnungen im und mit dem Internet.<\/p>\n<p>Ein Mobiltelefon gibt es in 88% der Haushalte. 1998 waren es erst 25%. Heute besitzen 45% der Haushalte sogar mehr als ein Mobiltelefon. F\u00fcr hundert Personen gibt es in der Schweiz mehr als hundert Mobiltelefone.<br \/>\nNoch mehr Mobiltelefone pro Person gibt es in Italien, Portugal, \u00d6sterreich, Deutschland, den Niederlanden und Skandinavien. In Spanien, Belgien, Frankreich, Japan, den USA und Kanada besitzen weniger Menschen ein Mobiltelefon als in der Schweiz.<\/p>\n<p>Die Zahlen stammen aus den Jahren 2006 und 2007. Die genauen Daten findet man unter www.bfs.admin.ch im Bereich Themen im Kapitel 16.<\/p>\n","protected":false},"excerpt":{"rendered":"<p>&nbsp; 91 % der Haushalte in der Schweiz besitzen einen Fernseher. Fast einer von f\u00fcnf Haushalten hat sogar zwei oder mehr Fernseher. Weil die Schweiz ziemlich klein ist, gibt es nicht so viele Schweizer Fernsehprogramme. Sie haben einen Marktanteil von etwas mehr als 30%, der Rest sind ausl\u00e4ndische Fernsehsender. Pro Tag sehen die Deutschschweizer 146 <a href='http:\/\/cornelia.siteware.ch\/cms\/daf-daz-2\/lesen\/lesetext-mediennutzung-und-kommunikationstechnologien' class='excerpt-more'>[&#8230;]<\/a><\/p>\n","protected":false},"author":4,"featured_media":0,"parent":13,"menu_order":0,"comment_status":"open","ping_status":"closed","template":"","meta":{"footnotes":"","_links_to":"","_links_to_target":""},"_links":{"self":[{"href":"http:\/\/cornelia.siteware.ch\/cms\/wp-json\/wp\/v2\/pages\/1845"}],"collection":[{"href":"http:\/\/cornelia.siteware.ch\/cms\/wp-json\/wp\/v2\/pages"}],"about":[{"href":"http:\/\/cornelia.siteware.ch\/cms\/wp-json\/wp\/v2\/types\/page"}],"author":[{"embeddable":true,"href":"http:\/\/cornelia.siteware.ch\/cms\/wp-json\/wp\/v2\/users\/4"}],"replies":[{"embeddable":true,"href":"http:\/\/cornelia.siteware.ch\/cms\/wp-json\/wp\/v2\/comments?post=1845"}],"version-history":[{"count":1,"href":"http:\/\/cornelia.siteware.ch\/cms\/wp-json\/wp\/v2\/pages\/1845\/revisions"}],"predecessor-version":[{"id":1846,"href":"http:\/\/cornelia.siteware.ch\/cms\/wp-json\/wp\/v2\/pages\/1845\/revisions\/1846"}],"up":[{"embeddable":true,"href":"http:\/\/cornelia.siteware.ch\/cms\/wp-json\/wp\/v2\/pages\/13"}],"wp:attachment":[{"href":"http:\/\/cornelia.siteware.ch\/cms\/wp-json\/wp\/v2\/media?parent=1845"}],"curies":[{"name":"wp","href":"https:\/\/api.w.org\/{rel}","templated":true}]}}