{"id":1794,"date":"2013-09-01T13:10:14","date_gmt":"2013-09-01T12:10:14","guid":{"rendered":"http:\/\/cornelia.siteware.ch\/cms\/?page_id=1794"},"modified":"2013-09-01T13:56:39","modified_gmt":"2013-09-01T12:56:39","slug":"karteikarten","status":"publish","type":"page","link":"http:\/\/cornelia.siteware.ch\/cms\/daf-daz-2\/wortschatz-und-worterbucher\/selber-wortschatz-lernen\/karteikarten","title":{"rendered":"Karteikarten"},"content":{"rendered":"<h3>Vorteile von Karteikarten<\/h3>\n<ul>\n<li>Du kannst beim Lernen die Reihenfolge beliebig \u00e4ndern.<br \/>\n<em><small>The order of the cards can be changed at liberty.<\/em><\/small><\/li>\n<li>Du kannst Karten, die du schon gut kannst, aus dem Set entfernen.<br \/>\n<em><small>Cards you have already mastered can be removed from the set.<\/em><\/small><\/li>\n<li>Das Schreiben der Karten ist schon ein wichtiger Teil des Lernens.<br \/>\n<em><small>Writing the cards is already an important part of learning.<\/em><\/small><\/li>\n<li>Es gibt viele M\u00f6glichkeiten, die Karten zu gestalten. Du kannst see an deine Bed\u00fcrfnisse anpassen.<br \/>\n<em><small>There are many different ways to design the flashcards. You can customize them according to your needs.<\/em><\/small><\/li>\n<\/ul>\n<h3>Inhalt der Karten<\/h3>\n<p>Je nach dem, wie lange du schon Deutsch lernst und was du lernen willst, sind unterschiedliche Informationen f\u00fcr dich wichtig. Die wichtigsten Informationen f\u00fcr Anf\u00e4nger habe ich markiert.<\/p>\n<ul>\n<li>grammatische Informationen f\u00fcr Nomen:<\/li>\n<ul>\n<li><strong>Artikel<\/strong> (oder Genus)<\/li>\n<li><strong>Plural<\/strong><\/li>\n<li>evtl. Genitiv.<\/li>\n<\/ul>\n<li>grammatische Informationen f\u00fcr Verben:<\/li>\n<ul>\n<li>Rektion (mit Dativ, Akkusativ oder Pr\u00e4position + Fall),<\/li>\n<li><strong>Konjugation<\/strong>:\u00a0 3. Pers. Singular Pr\u00e4sens, Pr\u00e4teritum und Perfekt. Damit kann man alle m\u00f6glichen Formen bilden<\/li>\n<\/ul>\n<li>grammatische Informationen f\u00fcr Adjektive:<\/li>\n<ul>\n<li>Komparativ<\/li>\n<li>Superlativ.<\/li>\n<\/ul>\n<li>Aussprache:<\/li>\n<ul>\n<li><strong>Akzentvokal markieren<\/strong>.<\/li>\n<li><strong>Lange<\/strong> Akzentvokale und Diphonge mit einem Strich markieren, z.B. L<span style=\"text-decoration: underline;\">ie<\/span>be<\/li>\n<li><strong>Kurze<\/strong> Vokale mit einem Punkt<\/li>\n<\/ul>\n<li><strong>Beispielsatz<\/strong><\/li>\n<li>Synonyme, Antonyme<\/li>\n<li>h\u00e4ufige Wendungen: das m\u00fcssen nicht gleich Sprichw\u00f6rter sein. Auch Redewendungen oder nur h\u00e4ufige Ausdr\u00fccke wie zum Beispiel \u201chohe Temperaturen\u201d zum Wort Temperatur k\u00f6nnen dazu geh\u00f6ren<\/li>\n<li>Zusammengesezte W\u00f6rter \/ Komposita. Zu Suppe z.B. Gem\u00fcse<strong>suppe<\/strong> oder <strong>Suppen<\/strong>gem\u00fcse<\/li>\n<li>W\u00f6rter aus derselben Wortfamilie (z.B. fahren, fahrbar, der Fahrer, das Fahrzeug etc.<\/li>\n<\/ul>\n<h4>N\u00fctzliche Abk\u00fcrzungen<\/h4>\n<ul>\n<li>das Haus = s Haus \/ Haus (n)<\/li>\n<li>die Frau = e Frau \/ Frau (f) \/ Frau (w; f\u00fcr weiblich)<\/li>\n<li>der Mann = r Mann \/ Mann (m)<\/li>\n<\/ul>\n<h3>Gestaltungsm\u00f6glichkeiten<\/h3>\n<h4>Mit L\u00fcckensatz<\/h4>\n<p>Auf der Vorderseite kannst du zum Beispiel einen Beispielsatz mit einer L\u00fccke notieren, auf der R\u00fcckseite die L\u00f6sung und die grammatischen Informationen zum Wort.<\/p>\n<p>&nbsp;<\/p>\n","protected":false},"excerpt":{"rendered":"<p>Vorteile von Karteikarten Du kannst beim Lernen die Reihenfolge beliebig \u00e4ndern. The order of the cards can be changed at liberty. Du kannst Karten, die du schon gut kannst, aus dem Set entfernen. Cards you have already mastered can be removed from the set. Das Schreiben der Karten ist schon ein wichtiger Teil des Lernens. <a href='http:\/\/cornelia.siteware.ch\/cms\/daf-daz-2\/wortschatz-und-worterbucher\/selber-wortschatz-lernen\/karteikarten' class='excerpt-more'>[&#8230;]<\/a><\/p>\n","protected":false},"author":4,"featured_media":0,"parent":1790,"menu_order":0,"comment_status":"open","ping_status":"closed","template":"","meta":{"footnotes":"","_links_to":"","_links_to_target":""},"_links":{"self":[{"href":"http:\/\/cornelia.siteware.ch\/cms\/wp-json\/wp\/v2\/pages\/1794"}],"collection":[{"href":"http:\/\/cornelia.siteware.ch\/cms\/wp-json\/wp\/v2\/pages"}],"about":[{"href":"http:\/\/cornelia.siteware.ch\/cms\/wp-json\/wp\/v2\/types\/page"}],"author":[{"embeddable":true,"href":"http:\/\/cornelia.siteware.ch\/cms\/wp-json\/wp\/v2\/users\/4"}],"replies":[{"embeddable":true,"href":"http:\/\/cornelia.siteware.ch\/cms\/wp-json\/wp\/v2\/comments?post=1794"}],"version-history":[{"count":4,"href":"http:\/\/cornelia.siteware.ch\/cms\/wp-json\/wp\/v2\/pages\/1794\/revisions"}],"predecessor-version":[{"id":1797,"href":"http:\/\/cornelia.siteware.ch\/cms\/wp-json\/wp\/v2\/pages\/1794\/revisions\/1797"}],"up":[{"embeddable":true,"href":"http:\/\/cornelia.siteware.ch\/cms\/wp-json\/wp\/v2\/pages\/1790"}],"wp:attachment":[{"href":"http:\/\/cornelia.siteware.ch\/cms\/wp-json\/wp\/v2\/media?parent=1794"}],"curies":[{"name":"wp","href":"https:\/\/api.w.org\/{rel}","templated":true}]}}