{"id":1780,"date":"2013-02-10T18:43:26","date_gmt":"2013-02-10T17:43:26","guid":{"rendered":"http:\/\/cornelia.siteware.ch\/cms\/?page_id=1780"},"modified":"2013-02-10T19:30:01","modified_gmt":"2013-02-10T18:30:01","slug":"verben-mit-dativobjekt","status":"publish","type":"page","link":"http:\/\/cornelia.siteware.ch\/cms\/daf-daz-2\/grammatik\/verben\/verben-und-ihre-erganzungen\/verben-mit-dativobjekt","title":{"rendered":"Verben mit Dativobjekt"},"content":{"rendered":"<p>Die meisten Verben mit nur einem Objekt haben ein <a title=\"Verben mit Akkusativobjekt\" href=\"http:\/\/cornelia.siteware.ch\/cms\/daf-daz-2\/grammatik\/verben\/verben-und-ihre-erganzungen\/verben-mit-akkusativobjekt\">Akkusativ-Objekt<\/a>. Unten findest du (fast) alle Verben mit einem <strong>Dativobjekt<\/strong>.<\/p>\n<table width=\"100%\" border=\"0\" cellspacing=\"0\" cellpadding=\"0\">\n<tbody>\n<tr>\n<td valign=\"top\" width=\"15%\"><strong>Verb<\/strong><\/td>\n<td valign=\"top\" width=\"58%\"><strong>Beispielsatz<\/strong><\/td>\n<td valign=\"top\" width=\"20%\"><strong>\u00dcbersetzung<\/strong><\/td>\n<\/tr>\n<tr>\n<td valign=\"top\" width=\"15%\">\u00e4hneln<\/td>\n<td valign=\"top\" width=\"58%\">Sie <strong><span style=\"color: #000000;\">\u00e4hnelt<\/span><\/strong> eher <span style=\"color: #0000ff;\"><strong>ihrem Vater<\/strong><\/span> als <span style=\"color: #0000ff;\"><strong>ihrer Mutter<\/strong><\/span>.<\/td>\n<td valign=\"top\" width=\"20%\">to resemble \/ to be similar<\/td>\n<\/tr>\n<tr>\n<td valign=\"top\" width=\"15%\">antworten<\/td>\n<td valign=\"top\" width=\"58%\"><strong>Antworte<\/strong> <span style=\"color: #0000ff;\"><strong>mir<\/strong><\/span>!<\/td>\n<td valign=\"top\" width=\"20%\">answer, reply<\/td>\n<\/tr>\n<tr>\n<td valign=\"top\" width=\"15%\">begegnen<\/td>\n<td valign=\"top\" width=\"58%\">Bist du<span style=\"color: #0000ff;\"> <strong>jemandem<\/strong><\/span> <strong>begegnet<\/strong>?<\/td>\n<td valign=\"top\" width=\"20%\">\u00a0meet, encounter<\/td>\n<\/tr>\n<tr>\n<td valign=\"top\" width=\"15%\">beitreten<\/td>\n<td valign=\"top\" width=\"58%\">Ich wollte immer schon <span style=\"color: #0000ff;\"><strong>einer Umweltschutzorganisation<\/strong><\/span> <strong>beitreten<\/strong>.<\/td>\n<td valign=\"top\" width=\"20%\">\u00a0to join<\/td>\n<\/tr>\n<tr>\n<td valign=\"top\" width=\"15%\">beistehen<\/td>\n<td valign=\"top\" width=\"58%\">Oh Gott, <strong>steh<\/strong> <span style=\"color: #0000ff;\"><strong>mir <\/strong><\/span><strong>bei<\/strong>!<\/td>\n<td valign=\"top\" width=\"20%\">\u00a0to assist \/ back someone<\/td>\n<\/tr>\n<tr>\n<td valign=\"top\" width=\"15%\">drohen<\/td>\n<td valign=\"top\" width=\"58%\">Willst du <span style=\"color: #0000ff;\"><strong>mir<\/strong><\/span> <strong>drohen<\/strong>?<\/td>\n<td valign=\"top\" width=\"20%\">\u00a0threaten<\/td>\n<\/tr>\n<tr>\n<td valign=\"top\" width=\"15%\">einfallen<\/td>\n<td valign=\"top\" width=\"58%\">Ich habe keine Idee. <span style=\"color: #0000ff;\"><strong>Mir<\/strong><\/span> <strong>f\u00e4llt<\/strong> nichts <strong>ein<\/strong>.<\/td>\n<td valign=\"top\" width=\"20%\">\u00a0something comes to mind<\/td>\n<\/tr>\n<tr>\n<td valign=\"top\" width=\"15%\">danken<\/td>\n<td valign=\"top\" width=\"58%\">Er wollte <span style=\"color: #0000ff;\"><strong>ihr<\/strong><\/span> f\u00fcr ihre Hilfe <strong>danken<\/strong>.<\/td>\n<td valign=\"top\" width=\"20%\">\u00a0thank<\/td>\n<\/tr>\n<tr>\n<td valign=\"top\" width=\"15%\">fehlen<\/td>\n<td valign=\"top\" width=\"58%\">Ich vermisse dich. Du <strong>fehlst<\/strong> <span style=\"color: #0000ff;\"><strong>mir<\/strong><\/span> so!<\/td>\n<td valign=\"top\" width=\"20%\">\u00a0to lack, be absent, be missing<\/td>\n<\/tr>\n<tr>\n<td valign=\"top\" width=\"15%\">folgen<\/td>\n<td valign=\"top\" width=\"58%\">Der Hund <strong>folgt<\/strong> <span style=\"color: #0000ff;\"><strong>seinem Herrn<\/strong><\/span> bis ans Ende der Welt.<\/td>\n<td valign=\"top\" width=\"20%\">\u00a0follow<\/td>\n<\/tr>\n<tr>\n<td valign=\"top\" width=\"15%\">gelingen<\/td>\n<td valign=\"top\" width=\"58%\"><strong><span style=\"color: #0000ff;\">Ihm<\/span><\/strong> <strong>gelingt<\/strong> einfach alles.<\/td>\n<td valign=\"top\" width=\"20%\">\u00a0succeed, manage to do so.<\/td>\n<\/tr>\n<tr>\n<td valign=\"top\" width=\"15%\">gehorchen<\/td>\n<td valign=\"top\" width=\"58%\">Soldaten <strong>m\u00fcssen <span style=\"color: #0000ff;\">Befehlen<\/span> gehorchen<\/strong>.<\/td>\n<td valign=\"top\" width=\"20%\">\u00a0obey<\/td>\n<\/tr>\n<tr>\n<td valign=\"top\" width=\"15%\">gefallen<\/td>\n<td valign=\"top\" width=\"58%\">Die Harry-Potter-B\u00fccher <strong>haben<\/strong> <span style=\"color: #0000ff;\"><strong>mir<\/strong><\/span> sehr <strong>gefallen<\/strong>.<\/td>\n<td valign=\"top\" width=\"20%\">\u00a0appeal to so, please so<\/td>\n<\/tr>\n<tr>\n<td valign=\"top\" width=\"15%\">geh\u00f6ren<\/td>\n<td valign=\"top\" width=\"58%\"><span style=\"color: #0000ff;\"><strong>Wem<\/strong><\/span> geh\u00f6rt dieses Auto?<\/td>\n<td valign=\"top\" width=\"20%\">\u00a0belong to<strong><br \/>\n<\/strong><\/td>\n<\/tr>\n<tr>\n<td valign=\"top\" width=\"15%\">gen\u00fcgen<\/td>\n<td valign=\"top\" width=\"58%\">Diese Antwort <strong>gen\u00fcgt<\/strong> <strong><span style=\"color: #0000ff;\">mir<\/span><\/strong> nicht. Ich m\u00f6chte mehr wissen.<\/td>\n<td valign=\"top\" width=\"20%\">\u00a0to be enough<\/td>\n<\/tr>\n<tr>\n<td valign=\"top\" width=\"15%\">glauben<\/td>\n<td valign=\"top\" width=\"58%\">Ich bin sicher, dass sie die Wahrheit gesagt haben. Ich <strong>glaube<\/strong> <span style=\"color: #0000ff;\"><strong>ihnen<\/strong><\/span>.<\/td>\n<td valign=\"top\" width=\"20%\">\u00a0believe<\/td>\n<\/tr>\n<tr>\n<td valign=\"top\" width=\"15%\">gratulieren<\/td>\n<td valign=\"top\" width=\"58%\">Der K\u00f6nig von Schweden <strong>gratuliert <span style=\"color: #0000ff;\">dem Nobelpreistr\u00e4ger<\/span><\/strong>.<\/td>\n<td valign=\"top\" width=\"20%\">\u00a0congratulate<\/td>\n<\/tr>\n<tr>\n<td valign=\"top\" width=\"15%\">helfen<\/td>\n<td valign=\"top\" width=\"58%\">Man muss <span style=\"color: #0000ff;\"><strong>den Opfern<\/strong><\/span> der Katastrophe <strong>helfen<\/strong>.<\/td>\n<td valign=\"top\" width=\"20%\">\u00a0help<\/td>\n<\/tr>\n<tr>\n<td valign=\"top\" width=\"15%\">nachgehen<\/td>\n<td valign=\"top\" width=\"58%\">Es hat einen Einbruch gegeben. Die Polizei <strong>geht<\/strong> <span style=\"color: #0000ff;\"><strong>der Sache<\/strong><\/span> <strong>nach<\/strong>.<\/td>\n<td valign=\"top\" width=\"20%\">\u00a0investigate, look into so<\/td>\n<\/tr>\n<tr>\n<td valign=\"top\" width=\"15%\">n\u00fctzen<\/td>\n<td valign=\"top\" width=\"58%\">Wenn ich krank bin, <strong>n\u00fctzt<\/strong> <span style=\"color: #0000ff;\"><strong>mir<\/strong><\/span> sch\u00f6nes Wetter nichts.<\/td>\n<td valign=\"top\" width=\"20%\">\u00a0benefit, to be of use<\/td>\n<\/tr>\n<tr>\n<td valign=\"top\" width=\"15%\">passen<\/td>\n<td valign=\"top\" width=\"58%\">Sorry, dieser Termin <strong>passt<\/strong> <span style=\"color: #0000ff;\"><strong>mir<\/strong><\/span> nicht. <strong>Passt<\/strong> <span style=\"color: #0000ff;\"><strong>dir<\/strong><\/span> Donnerstag?<\/td>\n<td valign=\"top\" width=\"20%\">\u00a0suit \/ fit\u00a0 \/ match<\/td>\n<\/tr>\n<tr>\n<td valign=\"top\" width=\"15%\">passieren<\/td>\n<td valign=\"top\" width=\"58%\">Das ist <span style=\"color: #0000ff;\"><strong>mir<\/strong><\/span> zum ersten Mal <strong>passiert<\/strong>.<\/td>\n<td valign=\"top\" width=\"20%\">happen to someone<\/td>\n<\/tr>\n<tr>\n<td valign=\"top\" width=\"15%\">raten<\/td>\n<td valign=\"top\" width=\"58%\">Mein Lehrer <strong>hat<\/strong> <span style=\"color: #0000ff;\"><strong>mir<\/strong><\/span> <strong>geraten<\/strong>, mehr Hausaufgaben zu machen.<\/td>\n<td valign=\"top\" width=\"20%\">\u00a0advise<\/td>\n<\/tr>\n<tr>\n<td valign=\"top\" width=\"15%\">schaden<\/td>\n<td valign=\"top\" width=\"58%\">Zu viel Sonne <strong>schadet<\/strong> <span style=\"color: #0000ff;\"><strong>den Augen<\/strong><\/span>.<\/td>\n<td valign=\"top\" width=\"20%\">\u00a0harm, damage<\/td>\n<\/tr>\n<tr>\n<td valign=\"top\" width=\"15%\">schmecken<\/td>\n<td valign=\"top\" width=\"58%\"><strong>Hat <span style=\"color: #0000ff;\">den G\u00e4sten<\/span><\/strong> das Essen <strong>geschmeckt<\/strong>?<\/td>\n<td valign=\"top\" width=\"20%\">\u00a0like (for food), taste<\/td>\n<\/tr>\n<tr>\n<td valign=\"top\" width=\"15%\">telefonieren<\/td>\n<td valign=\"top\" width=\"58%\">Er <strong>hat<\/strong> <span style=\"color: #0000ff;\"><strong>mir<\/strong><\/span> noch gestern Abend <strong>telefoniert<\/strong>. (CH)<\/td>\n<td valign=\"top\" width=\"20%\">\u00a0phone<\/td>\n<\/tr>\n<tr>\n<td valign=\"top\" width=\"15%\">vertrauen<\/td>\n<td valign=\"top\" width=\"58%\">Ich <strong>vertraue<\/strong> <span style=\"color: #0000ff;\"><strong>ihm<\/strong><\/span> <strong>nicht<\/strong>.<\/td>\n<td valign=\"top\" width=\"20%\">\u00a0trust<\/td>\n<\/tr>\n<tr>\n<td valign=\"top\" width=\"15%\">wehtun<\/td>\n<td valign=\"top\" width=\"58%\">Mein Zahn <strong>tut<\/strong> <span style=\"color: #0000ff;\"><strong>mir <\/strong><\/span>h\u00f6llisch weh!<\/td>\n<td valign=\"top\" width=\"20%\">\u00a0hurt<\/td>\n<\/tr>\n<tr>\n<td valign=\"top\" width=\"15%\">widersprechen<\/td>\n<td valign=\"top\" width=\"58%\"><strong>Widersprich<\/strong> <span style=\"color: #0000ff;\"><strong>mir <\/strong><\/span>nicht!<\/td>\n<td valign=\"top\" width=\"20%\">\u00a0talk back<\/td>\n<\/tr>\n<tr>\n<td valign=\"top\" width=\"15%\">zuh\u00f6ren<\/td>\n<td valign=\"top\" width=\"58%\"><strong>H\u00f6r<\/strong> <span style=\"color: #0000ff;\"><strong>mir<\/strong><\/span> doch endlich <strong>zu<\/strong>!<\/td>\n<td valign=\"top\" width=\"20%\">\u00a0listen<\/td>\n<\/tr>\n<tr>\n<td valign=\"top\" width=\"15%\">zuschauen \/ zusehen<\/td>\n<td valign=\"top\" width=\"58%\">Er kann so gut jonglieren, ich k\u00f6nnte <span style=\"color: #0000ff;\"><strong>ihm<\/strong><\/span> stundenlang <strong>zuschauen<\/strong>.<\/td>\n<td valign=\"top\" width=\"20%\">\u00a0watch<\/td>\n<\/tr>\n<tr>\n<td valign=\"top\" width=\"15%\">zustimmen<\/td>\n<td valign=\"top\" width=\"58%\">Ja, du hast Recht. Ich <strong>stimme<\/strong> <span style=\"color: #0000ff;\"><strong>diesem Vorschlag<\/strong><\/span> <strong>zu<\/strong>.<\/td>\n<td valign=\"top\" width=\"20%\">\u00a0aprove of, agree to<\/td>\n<\/tr>\n<\/tbody>\n<\/table>\n<p>&nbsp;<\/p>\n<p>&nbsp;<\/p>\n<p>&nbsp;<\/p>\n<p>&nbsp;<\/p>\n","protected":false},"excerpt":{"rendered":"<p>Die meisten Verben mit nur einem Objekt haben ein Akkusativ-Objekt. Unten findest du (fast) alle Verben mit einem Dativobjekt. Verb Beispielsatz \u00dcbersetzung \u00e4hneln Sie \u00e4hnelt eher ihrem Vater als ihrer Mutter. to resemble \/ to be similar antworten Antworte mir! answer, reply begegnen Bist du jemandem begegnet? \u00a0meet, encounter beitreten Ich wollte immer schon einer <a href='http:\/\/cornelia.siteware.ch\/cms\/daf-daz-2\/grammatik\/verben\/verben-und-ihre-erganzungen\/verben-mit-dativobjekt' class='excerpt-more'>[&#8230;]<\/a><\/p>\n","protected":false},"author":4,"featured_media":0,"parent":1364,"menu_order":0,"comment_status":"open","ping_status":"closed","template":"","meta":{"footnotes":"","_links_to":"","_links_to_target":""},"_links":{"self":[{"href":"http:\/\/cornelia.siteware.ch\/cms\/wp-json\/wp\/v2\/pages\/1780"}],"collection":[{"href":"http:\/\/cornelia.siteware.ch\/cms\/wp-json\/wp\/v2\/pages"}],"about":[{"href":"http:\/\/cornelia.siteware.ch\/cms\/wp-json\/wp\/v2\/types\/page"}],"author":[{"embeddable":true,"href":"http:\/\/cornelia.siteware.ch\/cms\/wp-json\/wp\/v2\/users\/4"}],"replies":[{"embeddable":true,"href":"http:\/\/cornelia.siteware.ch\/cms\/wp-json\/wp\/v2\/comments?post=1780"}],"version-history":[{"count":4,"href":"http:\/\/cornelia.siteware.ch\/cms\/wp-json\/wp\/v2\/pages\/1780\/revisions"}],"predecessor-version":[{"id":1783,"href":"http:\/\/cornelia.siteware.ch\/cms\/wp-json\/wp\/v2\/pages\/1780\/revisions\/1783"}],"up":[{"embeddable":true,"href":"http:\/\/cornelia.siteware.ch\/cms\/wp-json\/wp\/v2\/pages\/1364"}],"wp:attachment":[{"href":"http:\/\/cornelia.siteware.ch\/cms\/wp-json\/wp\/v2\/media?parent=1780"}],"curies":[{"name":"wp","href":"https:\/\/api.w.org\/{rel}","templated":true}]}}