{"id":1350,"date":"2012-04-13T07:41:18","date_gmt":"2012-04-13T06:41:18","guid":{"rendered":"http:\/\/cornelia.siteware.ch\/cms\/?page_id=1350"},"modified":"2012-04-14T19:31:35","modified_gmt":"2012-04-14T18:31:35","slug":"artikel-bei-landernamen-articles-and-names-of-countries","status":"publish","type":"page","link":"http:\/\/cornelia.siteware.ch\/cms\/daf-daz-2\/grammatik\/nomen-artikel-und-pronomen\/artikel-der-die-das-ein-eine-articles\/artikel-bei-landernamen-articles-and-names-of-countries","title":{"rendered":"Artikel bei L\u00e4ndernamen &#8211; Articles and Names of Countries"},"content":{"rendered":"<p><strong>Regel:<\/strong><br \/>\nNamen von <strong>L\u00e4ndern<\/strong> und <strong>St\u00e4dten<\/strong> stehen normalerweise ohne Artikel.<br \/>\nBeispiele:<\/p>\n<ul>\n<li>Ich komme aus <strong>Deutschland<\/strong>. Im Moment mache ich Ferien in <strong>Frankreich<\/strong>.<\/li>\n<li>Ich wohne in <strong>K\u00f6ln<\/strong>. In einem Monat ziehe ich nach <strong>Z\u00fcrich<\/strong>.<\/li>\n<\/ul>\n<div style=\"text-align: center;\"><strong>Achtung: Einige L\u00e4nder ben\u00fctzt man mit Artikel!<\/strong><\/div>\n<p><strong>Feminin:<\/strong><br \/>\n<span style=\"text-decoration: underline;\">L\u00e4nder auf \u2013ei<\/span>: die T\u00fcrkei, die Mongolei &#8230;<\/p>\n<ul>\n<li>Ich komme aus der Mongolei.<\/li>\n<li>Ich lebe in der T\u00fcrkei.<\/li>\n<\/ul>\n<p><span style=\"text-decoration: underline;\">L\u00e4nder mit \u201eRepublik\u201c:<\/span> die Bundesrepublik Deutschland, die DDR, die Tschechische Republik<\/p>\n<ul>\n<li>Ich komme aus der Bundesrepublik Deutschland.<br \/>\nAber: Ich komme aus Deutschland.<\/li>\n<li>Ich wohne in der tschechischen Republik<br \/>\nMein Heimatland ist Tschechien.<\/li>\n<\/ul>\n<p><span style=\"text-decoration: underline;\">die Schweiz, die Ukraine<\/span><\/p>\n<ul>\n<li>Ich komme aus der Schweiz.<\/li>\n<li>Ich wohne in der Ukraine.<\/li>\n<\/ul>\n<p><span style=\"text-decoration: underline;\">Maskulin:<\/span> der Sudan, der Iran, der Irak, der Kosovo, der Libanon, &#8230;<\/p>\n<ul>\n<li>Ich komme aus dem Iran.<\/li>\n<li>Ich wohne im Irak.<\/li>\n<\/ul>\n<div class=\"announcement\">Alle maskulinen L\u00e4nder kommen auch ohne Artikel vor. In letzter Zeit hat bei Iran und Irak die Verwendung ohne Artikel zugenommen (z.B. in den Nachrichten). Man h\u00f6rt also auch: Ich komme aus Iran. Ich wohne in Irak.<\/div>\n<p>&nbsp;<\/p>\n<p><span style=\"text-decoration: underline;\">Plural:<\/span> die Niederlande, die USA, die Vereinigten Staaten, die arabischen Emirate<\/p>\n<ul>\n<li>Ich wohne in den Niederlanden.<\/li>\n<li>Ich komme aus den USA.<\/li>\n<\/ul>\n<p><strong>F\u00fcr Spezialisten<\/strong><\/p>\n<p>Mit Adjektiven oder Genitivattributen haben <strong>alle<\/strong> L\u00e4nder und St\u00e4dte einen Artikel (normalerweise Neutrum).<\/p>\n<p>Beispiele:<\/p>\n<ul>\n<li>Ich mache Ferien i<strong>m<\/strong> <span style=\"color: #800080;\">sch\u00f6nen<\/span> \u00d6sterreich.<\/li>\n<li>Er zieht in <strong>das<\/strong> <span style=\"color: #800080;\">teure<\/span> Z\u00fcrich.<\/li>\n<li>I<strong>m<\/strong> Berlin <span style=\"color: #800080;\">der 20er-Jahre<\/span> gab es viele Gegens\u00e4tze<\/li>\n<\/ul>\n<p><strong>Weiterlesen im Netz<\/strong><\/p>\n<div class=\"note\">\n<ul>\n<li><a href=\"http:\/\/canoo.net\/blog\/2009\/08\/21\/im-iran-oder-in-iran-landernamen-und-der-artikel\/\">Artikel zum Thema<\/a> von Dr. Bopp (Canoo-Blog) auf Deutsch.<\/li>\n<li>l<a href=\"http:\/\/www.deutschegrammatik20.de\/das-substantiv-nomen\/genus-artikel\/genus-artikel-von-geographischen-namen\/\">\u00e4ngere Liste von L\u00e4ndern mit Artiklen<\/a> bei deutschegrammatik20.de<\/li>\n<li>Artikel zu L\u00e4ndern mit Artikeln vom <a href=\"http:\/\/www.spiegel.de\/kultur\/zwiebelfisch\/0,1518,327185,00.html\">Zwiebelfisch<\/a> auf Deutsch<\/li>\n<\/ul>\n<\/div>\n","protected":false},"excerpt":{"rendered":"<p>Regel: Namen von L\u00e4ndern und St\u00e4dten stehen normalerweise ohne Artikel. Beispiele: Ich komme aus Deutschland. Im Moment mache ich Ferien in Frankreich. Ich wohne in K\u00f6ln. In einem Monat ziehe ich nach Z\u00fcrich. Achtung: Einige L\u00e4nder ben\u00fctzt man mit Artikel! Feminin: L\u00e4nder auf \u2013ei: die T\u00fcrkei, die Mongolei &#8230; Ich komme aus der Mongolei. Ich <a href='http:\/\/cornelia.siteware.ch\/cms\/daf-daz-2\/grammatik\/nomen-artikel-und-pronomen\/artikel-der-die-das-ein-eine-articles\/artikel-bei-landernamen-articles-and-names-of-countries' class='excerpt-more'>[&#8230;]<\/a><\/p>\n","protected":false},"author":4,"featured_media":0,"parent":1104,"menu_order":4,"comment_status":"open","ping_status":"closed","template":"","meta":{"footnotes":"","_links_to":"","_links_to_target":""},"_links":{"self":[{"href":"http:\/\/cornelia.siteware.ch\/cms\/wp-json\/wp\/v2\/pages\/1350"}],"collection":[{"href":"http:\/\/cornelia.siteware.ch\/cms\/wp-json\/wp\/v2\/pages"}],"about":[{"href":"http:\/\/cornelia.siteware.ch\/cms\/wp-json\/wp\/v2\/types\/page"}],"author":[{"embeddable":true,"href":"http:\/\/cornelia.siteware.ch\/cms\/wp-json\/wp\/v2\/users\/4"}],"replies":[{"embeddable":true,"href":"http:\/\/cornelia.siteware.ch\/cms\/wp-json\/wp\/v2\/comments?post=1350"}],"version-history":[{"count":12,"href":"http:\/\/cornelia.siteware.ch\/cms\/wp-json\/wp\/v2\/pages\/1350\/revisions"}],"predecessor-version":[{"id":1467,"href":"http:\/\/cornelia.siteware.ch\/cms\/wp-json\/wp\/v2\/pages\/1350\/revisions\/1467"}],"up":[{"embeddable":true,"href":"http:\/\/cornelia.siteware.ch\/cms\/wp-json\/wp\/v2\/pages\/1104"}],"wp:attachment":[{"href":"http:\/\/cornelia.siteware.ch\/cms\/wp-json\/wp\/v2\/media?parent=1350"}],"curies":[{"name":"wp","href":"https:\/\/api.w.org\/{rel}","templated":true}]}}