{"id":133,"date":"2011-01-02T18:57:25","date_gmt":"2011-01-02T17:57:25","guid":{"rendered":"http:\/\/cornelia.siteware.ch\/cms\/?page_id=133"},"modified":"2015-06-29T05:13:56","modified_gmt":"2015-06-29T04:13:56","slug":"lernmethoden-und-werkzeuge","status":"publish","type":"page","link":"http:\/\/cornelia.siteware.ch\/cms\/daf-daz-2\/wortschatz-und-worterbucher\/selber-wortschatz-lernen\/lernmethoden-und-werkzeuge","title":{"rendered":"weitere Beispiele"},"content":{"rendered":"<p><strong>Beispiele f\u00fcr Lerntechniken<\/strong><\/p>\n<ul>\n<li>Klebezettel zum W\u00f6rterlernen <a href=\"http:\/\/cornelia.siteware.ch\/blog\/wordpress\/2005\/06\/16\/klebezettel-zum-worterlernen\">I<\/a> (mit englischer Erkl\u00e4rung) und <a href=\"http:\/\/cornelia.siteware.ch\/blog\/wordpress\/2005\/06\/23\/erweiterung-der-klebezettelmethode\">II<\/a><\/li>\n<li><a href=\"http:\/\/cornelia.siteware.ch\/blog\/wordpress\/2007\/01\/21\/wordmaps\">Wordmaps<\/a> zum Organisieren von Wortschatz. Die Beispiele wurden mit dem Opensourceprogramm Freemind erstellt.<\/li>\n<li>W\u00f6rter auf Webseiten mit <a href=\"http:\/\/cornelia.siteware.ch\/blog\/wordpress\/2008\/07\/08\/im-web-notizen-machen-iii-awesome-highlighter\">Awesome Highlighter <\/a>(anderes <a href=\"http:\/\/cornelia.siteware.ch\/blog\/wordpress\/2008\/08\/01\/awsome-highlighter-im-einsatz\">Beispiel<\/a>)<a href=\"http:\/\/cornelia.siteware.ch\/blog\/wordpress\/2008\/07\/08\/im-web-notizen-machen-iii-awesome-highlighter\"> <\/a>oder <a href=\"http:\/\/cornelia.siteware.ch\/blog\/wordpress\/2008\/07\/07\/im-web-notizen-machen-ii\">Shared Copy<\/a> markieren<\/li>\n<li><\/li>\n<\/ul>\n","protected":false},"excerpt":{"rendered":"<p>Beispiele f\u00fcr Lerntechniken Klebezettel zum W\u00f6rterlernen I (mit englischer Erkl\u00e4rung) und II Wordmaps zum Organisieren von Wortschatz. Die Beispiele wurden mit dem Opensourceprogramm Freemind erstellt. W\u00f6rter auf Webseiten mit Awesome Highlighter (anderes Beispiel) oder Shared Copy markieren<\/p>\n","protected":false},"author":4,"featured_media":0,"parent":1790,"menu_order":4,"comment_status":"closed","ping_status":"closed","template":"","meta":{"footnotes":"","_links_to":"","_links_to_target":""},"_links":{"self":[{"href":"http:\/\/cornelia.siteware.ch\/cms\/wp-json\/wp\/v2\/pages\/133"}],"collection":[{"href":"http:\/\/cornelia.siteware.ch\/cms\/wp-json\/wp\/v2\/pages"}],"about":[{"href":"http:\/\/cornelia.siteware.ch\/cms\/wp-json\/wp\/v2\/types\/page"}],"author":[{"embeddable":true,"href":"http:\/\/cornelia.siteware.ch\/cms\/wp-json\/wp\/v2\/users\/4"}],"replies":[{"embeddable":true,"href":"http:\/\/cornelia.siteware.ch\/cms\/wp-json\/wp\/v2\/comments?post=133"}],"version-history":[{"count":8,"href":"http:\/\/cornelia.siteware.ch\/cms\/wp-json\/wp\/v2\/pages\/133\/revisions"}],"predecessor-version":[{"id":1878,"href":"http:\/\/cornelia.siteware.ch\/cms\/wp-json\/wp\/v2\/pages\/133\/revisions\/1878"}],"up":[{"embeddable":true,"href":"http:\/\/cornelia.siteware.ch\/cms\/wp-json\/wp\/v2\/pages\/1790"}],"wp:attachment":[{"href":"http:\/\/cornelia.siteware.ch\/cms\/wp-json\/wp\/v2\/media?parent=133"}],"curies":[{"name":"wp","href":"https:\/\/api.w.org\/{rel}","templated":true}]}}