{"id":1281,"date":"2012-04-11T14:08:15","date_gmt":"2012-04-11T13:08:15","guid":{"rendered":"http:\/\/cornelia.siteware.ch\/cms\/?page_id=1281"},"modified":"2012-04-14T15:52:20","modified_gmt":"2012-04-14T14:52:20","slug":"prapositionen-lernen","status":"publish","type":"page","link":"http:\/\/cornelia.siteware.ch\/cms\/daf-daz-2\/grammatik\/prapositionen\/prapositionen-lernen","title":{"rendered":"Pr\u00e4positionen lernen"},"content":{"rendered":"<p>Beim Lernen von Pr\u00e4positionen ist es sinnvoll, nicht nur die Pr\u00e4position und den Fall zu lernen, den sie verlangt, sondern ganze Ausdr\u00fccke (=chunks), also zum Beispiel:<br \/>\n<em><small>It is a good strategy for learning prepositions to learn whole expressions (=chunks), and not only the case it requires. Examples see below.<\/small><\/em><\/p>\n<ul>\n<li>aus der Schweiz (\u2190 die Schweiz)<\/li>\n<li>aus den Niederlanden (\u2190 die Niederlande (Plural))<\/li>\n<li>aus dem Haus. (\u2190 das Haus)<\/li>\n<\/ul>\n<p>Pr\u00e4positionen auf diese Weise zu lernen, hat verschiedene Vorteile<br \/>\n<em><small>This method has more than one advantage:<\/small><\/em><\/p>\n<ul>\n<li>Die Verwendung von Pr\u00e4positionen ist oft sehr ideomatisch. Das heisst, dass man oft nicht logisch erkl\u00e4ren kann, warum diese und nicht eine andere Pr\u00e4position verwendet wird. Das merkt man gut beim \u00dcbersetzen. Je nach Kontext muss man ein- und dieselbe Pr\u00e4position oft sehr unterschiedlich \u00fcbersetzen. Wenn man Pr\u00e4positionen in Ausdr\u00fccken lernt, hat man immer auch schon ein paar korrekte Beispiele.<br \/>\n<em><small>Usage of prepositions is often very idiomatic, i.e it is often not easy to explain why a certain preposition has to be used in a given context. Translating is a good example. Depending on the context one preposition may have many differnt translations. Learning prepositions in expressions provides you with some correct examples.<\/small><\/em><\/li>\n<li>Wenn du Ausdr\u00fccke w\u00e4hlst, die du oft verwenden kannst, hilft dir das auch beim Sprechen. Jeder fertige Chunk gibt dir einen Bruchteil einer Sekunde Zeit zum Denken.<br \/>\n<em><small>Choosing expressions that hava a high frequency furthers your speaking skills. Each premade chunk provides you with a fraction of a seconds thinking time.<\/small><\/em><\/li>\n<li>Wenn du das Genus deiner Beispielnomen kennst, kannst du so auch immer die korrekten Artikelformen ableiten. Das ist oft einfacher, als Tabellen auswendig zu lernen.<br \/>\n<em><small>If you know the gender of the nouns in your example, you can derive the correct forms of the articles whenever you need them. Thia might be easier for you than memorizing charts<\/li>\n<p><\/small><\/em>\n<\/ul>\n","protected":false},"excerpt":{"rendered":"<p>Beim Lernen von Pr\u00e4positionen ist es sinnvoll, nicht nur die Pr\u00e4position und den Fall zu lernen, den sie verlangt, sondern ganze Ausdr\u00fccke (=chunks), also zum Beispiel: It is a good strategy for learning prepositions to learn whole expressions (=chunks), and not only the case it requires. Examples see below. aus der Schweiz (\u2190 die Schweiz) <a href='http:\/\/cornelia.siteware.ch\/cms\/daf-daz-2\/grammatik\/prapositionen\/prapositionen-lernen' class='excerpt-more'>[&#8230;]<\/a><\/p>\n","protected":false},"author":4,"featured_media":0,"parent":1019,"menu_order":4,"comment_status":"open","ping_status":"open","template":"","meta":{"footnotes":"","_links_to":"","_links_to_target":""},"_links":{"self":[{"href":"http:\/\/cornelia.siteware.ch\/cms\/wp-json\/wp\/v2\/pages\/1281"}],"collection":[{"href":"http:\/\/cornelia.siteware.ch\/cms\/wp-json\/wp\/v2\/pages"}],"about":[{"href":"http:\/\/cornelia.siteware.ch\/cms\/wp-json\/wp\/v2\/types\/page"}],"author":[{"embeddable":true,"href":"http:\/\/cornelia.siteware.ch\/cms\/wp-json\/wp\/v2\/users\/4"}],"replies":[{"embeddable":true,"href":"http:\/\/cornelia.siteware.ch\/cms\/wp-json\/wp\/v2\/comments?post=1281"}],"version-history":[{"count":3,"href":"http:\/\/cornelia.siteware.ch\/cms\/wp-json\/wp\/v2\/pages\/1281\/revisions"}],"predecessor-version":[{"id":1440,"href":"http:\/\/cornelia.siteware.ch\/cms\/wp-json\/wp\/v2\/pages\/1281\/revisions\/1440"}],"up":[{"embeddable":true,"href":"http:\/\/cornelia.siteware.ch\/cms\/wp-json\/wp\/v2\/pages\/1019"}],"wp:attachment":[{"href":"http:\/\/cornelia.siteware.ch\/cms\/wp-json\/wp\/v2\/media?parent=1281"}],"curies":[{"name":"wp","href":"https:\/\/api.w.org\/{rel}","templated":true}]}}