{"id":1252,"date":"2012-04-10T16:02:19","date_gmt":"2012-04-10T15:02:19","guid":{"rendered":"http:\/\/cornelia.siteware.ch\/cms\/?page_id=1252"},"modified":"2012-04-14T16:09:30","modified_gmt":"2012-04-14T15:09:30","slug":"typische-verben-zum-angeben-von-ort-und-ortswechsel","status":"publish","type":"page","link":"http:\/\/cornelia.siteware.ch\/cms\/daf-daz-2\/grammatik\/prapositionen\/wechselprapositionen-two-way-prepositions\/typische-verben-zum-angeben-von-ort-und-ortswechsel","title":{"rendered":"Typische Verben zum Angeben von Ort und Ortswechsel"},"content":{"rendered":"<h2>Tpyische Verben zum Angeben von Ort oder Ortswechsel<\/h2>\n<p><em><small>Typical Verbs to Indicate places and the change of places.<\/small><\/em><\/p>\n<p><a title=\"in den Park\"><img decoding=\"async\" loading=\"lazy\" title=\"wechselpraepositionen.png\" src=\"http:\/\/cornelia.siteware.ch\/cms\/wp-content\/uploads\/2012\/04\/Bild-210.png\" alt=\"\" width=\"706\" height=\"239\" \/><\/a><\/p>\n<p><strong>Beispiele<\/strong>:<\/p>\n<p>\u2666 Karin zieht in eine neue Wohnung. <strong>Wohin<\/strong> stellt sie die Dinge? (<strong>Akkusativ<\/strong>)<\/p>\n<ul>\n<li>Karin <em>stellt<\/em> den Tisch <strong>in die<\/strong> Mitte (f) des Zimmers.<\/li>\n<li>Sie <em>stellt<\/em> den Stuhl <strong>vor den<\/strong> Tisch (m) und die Tischdecke <em>legt<\/em> sie <strong>auf den<\/strong> Tisch.<\/li>\n<li>Das Regal <em>stellt<\/em> sie <strong>hinter den<\/strong> Tisch. Den Teddyb\u00e4ren <em>setzt<\/em> sie <strong>auf das<\/strong> Regal (n).<\/li>\n<li>Das Bild <em>h\u00e4ngt<\/em> sie <strong>an die<\/strong> Wand (f).<\/li>\n<li>Sie <em>tut<\/em> noch ein paar B\u00fccher <strong>auf das<\/strong> Regal und <em>stellt<\/em> die Blumen <strong>in die<\/strong> Vase (f).<\/li>\n<\/ul>\n<p>\u2666 Die Wohnung ist jetzt eingerichtet. <strong>Wo<\/strong> sind die Dinge? (<strong>Dativ<\/strong>)<\/p>\n<ul>\n<li>Der Tisch <em>steht<\/em> jetzt <strong>in der<\/strong> Mitte (f) des Zimmers.<\/li>\n<li>Der Stuhl st<em>e<\/em>ht <strong>vor dem<\/strong> Tisch (m) und die Tischdecke <em>liegt<\/em> <strong>auf dem<\/strong> Tisch.<\/li>\n<li>Das Regal <em>steht<\/em> <strong>hinter dem<\/strong> Tisch. <strong>Auf dem<\/strong> Regal (n) <em>sitzt<\/em> der Teddyb\u00e4r.<\/li>\n<li>Das Bild <em>h\u00e4ngt<\/em> <strong>an der<\/strong> Wand (f).<\/li>\n<li>Die B\u00fccher <em>sind<\/em> <strong>auf<\/strong> <strong>dem<\/strong> Regal und die Blumen <em>stehen<\/em> <strong>in der<\/strong> Vase (f).<\/li>\n<\/ul>\n<p><small><strong>Wortschatz<\/strong><br \/>\nin eine Wohnung ziehen = move into a new flat \/ stellen (stellt, stellte, hat gestellt) = put, place (vertically) \/ wohin = where to \/ das Ding, -e = thing \/ der Tisch, -e = table \/ die Mitte = the middle \/ des Zimmers = of the room \/ die Tischdecke, -n = tablecloth \/ legen (legt, legte, hat gelegt) = put, place (horizontally) \/ das Regal, -e = shelf \/ setzen (setzt, setzte, hat gesetzt) = to put in a sitting position \/ das Bild = picture, photo, tableau \/ h\u00e4ngen (h\u00e4ngt, h\u00e4ngte\/hing, hat geh\u00e4ngt\/ist gehangen) = hang \/ die Wand, W\u00e4nde = wall \/ tun (tut, tat, hat getan) = do \/ das Buch, B\u00fccher \/ die Blume, -n = flower \/ die Vase, -n = vase \/ die Wohnung, -en = flat \/ jetzt = now \/ eingerrichtet = furnished \/ wo = where \/ sitzen (sitzt, sass (D: sa\u00df), ist\/hat gesessen.<\/small><\/p>\n<p>&nbsp;<\/p>\n","protected":false},"excerpt":{"rendered":"<p>Tpyische Verben zum Angeben von Ort oder Ortswechsel Typical Verbs to Indicate places and the change of places. Beispiele: \u2666 Karin zieht in eine neue Wohnung. Wohin stellt sie die Dinge? (Akkusativ) Karin stellt den Tisch in die Mitte (f) des Zimmers. Sie stellt den Stuhl vor den Tisch (m) und die Tischdecke legt sie <a href='http:\/\/cornelia.siteware.ch\/cms\/daf-daz-2\/grammatik\/prapositionen\/wechselprapositionen-two-way-prepositions\/typische-verben-zum-angeben-von-ort-und-ortswechsel' class='excerpt-more'>[&#8230;]<\/a><\/p>\n","protected":false},"author":4,"featured_media":0,"parent":1021,"menu_order":1,"comment_status":"open","ping_status":"open","template":"","meta":{"footnotes":"","_links_to":"","_links_to_target":""},"_links":{"self":[{"href":"http:\/\/cornelia.siteware.ch\/cms\/wp-json\/wp\/v2\/pages\/1252"}],"collection":[{"href":"http:\/\/cornelia.siteware.ch\/cms\/wp-json\/wp\/v2\/pages"}],"about":[{"href":"http:\/\/cornelia.siteware.ch\/cms\/wp-json\/wp\/v2\/types\/page"}],"author":[{"embeddable":true,"href":"http:\/\/cornelia.siteware.ch\/cms\/wp-json\/wp\/v2\/users\/4"}],"replies":[{"embeddable":true,"href":"http:\/\/cornelia.siteware.ch\/cms\/wp-json\/wp\/v2\/comments?post=1252"}],"version-history":[{"count":4,"href":"http:\/\/cornelia.siteware.ch\/cms\/wp-json\/wp\/v2\/pages\/1252\/revisions"}],"predecessor-version":[{"id":1448,"href":"http:\/\/cornelia.siteware.ch\/cms\/wp-json\/wp\/v2\/pages\/1252\/revisions\/1448"}],"up":[{"embeddable":true,"href":"http:\/\/cornelia.siteware.ch\/cms\/wp-json\/wp\/v2\/pages\/1021"}],"wp:attachment":[{"href":"http:\/\/cornelia.siteware.ch\/cms\/wp-json\/wp\/v2\/media?parent=1252"}],"curies":[{"name":"wp","href":"https:\/\/api.w.org\/{rel}","templated":true}]}}