{"id":1128,"date":"2012-04-08T13:56:59","date_gmt":"2012-04-08T12:56:59","guid":{"rendered":"http:\/\/cornelia.siteware.ch\/cms\/?page_id=1128"},"modified":"2012-04-14T15:02:26","modified_gmt":"2012-04-14T14:02:26","slug":"formenubersicht-pronomen","status":"publish","type":"page","link":"http:\/\/cornelia.siteware.ch\/cms\/daf-daz-2\/grammatik\/nomen-artikel-und-pronomen\/faelle-kasus-the-case\/formenubersicht-pronomen","title":{"rendered":"Formen\u00fcbersicht Pronomen"},"content":{"rendered":"<p><strong>Tabelle zu den Personalpronomen im Nominativ, Akkusativ und Dativ:<\/strong><\/p>\n<p><a href=\"http:\/\/cornelia.siteware.ch\/cms\/wp-content\/uploads\/2012\/04\/Bild-217.png\"><img decoding=\"async\" loading=\"lazy\" class=\"alignnone size-full wp-image-1135\" title=\"faelle_personalpronomen.png\" src=\"http:\/\/cornelia.siteware.ch\/cms\/wp-content\/uploads\/2012\/04\/Bild-217.png\" alt=\"\u00dcbersicht \u00fcber die Personalpronomen in den verschiedenen F\u00e4llen\" width=\"492\" height=\"461\" srcset=\"http:\/\/cornelia.siteware.ch\/cms\/wp-content\/uploads\/2012\/04\/Bild-217.png 492w, http:\/\/cornelia.siteware.ch\/cms\/wp-content\/uploads\/2012\/04\/Bild-217-300x281.png 300w\" sizes=\"(max-width: 492px) 100vw, 492px\" \/><\/a><\/p>\n<p><strong>Tabelle zu den Possessivpronomen (auch Possessivartikel gennant) im Nominativ, Akkusativ und Dativ<\/strong><\/p>\n<p><a href=\"http:\/\/cornelia.siteware.ch\/cms\/wp-content\/uploads\/2012\/04\/Bild-216.png\"><img decoding=\"async\" loading=\"lazy\" class=\"alignnone size-full wp-image-1136\" title=\"uebersicht_possessivakrtikel.png\" src=\"http:\/\/cornelia.siteware.ch\/cms\/wp-content\/uploads\/2012\/04\/Bild-216.png\" alt=\"\u00dcbersicht \u00fcber die Possessivartikel in den verschiedenen F\u00e4llen\" width=\"559\" height=\"495\" srcset=\"http:\/\/cornelia.siteware.ch\/cms\/wp-content\/uploads\/2012\/04\/Bild-216.png 559w, http:\/\/cornelia.siteware.ch\/cms\/wp-content\/uploads\/2012\/04\/Bild-216-300x265.png 300w\" sizes=\"(max-width: 559px) 100vw, 559px\" \/><\/a><\/p>\n","protected":false},"excerpt":{"rendered":"<p>Tabelle zu den Personalpronomen im Nominativ, Akkusativ und Dativ: Tabelle zu den Possessivpronomen (auch Possessivartikel gennant) im Nominativ, Akkusativ und Dativ<\/p>\n","protected":false},"author":4,"featured_media":0,"parent":1080,"menu_order":0,"comment_status":"open","ping_status":"closed","template":"","meta":{"footnotes":"","_links_to":"","_links_to_target":""},"_links":{"self":[{"href":"http:\/\/cornelia.siteware.ch\/cms\/wp-json\/wp\/v2\/pages\/1128"}],"collection":[{"href":"http:\/\/cornelia.siteware.ch\/cms\/wp-json\/wp\/v2\/pages"}],"about":[{"href":"http:\/\/cornelia.siteware.ch\/cms\/wp-json\/wp\/v2\/types\/page"}],"author":[{"embeddable":true,"href":"http:\/\/cornelia.siteware.ch\/cms\/wp-json\/wp\/v2\/users\/4"}],"replies":[{"embeddable":true,"href":"http:\/\/cornelia.siteware.ch\/cms\/wp-json\/wp\/v2\/comments?post=1128"}],"version-history":[{"count":4,"href":"http:\/\/cornelia.siteware.ch\/cms\/wp-json\/wp\/v2\/pages\/1128\/revisions"}],"predecessor-version":[{"id":1137,"href":"http:\/\/cornelia.siteware.ch\/cms\/wp-json\/wp\/v2\/pages\/1128\/revisions\/1137"}],"up":[{"embeddable":true,"href":"http:\/\/cornelia.siteware.ch\/cms\/wp-json\/wp\/v2\/pages\/1080"}],"wp:attachment":[{"href":"http:\/\/cornelia.siteware.ch\/cms\/wp-json\/wp\/v2\/media?parent=1128"}],"curies":[{"name":"wp","href":"https:\/\/api.w.org\/{rel}","templated":true}]}}