{"id":1087,"date":"2012-04-08T12:29:33","date_gmt":"2012-04-08T11:29:33","guid":{"rendered":"http:\/\/cornelia.siteware.ch\/cms\/?page_id=1087"},"modified":"2012-04-08T12:30:05","modified_gmt":"2012-04-08T11:30:05","slug":"nomen-artikel-und-pronomen","status":"publish","type":"page","link":"http:\/\/cornelia.siteware.ch\/cms\/daf-daz-2\/grammatik\/nomen-artikel-und-pronomen","title":{"rendered":"Nomen, Artikel und Pronomen"},"content":{"rendered":"<div id=\"shailan-subpages-1087-1\"><ul class=\"subpages\"><li class=\"page_item page-item-1084\"><a href=\"http:\/\/cornelia.siteware.ch\/cms\/daf-daz-2\/grammatik\/nomen-artikel-und-pronomen\/grammatikbegriffe-die-falle\"  rel=\"\">Grammatikbegriffe: Nomen, Pronomen und Artikel<\/a><\/li>\n<li class=\"page_item page-item-1104\"><a href=\"http:\/\/cornelia.siteware.ch\/cms\/daf-daz-2\/grammatik\/nomen-artikel-und-pronomen\/artikel-der-die-das-ein-eine-articles\"  rel=\"\">Artikel (der, die, das, ein, eine ...) - Articles<\/a>\n<ul class='children'>\n\t<li class=\"page_item page-item-1109\"><a href=\"http:\/\/cornelia.siteware.ch\/cms\/daf-daz-2\/grammatik\/nomen-artikel-und-pronomen\/artikel-der-die-das-ein-eine-articles\/der-bestimmte-artikel\"  rel=\"\">der bestimmte Artikel<\/a><\/li>\n\t<li class=\"page_item page-item-1111\"><a href=\"http:\/\/cornelia.siteware.ch\/cms\/daf-daz-2\/grammatik\/nomen-artikel-und-pronomen\/artikel-der-die-das-ein-eine-articles\/der-unbestimmte-artikel-undefined-article\"  rel=\"\">der unbestimmte Artikel - undefined article<\/a><\/li>\n\t<li class=\"page_item page-item-1459\"><a href=\"http:\/\/cornelia.siteware.ch\/cms\/daf-daz-2\/grammatik\/nomen-artikel-und-pronomen\/artikel-der-die-das-ein-eine-articles\/kein-artikel-nullartikel-no-article\"  rel=\"\">Kein Artikel (Nullartikel) - no article<\/a><\/li>\n\t<li class=\"page_item page-item-1350\"><a href=\"http:\/\/cornelia.siteware.ch\/cms\/daf-daz-2\/grammatik\/nomen-artikel-und-pronomen\/artikel-der-die-das-ein-eine-articles\/artikel-bei-landernamen-articles-and-names-of-countries\"  rel=\"\">Artikel bei L\u00e4ndernamen - Articles and Names of Countries<\/a><\/li>\n<\/ul>\n<\/li>\n<li class=\"page_item page-item-1468\"><a href=\"http:\/\/cornelia.siteware.ch\/cms\/daf-daz-2\/grammatik\/nomen-artikel-und-pronomen\/genus-grammatical-gender\"  rel=\"\">Genus - Grammatical Gender<\/a><\/li>\n<li class=\"page_item page-item-1080\"><a href=\"http:\/\/cornelia.siteware.ch\/cms\/daf-daz-2\/grammatik\/nomen-artikel-und-pronomen\/faelle-kasus-the-case\"  rel=\"\">Die F\u00e4lle (Kasus) - The cases<\/a>\n<ul class='children'>\n\t<li class=\"page_item page-item-1121\"><a href=\"http:\/\/cornelia.siteware.ch\/cms\/daf-daz-2\/grammatik\/nomen-artikel-und-pronomen\/faelle-kasus-the-case\/formenubersicht-nomen-und-artikel\"  rel=\"\">Formen\u00fcbersicht Nomen und Artikel<\/a>\n\t<ul class='children'>\n\t\t<li class=\"page_item page-item-1490\"><a href=\"http:\/\/cornelia.siteware.ch\/cms\/daf-daz-2\/grammatik\/nomen-artikel-und-pronomen\/faelle-kasus-the-case\/formenubersicht-nomen-und-artikel\/adjektive-als-nomen\"  rel=\"\">Adjektive als Nomen<\/a><\/li>\n\t\t<li class=\"page_item page-item-1473\"><a href=\"http:\/\/cornelia.siteware.ch\/cms\/daf-daz-2\/grammatik\/nomen-artikel-und-pronomen\/faelle-kasus-the-case\/formenubersicht-nomen-und-artikel\/nomen-mit-spezieller-deklination\"  rel=\"\">n-Deklination<\/a><\/li>\n\t<\/ul>\n<\/li>\n\t<li class=\"page_item page-item-1128\"><a href=\"http:\/\/cornelia.siteware.ch\/cms\/daf-daz-2\/grammatik\/nomen-artikel-und-pronomen\/faelle-kasus-the-case\/formenubersicht-pronomen\"  rel=\"\">Formen\u00fcbersicht Pronomen<\/a><\/li>\n\t<li class=\"page_item page-item-1178\"><a href=\"http:\/\/cornelia.siteware.ch\/cms\/daf-daz-2\/grammatik\/nomen-artikel-und-pronomen\/faelle-kasus-the-case\/nominalgruppen-noun-groups\"  rel=\"\">Nominalgruppen - Noun groups<\/a><\/li>\n\t<li class=\"page_item page-item-1195\"><a href=\"http:\/\/cornelia.siteware.ch\/cms\/daf-daz-2\/grammatik\/nomen-artikel-und-pronomen\/faelle-kasus-the-case\/was-sind-die-falle-what-are-cases\"  rel=\"\">Was sind die F\u00e4lle - What are cases?<\/a><\/li>\n<\/ul>\n<\/li>\n<\/ul><\/div>\n","protected":false},"excerpt":{"rendered":"<p>Grammatikbegriffe: Nomen, Pronomen und Artikel Artikel (der, die, das, ein, eine &#8230;) &#8211; Articles der bestimmte Artikel der unbestimmte Artikel &#8211; undefined article Kein Artikel (Nullartikel) &#8211; no article Artikel bei L\u00e4ndernamen &#8211; Articles and Names of Countries Genus &#8211; Grammatical Gender Die F\u00e4lle (Kasus) &#8211; The cases Formen\u00fcbersicht Nomen und Artikel Adjektive als Nomen <a href='http:\/\/cornelia.siteware.ch\/cms\/daf-daz-2\/grammatik\/nomen-artikel-und-pronomen' class='excerpt-more'>[&#8230;]<\/a><\/p>\n","protected":false},"author":4,"featured_media":0,"parent":4,"menu_order":0,"comment_status":"closed","ping_status":"closed","template":"","meta":{"footnotes":"","_links_to":"","_links_to_target":""},"_links":{"self":[{"href":"http:\/\/cornelia.siteware.ch\/cms\/wp-json\/wp\/v2\/pages\/1087"}],"collection":[{"href":"http:\/\/cornelia.siteware.ch\/cms\/wp-json\/wp\/v2\/pages"}],"about":[{"href":"http:\/\/cornelia.siteware.ch\/cms\/wp-json\/wp\/v2\/types\/page"}],"author":[{"embeddable":true,"href":"http:\/\/cornelia.siteware.ch\/cms\/wp-json\/wp\/v2\/users\/4"}],"replies":[{"embeddable":true,"href":"http:\/\/cornelia.siteware.ch\/cms\/wp-json\/wp\/v2\/comments?post=1087"}],"version-history":[{"count":3,"href":"http:\/\/cornelia.siteware.ch\/cms\/wp-json\/wp\/v2\/pages\/1087\/revisions"}],"predecessor-version":[{"id":1092,"href":"http:\/\/cornelia.siteware.ch\/cms\/wp-json\/wp\/v2\/pages\/1087\/revisions\/1092"}],"up":[{"embeddable":true,"href":"http:\/\/cornelia.siteware.ch\/cms\/wp-json\/wp\/v2\/pages\/4"}],"wp:attachment":[{"href":"http:\/\/cornelia.siteware.ch\/cms\/wp-json\/wp\/v2\/media?parent=1087"}],"curies":[{"name":"wp","href":"https:\/\/api.w.org\/{rel}","templated":true}]}}